{"id":3691,"date":"2025-12-06T11:15:32","date_gmt":"2025-12-06T03:15:32","guid":{"rendered":"https:\/\/ecmicrophones.com\/?post_type=product&#038;p=3691"},"modified":"2026-04-07T14:30:58","modified_gmt":"2026-04-07T06:30:58","slug":"waterproof-dynamic-microphone-capsule-for-marine-vhf-intercoms","status":"publish","type":"product","link":"https:\/\/ecmicrophones.com\/de\/waterproof-dynamic-microphone-capsule-for-marine-vhf-intercoms\/","title":{"rendered":"Wasserdichte dynamische Mikrofonkapsel f\u00fcr Marine-VHF-Gegensprechanlagen"},"content":{"rendered":"<h2 class=\"text-start\">Technische Daten<\/h2>\n<p class=\"text-start\">Die ECM-DMP-21F ist eine wasserdichte, unidirektionale dynamische Mikrofonkapsel, die f\u00fcr marine VHF-Gegensprechanlagen und robuste Kommunikationsger\u00e4te f\u00fcr den Au\u00dfenbereich entwickelt wurde. Sie verf\u00fcgt \u00fcber eine unidirektionale Richtcharakteristik mit einem f\u00fcr klare Sprach\u00fcbertragung optimierten Frequenzgang zwischen 100 Hz und 8 kHz, wodurch auch unter lauten oder nassen Bedingungen eine verst\u00e4ndliche Sprach\u00fcbertragung gew\u00e4hrleistet ist.<\/p>\n<p class=\"text-start\">Der ECM-DMP-21F besteht aus feuchtigkeitsbest\u00e4ndigen Komponenten und verf\u00fcgt \u00fcber ein versiegeltes Geh\u00e4use, wodurch er zuverl\u00e4ssige Wasserdichtigkeit bietet. Dank seiner kompakten Abmessungen von 31,5 \u00d7 16,2 mm und einer Ausgangsimpedanz von 200 \u03a9 l\u00e4sst er sich leicht in verschiedene Marine- und Outdoor-Gegensprechanlagen integrieren, die Langlebigkeit, Stabilit\u00e4t und gleichbleibende Sprachverst\u00e4ndlichkeit erfordern.<\/p>\n<h3 class=\"pt-5 text-start\">Explosionszeichnung &amp; Teileliste<\/h3>\n<p><img loading=\"lazy\" decoding=\"async\" class=\"alignnone wp-image-3877 size-full\" src=\"https:\/\/ecmicrophones.com\/wp-content\/uploads\/2025\/12\/dynamic-part_ecm-dmp21f-1.png\" alt=\"ECM-DMP-21F Explosionsdarstellung: Hauptkomponenten, darunter wasserdichter Schwamm, Membran, Spule, Magnetbaugruppe und Halterung\" width=\"570\" height=\"310\" srcset=\"https:\/\/ecmicrophones.com\/wp-content\/uploads\/2025\/12\/dynamic-part_ecm-dmp21f-1.png 570w, https:\/\/ecmicrophones.com\/wp-content\/uploads\/2025\/12\/dynamic-part_ecm-dmp21f-1-300x163.png 300w, https:\/\/ecmicrophones.com\/wp-content\/uploads\/2025\/12\/dynamic-part_ecm-dmp21f-1-18x10.png 18w\" sizes=\"auto, (max-width: 570px) 100vw, 570px\" \/><\/p>\n<p>Strukturelle Zerlegung mit wasserdichtem Schwamm, Schutzabdeckung, Membran, Spule, Magnetstahl, Eisenbeh\u00e4ltern, Halterung und Leiterplattenbaugruppe.<\/p>\n<h3 class=\"pt-5 text-start\">Frequenzgang-Kurve<\/h3>\n<p><img loading=\"lazy\" decoding=\"async\" class=\"alignnone size-full wp-image-3697\" src=\"https:\/\/ecmicrophones.com\/wp-content\/uploads\/2025\/12\/response-curve_ecm-dmp21f.png\" alt=\"ECM-DMP-21F Frequenzgang: vor allem im Bereich von 100 Hz bis 8 kHz f\u00fcr optimale Sprachverst\u00e4ndlichkeit\" width=\"570\" height=\"471\" srcset=\"https:\/\/ecmicrophones.com\/wp-content\/uploads\/2025\/12\/response-curve_ecm-dmp21f.png 570w, https:\/\/ecmicrophones.com\/wp-content\/uploads\/2025\/12\/response-curve_ecm-dmp21f-300x248.png 300w, https:\/\/ecmicrophones.com\/wp-content\/uploads\/2025\/12\/response-curve_ecm-dmp21f-15x12.png 15w\" sizes=\"auto, (max-width: 570px) 100vw, 570px\" \/><\/p>\n<p>Frequenzgang im Bereich von 100 Hz bis 8 kHz f\u00fcr optimierte Sprachverst\u00e4ndlichkeit.<\/p>\n<h3 class=\"pt-5 text-start\">Abmessungen (UNIT: mm)<\/h3>\n<p><img loading=\"lazy\" decoding=\"async\" class=\"alignnone size-full wp-image-3696\" src=\"https:\/\/ecmicrophones.com\/wp-content\/uploads\/2025\/12\/appearance-size_ecm-dmp21f.png\" alt=\"ECM-DMP-21F Abmessungen: 31,5 \u00d7 16,2 mm kompakte wasserdichte dynamische Mikrofonkapsel\" width=\"403\" height=\"389\" srcset=\"https:\/\/ecmicrophones.com\/wp-content\/uploads\/2025\/12\/appearance-size_ecm-dmp21f.png 403w, https:\/\/ecmicrophones.com\/wp-content\/uploads\/2025\/12\/appearance-size_ecm-dmp21f-300x290.png 300w, https:\/\/ecmicrophones.com\/wp-content\/uploads\/2025\/12\/appearance-size_ecm-dmp21f-12x12.png 12w\" sizes=\"auto, (max-width: 403px) 100vw, 403px\" \/><\/p>\n<p>Kompaktes, wasserdichtes Geh\u00e4use mit den Ma\u00dfen 31,5 \u00d7 16,2 mm.<\/p>","protected":false},"excerpt":{"rendered":"<p>Wasserdichte, unidirektionale dynamische Mikrofonkapsel (31,5 \u00d7 16,2 mm) f\u00fcr Marine-VHF-Gegensprechanlagen, die auch in lauten und feuchten Umgebungen eine klare Sprachaufnahme gew\u00e4hrleistet.<\/p>","protected":false},"featured_media":3693,"comment_status":"open","ping_status":"closed","template":"","meta":[],"product_brand":[721],"product_cat":[17],"product_tag":[726,109],"class_list":{"0":"post-3691","1":"product","2":"type-product","3":"status-publish","4":"has-post-thumbnail","6":"product_brand-ecmic","7":"product_cat-dynamic-microphones","8":"product_tag-31mm-dynamic","9":"product_tag-intercom","11":"first","12":"instock","13":"shipping-taxable","14":"purchasable","15":"product-type-simple"},"_links":{"self":[{"href":"https:\/\/ecmicrophones.com\/de\/wp-json\/wp\/v2\/product\/3691","targetHints":{"allow":["GET"]}}],"collection":[{"href":"https:\/\/ecmicrophones.com\/de\/wp-json\/wp\/v2\/product"}],"about":[{"href":"https:\/\/ecmicrophones.com\/de\/wp-json\/wp\/v2\/types\/product"}],"replies":[{"embeddable":true,"href":"https:\/\/ecmicrophones.com\/de\/wp-json\/wp\/v2\/comments?post=3691"}],"wp:featuredmedia":[{"embeddable":true,"href":"https:\/\/ecmicrophones.com\/de\/wp-json\/wp\/v2\/media\/3693"}],"wp:attachment":[{"href":"https:\/\/ecmicrophones.com\/de\/wp-json\/wp\/v2\/media?parent=3691"}],"wp:term":[{"taxonomy":"product_brand","embeddable":true,"href":"https:\/\/ecmicrophones.com\/de\/wp-json\/wp\/v2\/product_brand?post=3691"},{"taxonomy":"product_cat","embeddable":true,"href":"https:\/\/ecmicrophones.com\/de\/wp-json\/wp\/v2\/product_cat?post=3691"},{"taxonomy":"product_tag","embeddable":true,"href":"https:\/\/ecmicrophones.com\/de\/wp-json\/wp\/v2\/product_tag?post=3691"}],"curies":[{"name":"wp","href":"https:\/\/api.w.org\/{rel}","templated":true}]}}