{"id":464,"date":"2024-04-28T05:43:16","date_gmt":"2024-04-28T05:43:16","guid":{"rendered":"https:\/\/ecmicrophones.com\/?post_type=product&#038;p=464"},"modified":"2026-03-19T15:48:57","modified_gmt":"2026-03-19T07:48:57","slug":"25mm-cardioid-electret-microphone-cartridge","status":"publish","type":"product","link":"https:\/\/ecmicrophones.com\/de\/25mm-cardioid-electret-microphone-cartridge\/","title":{"rendered":"25-mm-Elektretmikrofonkapsel mit Nierencharakteristik"},"content":{"rendered":"<h2 class=\"text-start\">Technische Daten<\/h2>\n<p class=\"text-start\">Unser 2583-Mikrofonkern garantiert Hi-Fi-Audio mit einer Verzerrungsrate von 120\u00a0dB THD\u22641% und einem beeindruckenden Signal-Rausch-Verh\u00e4ltnis von 83\u00a0dB.<\/p>\n<h3 class=\"pt-5 text-start\">Standardtestschaltung<\/h3>\n<p><img loading=\"lazy\" decoding=\"async\" class=\"alignnone size-full wp-image-467\" src=\"https:\/\/ecmicrophones.com\/wp-content\/uploads\/2024\/04\/standard-test-circuit_ecm-b2583uml32-23861.png\" alt=\"ECM-B2583UML32-23861 Standard-Testschaltung: 15k\u03a9 Last, 2V Versorgung, 1\u03bcF Ausgang\" width=\"613\" height=\"261\" srcset=\"https:\/\/ecmicrophones.com\/wp-content\/uploads\/2024\/04\/standard-test-circuit_ecm-b2583uml32-23861.png 613w, https:\/\/ecmicrophones.com\/wp-content\/uploads\/2024\/04\/standard-test-circuit_ecm-b2583uml32-23861-300x128.png 300w, https:\/\/ecmicrophones.com\/wp-content\/uploads\/2024\/04\/standard-test-circuit_ecm-b2583uml32-23861-18x8.png 18w, https:\/\/ecmicrophones.com\/wp-content\/uploads\/2024\/04\/standard-test-circuit_ecm-b2583uml32-23861-600x255.png 600w\" sizes=\"auto, (max-width: 613px) 100vw, 613px\" \/><\/p>\n<p>Getestet mit einem 15k\u03a9-Lastwiderstand, einer 2-V-Gleichstromversorgung und einem 1\u03bcF-Kopplungskondensator.<\/p>\n<h3 class=\"pt-5 text-start\">Typischer Frequenzgang<\/h3>\n<p><img loading=\"lazy\" decoding=\"async\" class=\"alignnone size-full wp-image-468\" src=\"https:\/\/ecmicrophones.com\/wp-content\/uploads\/2024\/04\/typical-frequency-response_ecm-b2583uml32-23861.png\" alt=\"ECM-B2583UML32-23861 Frequenzgangkurve\" width=\"554\" height=\"352\" srcset=\"https:\/\/ecmicrophones.com\/wp-content\/uploads\/2024\/04\/typical-frequency-response_ecm-b2583uml32-23861.png 554w, https:\/\/ecmicrophones.com\/wp-content\/uploads\/2024\/04\/typical-frequency-response_ecm-b2583uml32-23861-300x191.png 300w, https:\/\/ecmicrophones.com\/wp-content\/uploads\/2024\/04\/typical-frequency-response_ecm-b2583uml32-23861-18x12.png 18w\" sizes=\"auto, (max-width: 554px) 100vw, 554px\" \/><\/p>\n<p>Der Frequenzgang weist einen deutlichen Anstieg von 3 kHz bis 5 kHz auf und erreicht einen deutlichen H\u00f6hepunkt, bevor er ab 6 kHz stark abf\u00e4llt. Dies sorgt f\u00fcr eine starke Pr\u00e4senz im Mitteltonbereich und einen kontrollierten Hochtonabfall.<\/p>\n<h3 class=\"pt-5 text-start\">Abmessungen (UNIT: mm)<\/h3>\n<p><img loading=\"lazy\" decoding=\"async\" class=\"alignnone size-full wp-image-469\" src=\"https:\/\/ecmicrophones.com\/wp-content\/uploads\/2024\/04\/appearance-dimension_ecm-b2583uml32-23861.png\" alt=\"Abmessungen von ECM-B2583UML32-23861: \u03a625\u00d78,3mm\" width=\"615\" height=\"403\" srcset=\"https:\/\/ecmicrophones.com\/wp-content\/uploads\/2024\/04\/appearance-dimension_ecm-b2583uml32-23861.png 615w, https:\/\/ecmicrophones.com\/wp-content\/uploads\/2024\/04\/appearance-dimension_ecm-b2583uml32-23861-300x197.png 300w, https:\/\/ecmicrophones.com\/wp-content\/uploads\/2024\/04\/appearance-dimension_ecm-b2583uml32-23861-18x12.png 18w, https:\/\/ecmicrophones.com\/wp-content\/uploads\/2024\/04\/appearance-dimension_ecm-b2583uml32-23861-600x393.png 600w\" sizes=\"auto, (max-width: 615px) 100vw, 615px\" \/><\/p>\n<p>Gro\u00dfe Kapsel mit den Ma\u00dfen \u03a625 \u00d7 8,3 mm und einem r\u00fcckw\u00e4rtigen akustischen Einlass f\u00fcr eine verbesserte Schallabnahme.<\/p>","protected":false},"excerpt":{"rendered":"<p>Das ECM-B2583UML32-23861 ist eine unidirektionale Elektretmikrofonkapsel mit den Abmessungen 25 x 8,3 mm, einer Empfindlichkeit von -32 dB\u00b12 und einem SNR von 83 dB, geeignet f\u00fcr professionelle Karaoke-Mikrofone, Mikrofone f\u00fcr Live-\u00dcbertragungen und Studio-Aufnahmeger\u00e4te.<\/p>","protected":false},"featured_media":2540,"comment_status":"open","ping_status":"closed","template":"","meta":[],"product_brand":[721],"product_cat":[21,16],"product_tag":[278,410,288,116],"class_list":{"0":"post-464","1":"product","2":"type-product","3":"status-publish","4":"has-post-thumbnail","6":"product_brand-ecmic","7":"product_cat-unidirectional-microphones","8":"product_cat-electret-microphones","9":"product_tag-25mm","10":"product_tag-high-snr","11":"product_tag-solder-pads","12":"product_tag-vocal","14":"first","15":"instock","16":"shipping-taxable","17":"purchasable","18":"product-type-simple"},"_links":{"self":[{"href":"https:\/\/ecmicrophones.com\/de\/wp-json\/wp\/v2\/product\/464","targetHints":{"allow":["GET"]}}],"collection":[{"href":"https:\/\/ecmicrophones.com\/de\/wp-json\/wp\/v2\/product"}],"about":[{"href":"https:\/\/ecmicrophones.com\/de\/wp-json\/wp\/v2\/types\/product"}],"replies":[{"embeddable":true,"href":"https:\/\/ecmicrophones.com\/de\/wp-json\/wp\/v2\/comments?post=464"}],"wp:featuredmedia":[{"embeddable":true,"href":"https:\/\/ecmicrophones.com\/de\/wp-json\/wp\/v2\/media\/2540"}],"wp:attachment":[{"href":"https:\/\/ecmicrophones.com\/de\/wp-json\/wp\/v2\/media?parent=464"}],"wp:term":[{"taxonomy":"product_brand","embeddable":true,"href":"https:\/\/ecmicrophones.com\/de\/wp-json\/wp\/v2\/product_brand?post=464"},{"taxonomy":"product_cat","embeddable":true,"href":"https:\/\/ecmicrophones.com\/de\/wp-json\/wp\/v2\/product_cat?post=464"},{"taxonomy":"product_tag","embeddable":true,"href":"https:\/\/ecmicrophones.com\/de\/wp-json\/wp\/v2\/product_tag?post=464"}],"curies":[{"name":"wp","href":"https:\/\/api.w.org\/{rel}","templated":true}]}}