{"id":49,"date":"2024-03-27T10:20:22","date_gmt":"2024-03-27T10:20:22","guid":{"rendered":"https:\/\/ecmicrophones.com\/?post_type=product&#038;p=49"},"modified":"2026-03-19T15:39:24","modified_gmt":"2026-03-19T07:39:24","slug":"broadcast-headset-microphone-capsule-6mm","status":"publish","type":"product","link":"https:\/\/ecmicrophones.com\/de\/broadcast-headset-microphone-capsule-6mm\/","title":{"rendered":"Broadcast-Headset-Mikrofonkapsel 6 mm"},"content":{"rendered":"<h2 class=\"text-start\">Technische Daten<\/h2>\n<p class=\"text-start\">Unser 6027-Mikrofonkopf verf\u00fcgt \u00fcber einen hochwertigen Nierenmikrofonkern mit breitem Frequenzgang und zeichnet sich durch hervorragende Ger\u00e4uschunterdr\u00fcckung und Interferenzfestigkeit aus, wodurch eine klare Audioaufnahme gew\u00e4hrleistet wird.<\/p>\n<h3 class=\"pt-5 text-start\">Standardtestschaltung<\/h3>\n<p><img loading=\"lazy\" decoding=\"async\" class=\"alignnone size-full wp-image-236\" src=\"https:\/\/ecmicrophones.com\/wp-content\/uploads\/2024\/03\/standard-test-circuit_ecm-b6027ul-906.png\" alt=\"ECM-B6027UL Testschaltung: 2,2k\u03a9 Vorspannung, 2V Versorgung, 1\u03bcF Ausgang\" width=\"515\" height=\"219\" srcset=\"https:\/\/ecmicrophones.com\/wp-content\/uploads\/2024\/03\/standard-test-circuit_ecm-b6027ul-906.png 515w, https:\/\/ecmicrophones.com\/wp-content\/uploads\/2024\/03\/standard-test-circuit_ecm-b6027ul-906-300x128.png 300w, https:\/\/ecmicrophones.com\/wp-content\/uploads\/2024\/03\/standard-test-circuit_ecm-b6027ul-906-18x8.png 18w\" sizes=\"auto, (max-width: 515px) 100vw, 515px\" \/><\/p>\n<p>2,2k\u03a9 Vorspannungswiderstand, 2V Versorgung, 1\u03bcF Ausgangskappe. Optimiert f\u00fcr Sprachanwendungen.<\/p>\n<h3 class=\"pt-5 text-start\">Typischer Frequenzgang<\/h3>\n<p><img loading=\"lazy\" decoding=\"async\" class=\"alignnone wp-image-3043 size-large\" src=\"https:\/\/ecmicrophones.com\/wp-content\/uploads\/2024\/03\/typical-frequency-response-ecm-b6027ul-906-1-1024x469.png\" alt=\"ECM-B6027UL Frequenzgang: 100Hz-16kHz ansteigende Kurve\" width=\"1024\" height=\"469\" srcset=\"https:\/\/ecmicrophones.com\/wp-content\/uploads\/2024\/03\/typical-frequency-response-ecm-b6027ul-906-1-1024x469.png 1024w, https:\/\/ecmicrophones.com\/wp-content\/uploads\/2024\/03\/typical-frequency-response-ecm-b6027ul-906-1-300x137.png 300w, https:\/\/ecmicrophones.com\/wp-content\/uploads\/2024\/03\/typical-frequency-response-ecm-b6027ul-906-1-768x351.png 768w, https:\/\/ecmicrophones.com\/wp-content\/uploads\/2024\/03\/typical-frequency-response-ecm-b6027ul-906-1-18x8.png 18w, https:\/\/ecmicrophones.com\/wp-content\/uploads\/2024\/03\/typical-frequency-response-ecm-b6027ul-906-1-600x275.png 600w, https:\/\/ecmicrophones.com\/wp-content\/uploads\/2024\/03\/typical-frequency-response-ecm-b6027ul-906-1.png 1263w\" sizes=\"auto, (max-width: 1024px) 100vw, 1024px\" \/><\/p>\n<p>100Hz-16kHz ansteigender Kurvenverlauf.<\/p>\n<h3 class=\"pt-5 text-start\">Abmessungen (Einheit: mm)<\/h3>\n<p><img loading=\"lazy\" decoding=\"async\" class=\"alignnone wp-image-3044 size-full\" src=\"https:\/\/ecmicrophones.com\/wp-content\/uploads\/2024\/03\/appearance-dimension_ecm-b6027ul-906-2.png\" alt=\"ECM-B6027UL Abmessungen: \u03a66\u00d72,7mm mit Staubschutzgitter auf der Vorderseite und akustischer \u00d6ffnung auf der R\u00fcckseite\" width=\"332\" height=\"402\" srcset=\"https:\/\/ecmicrophones.com\/wp-content\/uploads\/2024\/03\/appearance-dimension_ecm-b6027ul-906-2.png 332w, https:\/\/ecmicrophones.com\/wp-content\/uploads\/2024\/03\/appearance-dimension_ecm-b6027ul-906-2-248x300.png 248w, https:\/\/ecmicrophones.com\/wp-content\/uploads\/2024\/03\/appearance-dimension_ecm-b6027ul-906-2-10x12.png 10w\" sizes=\"auto, (max-width: 332px) 100vw, 332px\" \/><\/p>\n<p>\u03a66\u00d72,7 mm mit Staubschutzgitter auf der Vorderseite und akustischer \u00d6ffnung auf der R\u00fcckseite.<\/p>","protected":false},"excerpt":{"rendered":"<p>Das ECM-B6027UL-906 ist eine unidirektionale Mikrofonkapsel mit 6 \u00d7 2,7 mm, die f\u00fcr On-Set-Headsets und Produktions-Headsets entwickelt wurde. Mit einer Empfindlichkeit von -35 dB\u00b12 und einem Signal-Rausch-Verh\u00e4ltnis von 60 dB sorgt es f\u00fcr eine klare Audio\u00fcbertragung in verschiedenen Broadcast-Szenarien. Ideal f\u00fcr On-Set-Headsets und Produktions-Headset-Anwendungen.<\/p>","protected":false},"featured_media":2490,"comment_status":"open","ping_status":"closed","template":"","meta":[],"product_brand":[721],"product_cat":[16,21],"product_tag":[283,235,288],"class_list":{"0":"post-49","1":"product","2":"type-product","3":"status-publish","4":"has-post-thumbnail","6":"product_brand-ecmic","7":"product_cat-electret-microphones","8":"product_cat-unidirectional-microphones","9":"product_tag-6mm","10":"product_tag-conference","11":"product_tag-solder-pads","13":"first","14":"instock","15":"shipping-taxable","16":"purchasable","17":"product-type-simple"},"_links":{"self":[{"href":"https:\/\/ecmicrophones.com\/de\/wp-json\/wp\/v2\/product\/49","targetHints":{"allow":["GET"]}}],"collection":[{"href":"https:\/\/ecmicrophones.com\/de\/wp-json\/wp\/v2\/product"}],"about":[{"href":"https:\/\/ecmicrophones.com\/de\/wp-json\/wp\/v2\/types\/product"}],"replies":[{"embeddable":true,"href":"https:\/\/ecmicrophones.com\/de\/wp-json\/wp\/v2\/comments?post=49"}],"wp:featuredmedia":[{"embeddable":true,"href":"https:\/\/ecmicrophones.com\/de\/wp-json\/wp\/v2\/media\/2490"}],"wp:attachment":[{"href":"https:\/\/ecmicrophones.com\/de\/wp-json\/wp\/v2\/media?parent=49"}],"wp:term":[{"taxonomy":"product_brand","embeddable":true,"href":"https:\/\/ecmicrophones.com\/de\/wp-json\/wp\/v2\/product_brand?post=49"},{"taxonomy":"product_cat","embeddable":true,"href":"https:\/\/ecmicrophones.com\/de\/wp-json\/wp\/v2\/product_cat?post=49"},{"taxonomy":"product_tag","embeddable":true,"href":"https:\/\/ecmicrophones.com\/de\/wp-json\/wp\/v2\/product_tag?post=49"}],"curies":[{"name":"wp","href":"https:\/\/api.w.org\/{rel}","templated":true}]}}