{"id":544,"date":"2024-05-10T02:57:34","date_gmt":"2024-05-10T02:57:34","guid":{"rendered":"https:\/\/ecmicrophones.com\/?post_type=product&#038;p=544"},"modified":"2026-03-19T15:43:37","modified_gmt":"2026-03-19T07:43:37","slug":"compact-analog-mems-silicon-microphone","status":"publish","type":"product","link":"https:\/\/ecmicrophones.com\/de\/compact-analog-mems-silicon-microphone\/","title":{"rendered":"Ultrakompaktes analoges MEMS-Mikrofon - hohe Empfindlichkeit und geringer Stromverbrauch"},"content":{"rendered":"<h2 class=\"text-start\">Technische Daten<\/h2>\n<p class=\"text-start\">Das ECM-M2718-4256M ist ein ultrakompaktes analoges MEMS-Mikrofon, das f\u00fcr Unterhaltungselektronik mit begrenztem Platzangebot entwickelt wurde. Mit einer Empfindlichkeit von -42dBV\/Pa \u00b13dB und 56dB SNR liefert es zuverl\u00e4ssige Audioaufnahmen in einem winzigen Formfaktor. Sein akustischer \u00dcbersteuerungspunkt von 130 dB SPL sorgt f\u00fcr verzerrungsfreie Aufnahmen auch in Umgebungen mit hoher Lautst\u00e4rke. Die Betriebsspannung reicht von 1,5 V bis 3,6 V und ist damit ideal f\u00fcr batteriebetriebene Ger\u00e4te. Das Mikrofon verf\u00fcgt \u00fcber einen robusten ESD-Schutz (\u00b18kV Kontakt) und eine ausgezeichnete HF-Immunit\u00e4t f\u00fcr eine zuverl\u00e4ssige Leistung in schwierigen Umgebungen. Mit Abmessungen von nur 2,75 mm x 1,85 mm x 0,95 mm ist es eines der kleinsten MEMS-Mikrofone auf dem Markt und eignet sich perfekt f\u00fcr Wearables, Kameras und tragbare Elektronik.<\/p>\n<h3 class=\"text-start\">Anwendungsszenarien<\/h3>\n<ul class=\"list-unstyled text-start\">\n<li><i class=\"fa fa-check-circle me-2 text-primary\"><\/i>Wearable-Ger\u00e4te: Seine ultrakompakte Gr\u00f6\u00dfe und sein geringer Stromverbrauch machen ihn ideal f\u00fcr Smartwatches, Fitness-Tracker und andere tragbare Ger\u00e4te.<\/li>\n<li><i class=\"fa fa-check-circle me-2 text-primary\"><\/i>Kameras: Geeignet f\u00fcr Sicherheitskameras, Action-Kameras und andere Ger\u00e4te, die einen klaren Ton in lauten Umgebungen erfordern.<\/li>\n<li><i class=\"fa fa-check-circle me-2 text-primary\"><\/i>Tragbare Elektronik: Dank seiner hohen Empfindlichkeit und RF-Immunit\u00e4t ist er perfekt f\u00fcr Smartphones, Tablets und andere tragbare Ger\u00e4te geeignet.<\/li>\n<\/ul>\n<h3 class=\"pt-5 text-start\">Empfohlener Interface-Schaltkreis<\/h3>\n<p><img loading=\"lazy\" decoding=\"async\" class=\"alignnone size-full wp-image-709\" src=\"https:\/\/ecmicrophones.com\/wp-content\/uploads\/2024\/05\/standard-test-circuit_ecm-m2718-4256m.png\" alt=\"Standardtestschaltung\" width=\"414\" height=\"236\" srcset=\"https:\/\/ecmicrophones.com\/wp-content\/uploads\/2024\/05\/standard-test-circuit_ecm-m2718-4256m.png 414w, https:\/\/ecmicrophones.com\/wp-content\/uploads\/2024\/05\/standard-test-circuit_ecm-m2718-4256m-300x171.png 300w, https:\/\/ecmicrophones.com\/wp-content\/uploads\/2024\/05\/standard-test-circuit_ecm-m2718-4256m-18x10.png 18w\" sizes=\"auto, (max-width: 414px) 100vw, 414px\" \/><\/p>\n<h3 class=\"pt-5 text-start\">Frequenzgang-Kurve<\/h3>\n<p><img loading=\"lazy\" decoding=\"async\" class=\"alignnone size-full wp-image-710\" src=\"https:\/\/ecmicrophones.com\/wp-content\/uploads\/2024\/05\/typical-frequency-response_ecm-m2718-4256m.png\" alt=\"Typischer Frequenzgang\" width=\"561\" height=\"354\" srcset=\"https:\/\/ecmicrophones.com\/wp-content\/uploads\/2024\/05\/typical-frequency-response_ecm-m2718-4256m.png 561w, https:\/\/ecmicrophones.com\/wp-content\/uploads\/2024\/05\/typical-frequency-response_ecm-m2718-4256m-300x189.png 300w, https:\/\/ecmicrophones.com\/wp-content\/uploads\/2024\/05\/typical-frequency-response_ecm-m2718-4256m-18x12.png 18w\" sizes=\"auto, (max-width: 561px) 100vw, 561px\" \/><\/p>\n<h3 class=\"pt-5 text-start\">Abmessungen (UNIT: mm)<\/h3>\n<p><img loading=\"lazy\" decoding=\"async\" class=\"alignnone size-full wp-image-708\" src=\"https:\/\/ecmicrophones.com\/wp-content\/uploads\/2024\/05\/appearance-dimension_ecm-m2718-4256m.png\" alt=\"Aussehen Dimension\" width=\"615\" height=\"295\" srcset=\"https:\/\/ecmicrophones.com\/wp-content\/uploads\/2024\/05\/appearance-dimension_ecm-m2718-4256m.png 615w, https:\/\/ecmicrophones.com\/wp-content\/uploads\/2024\/05\/appearance-dimension_ecm-m2718-4256m-300x144.png 300w, https:\/\/ecmicrophones.com\/wp-content\/uploads\/2024\/05\/appearance-dimension_ecm-m2718-4256m-18x9.png 18w, https:\/\/ecmicrophones.com\/wp-content\/uploads\/2024\/05\/appearance-dimension_ecm-m2718-4256m-600x288.png 600w\" sizes=\"auto, (max-width: 615px) 100vw, 615px\" \/><\/p>","protected":false},"excerpt":{"rendered":"<p>Ultrakompaktes analoges MEMS-Mikrofon mit -42dBV\/Pa Empfindlichkeit, 56dB SNR und 130dB AOP. Winziges 2,75\u00d71,85\u00d70,95-mm-Geh\u00e4use, ideal f\u00fcr Wearables, Kameras und tragbare Elektronik.<\/p>","protected":false},"featured_media":2443,"comment_status":"open","ping_status":"closed","template":"","meta":[],"product_brand":[721],"product_cat":[19,91],"product_tag":[708,710,699,711,713],"class_list":{"0":"post-544","1":"product","2":"type-product","3":"status-publish","4":"has-post-thumbnail","6":"product_brand-ecmic","7":"product_cat-mems-microphones","8":"product_cat-analog-microphones","9":"product_tag-analog","10":"product_tag-high-aop","11":"product_tag-mems-mics","12":"product_tag-rf-immunity","13":"product_tag-ultra-compact","15":"first","16":"instock","17":"shipping-taxable","18":"purchasable","19":"product-type-simple"},"_links":{"self":[{"href":"https:\/\/ecmicrophones.com\/de\/wp-json\/wp\/v2\/product\/544","targetHints":{"allow":["GET"]}}],"collection":[{"href":"https:\/\/ecmicrophones.com\/de\/wp-json\/wp\/v2\/product"}],"about":[{"href":"https:\/\/ecmicrophones.com\/de\/wp-json\/wp\/v2\/types\/product"}],"replies":[{"embeddable":true,"href":"https:\/\/ecmicrophones.com\/de\/wp-json\/wp\/v2\/comments?post=544"}],"wp:featuredmedia":[{"embeddable":true,"href":"https:\/\/ecmicrophones.com\/de\/wp-json\/wp\/v2\/media\/2443"}],"wp:attachment":[{"href":"https:\/\/ecmicrophones.com\/de\/wp-json\/wp\/v2\/media?parent=544"}],"wp:term":[{"taxonomy":"product_brand","embeddable":true,"href":"https:\/\/ecmicrophones.com\/de\/wp-json\/wp\/v2\/product_brand?post=544"},{"taxonomy":"product_cat","embeddable":true,"href":"https:\/\/ecmicrophones.com\/de\/wp-json\/wp\/v2\/product_cat?post=544"},{"taxonomy":"product_tag","embeddable":true,"href":"https:\/\/ecmicrophones.com\/de\/wp-json\/wp\/v2\/product_tag?post=544"}],"curies":[{"name":"wp","href":"https:\/\/api.w.org\/{rel}","templated":true}]}}