{"id":548,"date":"2024-05-10T03:18:31","date_gmt":"2024-05-10T03:18:31","guid":{"rendered":"https:\/\/ecmicrophones.com\/?post_type=product&#038;p=548"},"modified":"2026-03-19T15:43:46","modified_gmt":"2026-03-19T07:43:46","slug":"tws-earbuds-microphone-analog-mems","status":"publish","type":"product","link":"https:\/\/ecmicrophones.com\/de\/tws-earbuds-microphone-analog-mems\/","title":{"rendered":"MEMS-L\u00f6sung mit geringem Stromverbrauch f\u00fcr klare Sprachaufzeichnung"},"content":{"rendered":"<h2 class=\"text-start\">Technische Daten<\/h2>\n<p class=\"text-start\">Das ECM-M3729T421 ist ein leistungsstarkes analoges MEMS-Mikrofon mit oberem Anschluss, das f\u00fcr anspruchsvolle Audioanwendungen entwickelt wurde. Mit einer Empfindlichkeit von -42dBV\/Pa \u00b11dB und 58dB SNR liefert es saubere, konsistente Audioaufnahmen \u00fcber einen gro\u00dfen Dynamikbereich. Sein branchenf\u00fchrender akustischer \u00dcbersteuerungspunkt von 132 dB SPL gew\u00e4hrleistet verzerrungsfreie Aufnahmen auch in Umgebungen mit hoher Lautst\u00e4rke. Das Mikrofon verf\u00fcgt \u00fcber eine ausgezeichnete HF-Immunit\u00e4t, die St\u00f6rungen in unmittelbarer N\u00e4he von Antennen reduziert. Die Betriebsspannung reicht von 1,6 V bis 3,6 V und ist damit ideal f\u00fcr batteriebetriebene Ger\u00e4te. Das kompakte Geh\u00e4use mit den Ma\u00dfen 3,76 mm x 2,95 mm x 1,10 mm passt problemlos in platzbeschr\u00e4nkte Designs und bietet eine zuverl\u00e4ssige Leistung von -40\u2103 bis +100\u2103.<\/p>\n<h3 class=\"text-start\">Anwendungsszenarien<\/h3>\n<ul class=\"list-unstyled text-start\">\n<li><i class=\"fa fa-check-circle me-2 text-primary\"><\/i>Smartphones und Tablets: Hohe HF-Immunit\u00e4t und ein gro\u00dfer Dynamikbereich sorgen f\u00fcr klare Anrufe und pr\u00e4zise Aufnahmen in unmittelbarer N\u00e4he der Antennen.<\/li>\n<li><i class=\"fa fa-check-circle me-2 text-primary\"><\/i>Mikrofon-Arrays: Hervorragende Phasenkonsistenz und enge Empfindlichkeitstoleranz machen es ideal f\u00fcr Beamforming und Rauschunterdr\u00fcckung in intelligenten Lautsprechern.<\/li>\n<li><i class=\"fa fa-check-circle me-2 text-primary\"><\/i>Professionelle Aufnahmen und Kameras: Der AOP-Wert von 132 dB erm\u00f6glicht die verzerrungsfreie Aufnahme von Konzerten und lauten Umgebungen.<\/li>\n<\/ul>\n<h3 class=\"pt-5 text-start\">Empfohlener Interface-Schaltkreis<\/h3>\n<p><img loading=\"lazy\" decoding=\"async\" class=\"alignnone wp-image-4001 size-full\" src=\"https:\/\/ecmicrophones.com\/wp-content\/uploads\/2024\/05\/standard-test-circuit_m3729t421.png\" alt=\"Standardtestschaltung\" width=\"450\" height=\"240\" srcset=\"https:\/\/ecmicrophones.com\/wp-content\/uploads\/2024\/05\/standard-test-circuit_m3729t421.png 450w, https:\/\/ecmicrophones.com\/wp-content\/uploads\/2024\/05\/standard-test-circuit_m3729t421-300x160.png 300w, https:\/\/ecmicrophones.com\/wp-content\/uploads\/2024\/05\/standard-test-circuit_m3729t421-18x10.png 18w\" sizes=\"auto, (max-width: 450px) 100vw, 450px\" \/><\/p>\n<h3 class=\"pt-5 text-start\">Frequenzgang-Kurve<\/h3>\n<p><img loading=\"lazy\" decoding=\"async\" class=\"alignnone wp-image-4002 size-full\" src=\"https:\/\/ecmicrophones.com\/wp-content\/uploads\/2024\/05\/typical-frequency-response_ecm-m3729t421.png\" alt=\"Typischer Frequenzgang\" width=\"480\" height=\"290\" srcset=\"https:\/\/ecmicrophones.com\/wp-content\/uploads\/2024\/05\/typical-frequency-response_ecm-m3729t421.png 480w, https:\/\/ecmicrophones.com\/wp-content\/uploads\/2024\/05\/typical-frequency-response_ecm-m3729t421-300x181.png 300w, https:\/\/ecmicrophones.com\/wp-content\/uploads\/2024\/05\/typical-frequency-response_ecm-m3729t421-18x12.png 18w\" sizes=\"auto, (max-width: 480px) 100vw, 480px\" \/><\/p>\n<h3 class=\"pt-5 text-start\">Abmessungen (UNIT: mm)<\/h3>\n<p><img loading=\"lazy\" decoding=\"async\" class=\"alignnone wp-image-4003 size-full\" src=\"https:\/\/ecmicrophones.com\/wp-content\/uploads\/2024\/05\/appearance-dimension_ecm-m3729t421.png\" alt=\"Aussehen Dimension\" width=\"600\" height=\"280\" srcset=\"https:\/\/ecmicrophones.com\/wp-content\/uploads\/2024\/05\/appearance-dimension_ecm-m3729t421.png 600w, https:\/\/ecmicrophones.com\/wp-content\/uploads\/2024\/05\/appearance-dimension_ecm-m3729t421-300x140.png 300w, https:\/\/ecmicrophones.com\/wp-content\/uploads\/2024\/05\/appearance-dimension_ecm-m3729t421-18x8.png 18w\" sizes=\"auto, (max-width: 600px) 100vw, 600px\" \/><\/p>","protected":false},"excerpt":{"rendered":"<p>Leistungsstarkes analoges MEMS-Mikrofon mit -42dBV\/Pa \u00b11dB Empfindlichkeit, 58dB SNR und 132dB AOP. Au\u00dfergew\u00f6hnliche HF-Immunit\u00e4t und Einheit-zu-Einheit-Konsistenz f\u00fcr Smartphones, Tablets und Mikrofonarrays.<\/p>","protected":false},"featured_media":3995,"comment_status":"open","ping_status":"closed","template":"","meta":[],"product_brand":[721],"product_cat":[19,91],"product_tag":[708,712,710,699,711,709],"class_list":{"0":"post-548","1":"product","2":"type-product","3":"status-publish","4":"has-post-thumbnail","6":"product_brand-ecmic","7":"product_cat-mems-microphones","8":"product_cat-analog-microphones","9":"product_tag-analog","10":"product_tag-hd-voice","11":"product_tag-high-aop","12":"product_tag-mems-mics","13":"product_tag-rf-immunity","14":"product_tag-top-port","16":"first","17":"instock","18":"shipping-taxable","19":"purchasable","20":"product-type-simple"},"_links":{"self":[{"href":"https:\/\/ecmicrophones.com\/de\/wp-json\/wp\/v2\/product\/548","targetHints":{"allow":["GET"]}}],"collection":[{"href":"https:\/\/ecmicrophones.com\/de\/wp-json\/wp\/v2\/product"}],"about":[{"href":"https:\/\/ecmicrophones.com\/de\/wp-json\/wp\/v2\/types\/product"}],"replies":[{"embeddable":true,"href":"https:\/\/ecmicrophones.com\/de\/wp-json\/wp\/v2\/comments?post=548"}],"wp:featuredmedia":[{"embeddable":true,"href":"https:\/\/ecmicrophones.com\/de\/wp-json\/wp\/v2\/media\/3995"}],"wp:attachment":[{"href":"https:\/\/ecmicrophones.com\/de\/wp-json\/wp\/v2\/media?parent=548"}],"wp:term":[{"taxonomy":"product_brand","embeddable":true,"href":"https:\/\/ecmicrophones.com\/de\/wp-json\/wp\/v2\/product_brand?post=548"},{"taxonomy":"product_cat","embeddable":true,"href":"https:\/\/ecmicrophones.com\/de\/wp-json\/wp\/v2\/product_cat?post=548"},{"taxonomy":"product_tag","embeddable":true,"href":"https:\/\/ecmicrophones.com\/de\/wp-json\/wp\/v2\/product_tag?post=548"}],"curies":[{"name":"wp","href":"https:\/\/api.w.org\/{rel}","templated":true}]}}