{"id":558,"date":"2024-05-10T09:20:48","date_gmt":"2024-05-10T09:20:48","guid":{"rendered":"https:\/\/ecmicrophones.com\/?post_type=product&#038;p=558"},"modified":"2026-03-19T15:43:58","modified_gmt":"2026-03-19T07:43:58","slug":"6mm-omnidirectional-electret-microphone-insert-with-leads-for-intercom","status":"publish","type":"product","link":"https:\/\/ecmicrophones.com\/de\/6mm-omnidirectional-electret-microphone-insert-with-leads-for-intercom\/","title":{"rendered":"6 mm omnidirektionaler Elektretmikrofoneinsatz mit Kabeln f\u00fcr Gegensprechanlage"},"content":{"rendered":"<h2 class=\"text-start\">Technische Daten<\/h2>\n<p class=\"text-start\">Unser st\u00f6rungsfreier omnidirektionaler 6027-Mikrofonkern verf\u00fcgt \u00fcber eine hochwertige L\u00f6tverbindung und eine Kabell\u00e4nge von 30 mm und gew\u00e4hrleistet so zuverl\u00e4ssige Leistung und Haltbarkeit.<\/p>\n<h3 class=\"pt-5 text-start\">Standardtestschaltung<\/h3>\n<p><img loading=\"lazy\" decoding=\"async\" class=\"alignnone size-full wp-image-560\" src=\"https:\/\/ecmicrophones.com\/wp-content\/uploads\/2024\/05\/standard-test-circuit_ecm-f6027al43-l30.png\" alt=\"Standardtestschaltung\" width=\"515\" height=\"219\" srcset=\"https:\/\/ecmicrophones.com\/wp-content\/uploads\/2024\/05\/standard-test-circuit_ecm-f6027al43-l30.png 515w, https:\/\/ecmicrophones.com\/wp-content\/uploads\/2024\/05\/standard-test-circuit_ecm-f6027al43-l30-300x128.png 300w, https:\/\/ecmicrophones.com\/wp-content\/uploads\/2024\/05\/standard-test-circuit_ecm-f6027al43-l30-18x8.png 18w\" sizes=\"auto, (max-width: 515px) 100vw, 515px\" \/><\/p>\n<p>Pr\u00fcfbedingungen: Lastwiderstand (RL) = 2,2k\u03a9, Versorgungsspannung (VS) = 2V, Koppelkondensator (C) = 1\u03bcF.<\/p>\n<h3 class=\"pt-5 text-start\">Typischer Frequenzgang<\/h3>\n<p><img loading=\"lazy\" decoding=\"async\" class=\"alignnone size-full wp-image-561\" src=\"https:\/\/ecmicrophones.com\/wp-content\/uploads\/2024\/05\/typical-frequency-response_ecm-f6027al43-l30.png\" alt=\"Typischer Frequenzgang\" width=\"637\" height=\"392\" srcset=\"https:\/\/ecmicrophones.com\/wp-content\/uploads\/2024\/05\/typical-frequency-response_ecm-f6027al43-l30.png 637w, https:\/\/ecmicrophones.com\/wp-content\/uploads\/2024\/05\/typical-frequency-response_ecm-f6027al43-l30-300x185.png 300w, https:\/\/ecmicrophones.com\/wp-content\/uploads\/2024\/05\/typical-frequency-response_ecm-f6027al43-l30-18x12.png 18w, https:\/\/ecmicrophones.com\/wp-content\/uploads\/2024\/05\/typical-frequency-response_ecm-f6027al43-l30-600x369.png 600w\" sizes=\"auto, (max-width: 637px) 100vw, 637px\" \/><\/p>\n<p>Der Frequenzgang reicht von 50Hz bis 20kHz. Die Kurve bleibt flach mit minimalen Schwankungen von 50Hz bis etwa 3kHz, was eine konsistente Leistung im niedrigen bis mittleren Frequenzbereich gew\u00e4hrleistet. Ab 3 kHz beginnt der Frequenzgang anzusteigen und erreicht seinen H\u00f6hepunkt bei 8 kHz, gefolgt von einem allm\u00e4hlichen R\u00fcckgang bei h\u00f6heren Frequenzen.<\/p>\n<h3 class=\"pt-5 text-start\">Abmessungen (UNIT: mm)<\/h3>\n<p><img loading=\"lazy\" decoding=\"async\" class=\"alignnone size-full wp-image-559\" src=\"https:\/\/ecmicrophones.com\/wp-content\/uploads\/2024\/05\/appearance-dimension_ecm-f6027al43-l30.png\" alt=\"Aussehen Dimension\" width=\"615\" height=\"495\" srcset=\"https:\/\/ecmicrophones.com\/wp-content\/uploads\/2024\/05\/appearance-dimension_ecm-f6027al43-l30.png 615w, https:\/\/ecmicrophones.com\/wp-content\/uploads\/2024\/05\/appearance-dimension_ecm-f6027al43-l30-300x241.png 300w, https:\/\/ecmicrophones.com\/wp-content\/uploads\/2024\/05\/appearance-dimension_ecm-f6027al43-l30-15x12.png 15w, https:\/\/ecmicrophones.com\/wp-content\/uploads\/2024\/05\/appearance-dimension_ecm-f6027al43-l30-600x483.png 600w\" sizes=\"auto, (max-width: 615px) 100vw, 615px\" \/><\/p>\n<p>Durchmesser: 6,0 mm; H\u00f6he: 2,7 mm. Die Vorderseite enth\u00e4lt ein staubdichtes Netz, w\u00e4hrend die R\u00fcckseite vollst\u00e4ndig versiegelt ist. Ausgestattet mit einem 30-mm-Paralleldraht.<\/p>","protected":false},"excerpt":{"rendered":"<p>Das ECM-F6027AL43-L30 ist eine 6 x 2,7 mm gro\u00dfe omnidirektionale Elektretmikrofonkapsel mit 30 mm langen Kabelleitungen, einer Empfindlichkeit von -43 dB\u00b12 und einem SNR von 53 dB, perfekt f\u00fcr Walkie-Talkies und \u00e4hnliche Kommunikationsger\u00e4te.<\/p>","protected":false},"featured_media":2788,"comment_status":"open","ping_status":"closed","template":"","meta":[],"product_brand":[721],"product_cat":[16,20],"product_tag":[283,109,290],"class_list":{"0":"post-558","1":"product","2":"type-product","3":"status-publish","4":"has-post-thumbnail","6":"product_brand-ecmic","7":"product_cat-electret-microphones","8":"product_cat-omnidirectional-microphones","9":"product_tag-6mm","10":"product_tag-intercom","11":"product_tag-wire-leads","13":"first","14":"instock","15":"shipping-taxable","16":"purchasable","17":"product-type-simple"},"_links":{"self":[{"href":"https:\/\/ecmicrophones.com\/de\/wp-json\/wp\/v2\/product\/558","targetHints":{"allow":["GET"]}}],"collection":[{"href":"https:\/\/ecmicrophones.com\/de\/wp-json\/wp\/v2\/product"}],"about":[{"href":"https:\/\/ecmicrophones.com\/de\/wp-json\/wp\/v2\/types\/product"}],"replies":[{"embeddable":true,"href":"https:\/\/ecmicrophones.com\/de\/wp-json\/wp\/v2\/comments?post=558"}],"wp:featuredmedia":[{"embeddable":true,"href":"https:\/\/ecmicrophones.com\/de\/wp-json\/wp\/v2\/media\/2788"}],"wp:attachment":[{"href":"https:\/\/ecmicrophones.com\/de\/wp-json\/wp\/v2\/media?parent=558"}],"wp:term":[{"taxonomy":"product_brand","embeddable":true,"href":"https:\/\/ecmicrophones.com\/de\/wp-json\/wp\/v2\/product_brand?post=558"},{"taxonomy":"product_cat","embeddable":true,"href":"https:\/\/ecmicrophones.com\/de\/wp-json\/wp\/v2\/product_cat?post=558"},{"taxonomy":"product_tag","embeddable":true,"href":"https:\/\/ecmicrophones.com\/de\/wp-json\/wp\/v2\/product_tag?post=558"}],"curies":[{"name":"wp","href":"https:\/\/api.w.org\/{rel}","templated":true}]}}