{"id":570,"date":"2024-05-10T09:24:22","date_gmt":"2024-05-10T09:24:22","guid":{"rendered":"https:\/\/ecmicrophones.com\/?post_type=product&#038;p=570"},"modified":"2026-03-19T15:38:42","modified_gmt":"2026-03-19T07:38:42","slug":"9-7mm-cardioid-electret-microphone-insert-for-ktv-karaoke","status":"publish","type":"product","link":"https:\/\/ecmicrophones.com\/de\/9-7mm-cardioid-electret-microphone-insert-for-ktv-karaoke\/","title":{"rendered":"9,7 mm Nieren-Elektretmikrofon-Einsatz f\u00fcr KTV-Karaoke"},"content":{"rendered":"<h2 class=\"text-start\">Technische Daten<\/h2>\n<p class=\"text-start\">Unser Mikrofonkopf 9750, auch als K-Song-Mikrofonkern bekannt, ist ein 9-mm-Mikrofon mit Doppelkondensatoren f\u00fcr eine effektive Abschirmung gegen HF-St\u00f6rungen. Es verwendet einen stabilen und zuverl\u00e4ssigen koreanischen HF-JFET f\u00fcr verbesserte Leistung und Haltbarkeit.<\/p>\n<h3 class=\"pt-5 text-start\">Standardtestschaltung<\/h3>\n<p><img loading=\"lazy\" decoding=\"async\" class=\"alignnone size-full wp-image-571\" src=\"https:\/\/ecmicrophones.com\/wp-content\/uploads\/2024\/05\/standard-test-circuit_ecm-f9750ul-47.png\" alt=\"Standardtestschaltung\" width=\"570\" height=\"251\" srcset=\"https:\/\/ecmicrophones.com\/wp-content\/uploads\/2024\/05\/standard-test-circuit_ecm-f9750ul-47.png 570w, https:\/\/ecmicrophones.com\/wp-content\/uploads\/2024\/05\/standard-test-circuit_ecm-f9750ul-47-300x132.png 300w, https:\/\/ecmicrophones.com\/wp-content\/uploads\/2024\/05\/standard-test-circuit_ecm-f9750ul-47-18x8.png 18w\" sizes=\"auto, (max-width: 570px) 100vw, 570px\" \/> <\/p>\n<p>Getestet unter RL=680\u03a9, VS=1,5V und C=1\u03bcF Konfiguration f\u00fcr die Standardleistungspr\u00fcfung.<\/p>\n<h3 class=\"pt-5 text-start\">Typischer Frequenzgang<\/h3>\n<p><img loading=\"lazy\" decoding=\"async\" class=\"alignnone size-full wp-image-573\" src=\"https:\/\/ecmicrophones.com\/wp-content\/uploads\/2024\/05\/typical-frequency-response_ecm-f9750ul-47.png\" alt=\"Typischer Frequenzgang\" width=\"627\" height=\"264\" srcset=\"https:\/\/ecmicrophones.com\/wp-content\/uploads\/2024\/05\/typical-frequency-response_ecm-f9750ul-47.png 627w, https:\/\/ecmicrophones.com\/wp-content\/uploads\/2024\/05\/typical-frequency-response_ecm-f9750ul-47-300x126.png 300w, https:\/\/ecmicrophones.com\/wp-content\/uploads\/2024\/05\/typical-frequency-response_ecm-f9750ul-47-18x8.png 18w, https:\/\/ecmicrophones.com\/wp-content\/uploads\/2024\/05\/typical-frequency-response_ecm-f9750ul-47-600x253.png 600w\" sizes=\"auto, (max-width: 627px) 100vw, 627px\" \/> <\/p>\n<p>Der Frequenzgang steigt von 100 Hz bis etwa 800 Hz an, bleibt dann relativ flach und erreicht bei 3 kHz einen Spitzenwert, bevor er gegen 12 kHz allm\u00e4hlich abf\u00e4llt.<\/p>\n<h3 class=\"pt-5 text-start\">Abmessungen (UNIT: mm)<\/h3>\n<p><img loading=\"lazy\" decoding=\"async\" class=\"alignnone size-full wp-image-572\" src=\"https:\/\/ecmicrophones.com\/wp-content\/uploads\/2024\/05\/appearance-dimension_ecm-f9750ul-47.png\" alt=\"Aussehen Dimension\" width=\"583\" height=\"468\" srcset=\"https:\/\/ecmicrophones.com\/wp-content\/uploads\/2024\/05\/appearance-dimension_ecm-f9750ul-47.png 583w, https:\/\/ecmicrophones.com\/wp-content\/uploads\/2024\/05\/appearance-dimension_ecm-f9750ul-47-300x241.png 300w, https:\/\/ecmicrophones.com\/wp-content\/uploads\/2024\/05\/appearance-dimension_ecm-f9750ul-47-15x12.png 15w\" sizes=\"auto, (max-width: 583px) 100vw, 583px\" \/> <\/p>\n<p>Die Mikrofonkapsel hat einen Durchmesser von 9,7 mm und eine H\u00f6he von 5,0 mm und verf\u00fcgt \u00fcber ein Staubschutzgitter auf der Vorderseite und eine akustische \u00d6ffnung auf der R\u00fcckseite f\u00fcr eine klare Tonaufnahme.<\/p>","protected":false},"excerpt":{"rendered":"<p>Das ECM-F9750UL-47 ist eine 9,7 \u00d7 5 mm gro\u00dfe, unidirektionale Mikrofonkapsel, die f\u00fcr kundenspezifische Mikrofonk\u00f6pfe in Produkten wie Karaoke-Systemen und Bluetooth-Mikrofonen ma\u00dfgeschneidert ist. Mit einer Empfindlichkeit von -47 dB\u00b12 und einem Signal-Rausch-Verh\u00e4ltnis von 55 dB sorgt es f\u00fcr eine zuverl\u00e4ssige Audioleistung.<\/p>","protected":false},"featured_media":2596,"comment_status":"open","ping_status":"closed","template":"","meta":[],"product_brand":[721],"product_cat":[16,21],"product_tag":[282,288,116],"class_list":{"0":"post-570","1":"product","2":"type-product","3":"status-publish","4":"has-post-thumbnail","6":"product_brand-ecmic","7":"product_cat-electret-microphones","8":"product_cat-unidirectional-microphones","9":"product_tag-9-7mm","10":"product_tag-solder-pads","11":"product_tag-vocal","13":"first","14":"instock","15":"shipping-taxable","16":"purchasable","17":"product-type-simple"},"_links":{"self":[{"href":"https:\/\/ecmicrophones.com\/de\/wp-json\/wp\/v2\/product\/570","targetHints":{"allow":["GET"]}}],"collection":[{"href":"https:\/\/ecmicrophones.com\/de\/wp-json\/wp\/v2\/product"}],"about":[{"href":"https:\/\/ecmicrophones.com\/de\/wp-json\/wp\/v2\/types\/product"}],"replies":[{"embeddable":true,"href":"https:\/\/ecmicrophones.com\/de\/wp-json\/wp\/v2\/comments?post=570"}],"wp:featuredmedia":[{"embeddable":true,"href":"https:\/\/ecmicrophones.com\/de\/wp-json\/wp\/v2\/media\/2596"}],"wp:attachment":[{"href":"https:\/\/ecmicrophones.com\/de\/wp-json\/wp\/v2\/media?parent=570"}],"wp:term":[{"taxonomy":"product_brand","embeddable":true,"href":"https:\/\/ecmicrophones.com\/de\/wp-json\/wp\/v2\/product_brand?post=570"},{"taxonomy":"product_cat","embeddable":true,"href":"https:\/\/ecmicrophones.com\/de\/wp-json\/wp\/v2\/product_cat?post=570"},{"taxonomy":"product_tag","embeddable":true,"href":"https:\/\/ecmicrophones.com\/de\/wp-json\/wp\/v2\/product_tag?post=570"}],"curies":[{"name":"wp","href":"https:\/\/api.w.org\/{rel}","templated":true}]}}