{"id":576,"date":"2024-05-10T09:23:27","date_gmt":"2024-05-10T09:23:27","guid":{"rendered":"https:\/\/ecmicrophones.com\/?post_type=product&#038;p=576"},"modified":"2026-03-19T15:44:11","modified_gmt":"2026-03-19T07:44:11","slug":"9-7mm-figure-8-element-microphone-cartridge","status":"publish","type":"product","link":"https:\/\/ecmicrophones.com\/de\/9-7mm-figure-8-element-microphone-cartridge\/","title":{"rendered":"9,7 mm Mikrofonkapsel mit Achterelement"},"content":{"rendered":"<h2 class=\"text-start\">Technische Daten<\/h2>\n<p class=\"text-start\">Unser speziell f\u00fcr Headsets entwickelter, bidirektionaler Mikrofonkern 9750 mit Rauschunterdr\u00fcckung verf\u00fcgt \u00fcber zwei Kondensatoren zur effektiven Abschirmung gegen HF-St\u00f6rsignale. Seine bidirektionale Struktur blockiert au\u00dferdem effizient Umgebungsger\u00e4usche und gew\u00e4hrleistet eine klare und unterbrechungsfreie Audio\u00fcbertragung.<\/p>\n<h3 class=\"pt-5 text-start\">Standardtestschaltung<\/h3>\n<p><img loading=\"lazy\" decoding=\"async\" src=\"https:\/\/ecmicrophones.com\/wp-content\/uploads\/2024\/05\/standard-test-circuit_ecm-f9750nl-48.png\" alt=\"Standardtestschaltung\" width=\"486\" height=\"210\" class=\"alignnone size-full wp-image-578\" srcset=\"https:\/\/ecmicrophones.com\/wp-content\/uploads\/2024\/05\/standard-test-circuit_ecm-f9750nl-48.png 486w, https:\/\/ecmicrophones.com\/wp-content\/uploads\/2024\/05\/standard-test-circuit_ecm-f9750nl-48-300x130.png 300w, https:\/\/ecmicrophones.com\/wp-content\/uploads\/2024\/05\/standard-test-circuit_ecm-f9750nl-48-18x8.png 18w\" sizes=\"auto, (max-width: 486px) 100vw, 486px\" \/><\/p>\n<p>Testbedingungen: Lastwiderstand (RL) = 680\u03a9, Versorgungsspannung (VS) = 1,5V, Koppelkondensator (C) = 1\u03bcF.<\/p>\n<h3 class=\"pt-5 text-start\">Typischer Frequenzgang<\/h3>\n<p><img loading=\"lazy\" decoding=\"async\" src=\"https:\/\/ecmicrophones.com\/wp-content\/uploads\/2024\/05\/typical-frequency-response_ecm-f9750nl-48.png\" alt=\"Typischer Frequenzgang\" width=\"640\" height=\"193\" class=\"alignnone size-full wp-image-579\" srcset=\"https:\/\/ecmicrophones.com\/wp-content\/uploads\/2024\/05\/typical-frequency-response_ecm-f9750nl-48.png 640w, https:\/\/ecmicrophones.com\/wp-content\/uploads\/2024\/05\/typical-frequency-response_ecm-f9750nl-48-300x90.png 300w, https:\/\/ecmicrophones.com\/wp-content\/uploads\/2024\/05\/typical-frequency-response_ecm-f9750nl-48-18x5.png 18w, https:\/\/ecmicrophones.com\/wp-content\/uploads\/2024\/05\/typical-frequency-response_ecm-f9750nl-48-600x181.png 600w\" sizes=\"auto, (max-width: 640px) 100vw, 640px\" \/><\/p>\n<p>\n  Die Frequenzgangkurve erstreckt sich von 100Hz bis 10kHz. Sie bleibt von 100Hz bis etwa 1,5kHz flach, gefolgt von einem deutlichen Anstieg. Der Spitzenwert wird bei 3 kHz erreicht, bevor er allm\u00e4hlich abf\u00e4llt. Dieses Frequenzverhalten eignet sich gut f\u00fcr Kopfb\u00fcgelmikrofone, da es die Klarheit der Stimme verbessert und gleichzeitig das Rumpeln im unteren Bereich unterdr\u00fcckt.\n<\/p>\n<h3 class=\"pt-5 text-start\">Abmessungen (UNIT: mm)<\/h3>\n<p><img loading=\"lazy\" decoding=\"async\" src=\"https:\/\/ecmicrophones.com\/wp-content\/uploads\/2024\/05\/appearance-dimension_ecm-f9750nl-48.png\" alt=\"Aussehen Dimension\" width=\"595\" height=\"204\" class=\"alignnone size-full wp-image-577\" srcset=\"https:\/\/ecmicrophones.com\/wp-content\/uploads\/2024\/05\/appearance-dimension_ecm-f9750nl-48.png 595w, https:\/\/ecmicrophones.com\/wp-content\/uploads\/2024\/05\/appearance-dimension_ecm-f9750nl-48-300x103.png 300w, https:\/\/ecmicrophones.com\/wp-content\/uploads\/2024\/05\/appearance-dimension_ecm-f9750nl-48-18x6.png 18w\" sizes=\"auto, (max-width: 595px) 100vw, 595px\" \/><\/p>\n<p>\n  Durchmesser: 9,7 mm; H\u00f6he: 5,0 mm. Die Vorderseite ist mit einem staubdichten Netz versehen, w\u00e4hrend die R\u00fcckseite mit einer Schall\u00f6ffnung ausgestattet ist. Dieses Modell verf\u00fcgt \u00fcber ein bidirektionales Abnahmemuster und ist somit ideal f\u00fcr ger\u00e4uschreduzierende Headset-Mikrofone.<\/p>","protected":false},"excerpt":{"rendered":"<p>Das ECM-F9750NL-48 ist eine 9,7 \u00d7 5 mm gro\u00dfe bidirektionale Mikrofonkapsel, die f\u00fcr Headset-Produkte im Nahbereich und \u00e4hnliche Ger\u00e4te geeignet ist. Mit einer Empfindlichkeit von -48 dB\u00b12 und einem Signal-Rausch-Verh\u00e4ltnis von 56 dB bietet es eine klare Audio\u00fcbertragung.<\/p>","protected":false},"featured_media":2786,"comment_status":"open","ping_status":"closed","template":"","meta":[],"product_brand":[721],"product_cat":[16,22],"product_tag":[282,235,288],"class_list":{"0":"post-576","1":"product","2":"type-product","3":"status-publish","4":"has-post-thumbnail","6":"product_brand-ecmic","7":"product_cat-electret-microphones","8":"product_cat-bidirectional-microphones","9":"product_tag-9-7mm","10":"product_tag-conference","11":"product_tag-solder-pads","13":"first","14":"instock","15":"shipping-taxable","16":"purchasable","17":"product-type-simple"},"_links":{"self":[{"href":"https:\/\/ecmicrophones.com\/de\/wp-json\/wp\/v2\/product\/576","targetHints":{"allow":["GET"]}}],"collection":[{"href":"https:\/\/ecmicrophones.com\/de\/wp-json\/wp\/v2\/product"}],"about":[{"href":"https:\/\/ecmicrophones.com\/de\/wp-json\/wp\/v2\/types\/product"}],"replies":[{"embeddable":true,"href":"https:\/\/ecmicrophones.com\/de\/wp-json\/wp\/v2\/comments?post=576"}],"wp:featuredmedia":[{"embeddable":true,"href":"https:\/\/ecmicrophones.com\/de\/wp-json\/wp\/v2\/media\/2786"}],"wp:attachment":[{"href":"https:\/\/ecmicrophones.com\/de\/wp-json\/wp\/v2\/media?parent=576"}],"wp:term":[{"taxonomy":"product_brand","embeddable":true,"href":"https:\/\/ecmicrophones.com\/de\/wp-json\/wp\/v2\/product_brand?post=576"},{"taxonomy":"product_cat","embeddable":true,"href":"https:\/\/ecmicrophones.com\/de\/wp-json\/wp\/v2\/product_cat?post=576"},{"taxonomy":"product_tag","embeddable":true,"href":"https:\/\/ecmicrophones.com\/de\/wp-json\/wp\/v2\/product_tag?post=576"}],"curies":[{"name":"wp","href":"https:\/\/api.w.org\/{rel}","templated":true}]}}