{"id":582,"date":"2024-05-10T09:21:50","date_gmt":"2024-05-10T09:21:50","guid":{"rendered":"https:\/\/ecmicrophones.com\/?post_type=product&#038;p=582"},"modified":"2026-03-19T15:44:23","modified_gmt":"2026-03-19T07:44:23","slug":"10mm-unidirectional-electret-microphone-element-with-leads-for-guitar-pickup","status":"publish","type":"product","link":"https:\/\/ecmicrophones.com\/de\/10mm-unidirectional-electret-microphone-element-with-leads-for-guitar-pickup\/","title":{"rendered":"10 mm unidirektionales Elektretmikrofonelement mit Leitungen f\u00fcr Gitarren-Tonabnehmer"},"content":{"rendered":"<h2 class=\"text-start\">Technische Daten<\/h2>\n<p class=\"text-start\">Das ECM-B1045UL-53-L50 ist eine 10 \u00d7 4,5-mm-Mikrofonkapsel mit unidirektionaler Richtcharakteristik, die speziell f\u00fcr die Integration in Systeme entwickelt wurde, die einen 50-mm-L\u00f6tanschluss erfordern. Mit der gleichen hochwertigen, in Korea hergestellten Membran und akustischen Leistung wie das <a href=\"https:\/\/ecmicrophones.com\/de\/acoustic-guitar-microphone-capsule-10mm\/\">ECM-B1045UL-53<\/a>Dieses Modell ist f\u00fcr Flexibilit\u00e4t bei der Montage und Installation optimiert.<\/p>\n<p class=\"text-start\">Sein Frequenzgang ist auf Musikinstrumente abgestimmt, mit einer sanften Anhebung in den tiefen Frequenzen f\u00fcr Tiefe und K\u00f6rper, gefolgt von einer verbesserten Klarheit im Mitteltonbereich. Hohe Frequenzen werden ged\u00e4mpft, um die H\u00e4rte zu reduzieren und einen ausgewogenen und nat\u00fcrlichen Klang f\u00fcr eine breite Palette von Instrumenten zu erzeugen.<\/p>\n<h3 class=\"pt-5 text-start\">Standardtestschaltung<\/h3>\n<p><img loading=\"lazy\" decoding=\"async\" class=\"alignnone size-full wp-image-583\" src=\"https:\/\/ecmicrophones.com\/wp-content\/uploads\/2024\/05\/standard-test-circuit_ecm-b1045ul-53-l60.png\" alt=\"Standardtestschaltung\" width=\"527\" height=\"226\" srcset=\"https:\/\/ecmicrophones.com\/wp-content\/uploads\/2024\/05\/standard-test-circuit_ecm-b1045ul-53-l60.png 527w, https:\/\/ecmicrophones.com\/wp-content\/uploads\/2024\/05\/standard-test-circuit_ecm-b1045ul-53-l60-300x129.png 300w, https:\/\/ecmicrophones.com\/wp-content\/uploads\/2024\/05\/standard-test-circuit_ecm-b1045ul-53-l60-18x8.png 18w\" sizes=\"auto, (max-width: 527px) 100vw, 527px\" \/><\/p>\n<p>Testbedingungen: RL = 2,2K\u03a9, VS = 2V, C = 1\u03bcF.<\/p>\n<h3 class=\"pt-5 text-start\">Typischer Frequenzgang<\/h3>\n<p><img loading=\"lazy\" decoding=\"async\" class=\"alignnone size-full wp-image-584\" src=\"https:\/\/ecmicrophones.com\/wp-content\/uploads\/2024\/05\/typical-frequency-response_ecm-b1045ul-53-l60.png\" alt=\"Typischer Frequenzgang\" width=\"599\" height=\"218\" srcset=\"https:\/\/ecmicrophones.com\/wp-content\/uploads\/2024\/05\/typical-frequency-response_ecm-b1045ul-53-l60.png 599w, https:\/\/ecmicrophones.com\/wp-content\/uploads\/2024\/05\/typical-frequency-response_ecm-b1045ul-53-l60-300x109.png 300w, https:\/\/ecmicrophones.com\/wp-content\/uploads\/2024\/05\/typical-frequency-response_ecm-b1045ul-53-l60-18x7.png 18w\" sizes=\"auto, (max-width: 599px) 100vw, 599px\" \/><\/p>\n<p>Der Frequenzgang steigt allm\u00e4hlich von 100Hz bis 6kHz an, mit einer deutlichen Verst\u00e4rkung zwischen 5kHz und 6kHz, und beginnt dann jenseits von 6kHz abzufallen.<\/p>\n<h3 class=\"pt-5 text-start\">Abmessungen (UNIT: mm)<\/h3>\n<p><img loading=\"lazy\" decoding=\"async\" class=\"alignnone size-full wp-image-585\" src=\"https:\/\/ecmicrophones.com\/wp-content\/uploads\/2024\/05\/appearance-dimension_ecm-b1045ul-53-l60.png\" alt=\"Aussehen Dimension\" width=\"649\" height=\"472\" srcset=\"https:\/\/ecmicrophones.com\/wp-content\/uploads\/2024\/05\/appearance-dimension_ecm-b1045ul-53-l60.png 649w, https:\/\/ecmicrophones.com\/wp-content\/uploads\/2024\/05\/appearance-dimension_ecm-b1045ul-53-l60-300x218.png 300w, https:\/\/ecmicrophones.com\/wp-content\/uploads\/2024\/05\/appearance-dimension_ecm-b1045ul-53-l60-18x12.png 18w, https:\/\/ecmicrophones.com\/wp-content\/uploads\/2024\/05\/appearance-dimension_ecm-b1045ul-53-l60-600x436.png 600w\" sizes=\"auto, (max-width: 649px) 100vw, 649px\" \/><\/p>\n<p>Die Kapsel hat einen Durchmesser von 10 mm und eine H\u00f6he von 4,5 mm und verf\u00fcgt \u00fcber ein Staubschutzgitter auf der Vorderseite und eine akustische \u00d6ffnung auf der R\u00fcckseite.<\/p>","protected":false},"excerpt":{"rendered":"<p>Eine vielseitige 10 \u00d7 4,5 mm Mikrofonkapsel mit unidirektionaler Richtcharakteristik und 50 mm L\u00f6tanschluss, ideal f\u00fcr Gitarrentonabnehmer und Musikinstrumente. F\u00fcr Modelle ohne L\u00f6tanschl\u00fcsse, siehe die <a href=\"https:\/\/ecmicrophones.com\/de\/acoustic-guitar-microphone-capsule-10mm\/\">ECM-B1045UL-53<\/a>.<\/p>","protected":false},"featured_media":2520,"comment_status":"open","ping_status":"closed","template":"","meta":[],"product_brand":[721],"product_cat":[16,21],"product_tag":[281,111,290],"class_list":{"0":"post-582","1":"product","2":"type-product","3":"status-publish","4":"has-post-thumbnail","6":"product_brand-ecmic","7":"product_cat-electret-microphones","8":"product_cat-unidirectional-microphones","9":"product_tag-10mm","10":"product_tag-instrument","11":"product_tag-wire-leads","13":"first","14":"instock","15":"shipping-taxable","16":"purchasable","17":"product-type-simple"},"_links":{"self":[{"href":"https:\/\/ecmicrophones.com\/de\/wp-json\/wp\/v2\/product\/582","targetHints":{"allow":["GET"]}}],"collection":[{"href":"https:\/\/ecmicrophones.com\/de\/wp-json\/wp\/v2\/product"}],"about":[{"href":"https:\/\/ecmicrophones.com\/de\/wp-json\/wp\/v2\/types\/product"}],"replies":[{"embeddable":true,"href":"https:\/\/ecmicrophones.com\/de\/wp-json\/wp\/v2\/comments?post=582"}],"wp:featuredmedia":[{"embeddable":true,"href":"https:\/\/ecmicrophones.com\/de\/wp-json\/wp\/v2\/media\/2520"}],"wp:attachment":[{"href":"https:\/\/ecmicrophones.com\/de\/wp-json\/wp\/v2\/media?parent=582"}],"wp:term":[{"taxonomy":"product_brand","embeddable":true,"href":"https:\/\/ecmicrophones.com\/de\/wp-json\/wp\/v2\/product_brand?post=582"},{"taxonomy":"product_cat","embeddable":true,"href":"https:\/\/ecmicrophones.com\/de\/wp-json\/wp\/v2\/product_cat?post=582"},{"taxonomy":"product_tag","embeddable":true,"href":"https:\/\/ecmicrophones.com\/de\/wp-json\/wp\/v2\/product_tag?post=582"}],"curies":[{"name":"wp","href":"https:\/\/api.w.org\/{rel}","templated":true}]}}