{"id":596,"date":"2024-05-11T05:59:04","date_gmt":"2024-05-11T05:59:04","guid":{"rendered":"https:\/\/ecmicrophones.com\/?post_type=product&#038;p=596"},"modified":"2026-03-19T15:38:04","modified_gmt":"2026-03-19T07:38:04","slug":"9-7mm-omnidirectional-electret-microphone-capsule-for-outdoor-camera","status":"publish","type":"product","link":"https:\/\/ecmicrophones.com\/de\/9-7mm-omnidirectional-electret-microphone-capsule-for-outdoor-camera\/","title":{"rendered":"9,7 mm omnidirektionale Elektretmikrofonkapsel f\u00fcr Au\u00dfenkameras"},"content":{"rendered":"<h2 class=\"text-start\">Technische Daten<\/h2>\n<p class=\"text-start\">Das ECM-B9745AL30RC-IP67 ist eine 9,7 \u00d7 4,5 mm gro\u00dfe Mikrofonkapsel mit Kugelcharakteristik, die mit einem wasserdichten Netz der Schutzart IP67 ausgestattet ist. Diese Kapsel wurde f\u00fcr den Einsatz in rauen oder feuchten Umgebungen entwickelt und gew\u00e4hrleistet zuverl\u00e4ssige Audioaufnahmen mit Schutz gegen das Eindringen von Staub und Wasser.<\/p>\n<p class=\"text-start\">Die Empfindlichkeit von -30dB, der breite Frequenzgang von 20Hz bis 16KHz und der hohe Rauschabstand von 74dB erm\u00f6glichen eine pr\u00e4zise Tonaufnahme \u00fcber gro\u00dfe Entfernungen. Der koreanische HF-Mikrofonkern sorgt f\u00fcr eine stabile und konsistente Audioleistung und ist damit ideal f\u00fcr wasserdichte Fernabnahmeger\u00e4te und robuste Mikrofone.<\/p>\n<h3 class=\"pt-5 text-start\">Standardtestschaltung<\/h3>\n<p><img loading=\"lazy\" decoding=\"async\" class=\"alignnone size-full wp-image-600\" src=\"https:\/\/ecmicrophones.com\/wp-content\/uploads\/2024\/05\/standard-test-circuit_ecm-b9745al30rc-ip67.png\" alt=\"ECM-B9745AL30RC-IP67 Pr\u00fcfschaltung: 2,2k\u03a9 Vorspannung, 2V Versorgung, 1\u03bcF Ausgang\" width=\"523\" height=\"231\" srcset=\"https:\/\/ecmicrophones.com\/wp-content\/uploads\/2024\/05\/standard-test-circuit_ecm-b9745al30rc-ip67.png 523w, https:\/\/ecmicrophones.com\/wp-content\/uploads\/2024\/05\/standard-test-circuit_ecm-b9745al30rc-ip67-300x133.png 300w, https:\/\/ecmicrophones.com\/wp-content\/uploads\/2024\/05\/standard-test-circuit_ecm-b9745al30rc-ip67-18x8.png 18w\" sizes=\"auto, (max-width: 523px) 100vw, 523px\" \/><\/p>\n<p>2,2k\u03a9 Vorspannungswiderstand, 2V DC Versorgung, 1\u03bcF Ausgangskondensator. IP67-zertifizierte wasserdichte Konfiguration.<\/p>\n<h3 class=\"pt-5 text-start\">Typischer Frequenzgang<\/h3>\n<p><img loading=\"lazy\" decoding=\"async\" class=\"alignnone size-full wp-image-601\" src=\"https:\/\/ecmicrophones.com\/wp-content\/uploads\/2024\/05\/typical-frequency-response_ecm-b9745al30rc-ip67.png\" alt=\"ECM-B9745AL30RC-IP67 Frequenzgang: Flacher Frequenzgang mit allm\u00e4hlicher Abschw\u00e4chung von 3kHz bis 20kHz\" width=\"397\" height=\"284\" srcset=\"https:\/\/ecmicrophones.com\/wp-content\/uploads\/2024\/05\/typical-frequency-response_ecm-b9745al30rc-ip67.png 397w, https:\/\/ecmicrophones.com\/wp-content\/uploads\/2024\/05\/typical-frequency-response_ecm-b9745al30rc-ip67-300x215.png 300w, https:\/\/ecmicrophones.com\/wp-content\/uploads\/2024\/05\/typical-frequency-response_ecm-b9745al30rc-ip67-18x12.png 18w\" sizes=\"auto, (max-width: 397px) 100vw, 397px\" \/><\/p>\n<p>Flacher Frequenzgang mit kontrollierter D\u00e4mpfung von 3kHz bis 20kHz.<\/p>\n<h3 class=\"pt-5 text-start\">Abmessungen (Einheit: mm)<\/h3>\n<p><img loading=\"lazy\" decoding=\"async\" class=\"alignnone size-full wp-image-599\" src=\"https:\/\/ecmicrophones.com\/wp-content\/uploads\/2024\/05\/appearance-dimension_ecm-b9745al30rc-ip67.png\" alt=\"ECM-B9745AL30RC-IP67 Dimensions: \u03a69,7\u00d74,5mm wasserdichtes Geh\u00e4use mit Staubschutzgitter an der Vorderseite\" width=\"750\" height=\"400\" srcset=\"https:\/\/ecmicrophones.com\/wp-content\/uploads\/2024\/05\/appearance-dimension_ecm-b9745al30rc-ip67.png 750w, https:\/\/ecmicrophones.com\/wp-content\/uploads\/2024\/05\/appearance-dimension_ecm-b9745al30rc-ip67-300x160.png 300w, https:\/\/ecmicrophones.com\/wp-content\/uploads\/2024\/05\/appearance-dimension_ecm-b9745al30rc-ip67-18x10.png 18w, https:\/\/ecmicrophones.com\/wp-content\/uploads\/2024\/05\/appearance-dimension_ecm-b9745al30rc-ip67-600x320.png 600w\" sizes=\"auto, (max-width: 750px) 100vw, 750px\" \/><\/p>\n<p>\u03a69,7\u00d74,5mm wasserdichtes Geh\u00e4use (IP67) mit Staubschutzgitter an der Vorderseite und versiegelter R\u00fcckseite.<\/p>","protected":false},"excerpt":{"rendered":"<p>IP67-zertifizierte 9,7-mm-Kugelmikrofonkapsel f\u00fcr wasserdichte und dauerhafte Tonaufnahmen. F\u00fcr eine Standardversion, siehe <a href=\"https:\/\/ecmicrophones.com\/de\/9-7mm-omnidirectional-microphone-element-for-long-distance-audio-pickup\/\">bleifreies Modell<\/a>. F\u00fcr vorgefertigte Leads, siehe <a href=\"https:\/\/ecmicrophones.com\/de\/9-7mm-voice-recognition-electret-microphone-insert-with-leads\/\">Version mit 100 mm Steigung<\/a> oder <a href=\"https:\/\/ecmicrophones.com\/de\/long-distance-microphone-pickup-9-7mm\/\">Version mit 15 mm Steigung<\/a>.<\/p>","protected":false},"featured_media":2587,"comment_status":"open","ping_status":"closed","template":"","meta":[],"product_brand":[721],"product_cat":[16,20],"product_tag":[282,230,288],"class_list":{"0":"post-596","1":"product","2":"type-product","3":"status-publish","4":"has-post-thumbnail","6":"product_brand-ecmic","7":"product_cat-electret-microphones","8":"product_cat-omnidirectional-microphones","9":"product_tag-9-7mm","10":"product_tag-security","11":"product_tag-solder-pads","13":"first","14":"instock","15":"shipping-taxable","16":"purchasable","17":"product-type-simple"},"_links":{"self":[{"href":"https:\/\/ecmicrophones.com\/de\/wp-json\/wp\/v2\/product\/596","targetHints":{"allow":["GET"]}}],"collection":[{"href":"https:\/\/ecmicrophones.com\/de\/wp-json\/wp\/v2\/product"}],"about":[{"href":"https:\/\/ecmicrophones.com\/de\/wp-json\/wp\/v2\/types\/product"}],"replies":[{"embeddable":true,"href":"https:\/\/ecmicrophones.com\/de\/wp-json\/wp\/v2\/comments?post=596"}],"wp:featuredmedia":[{"embeddable":true,"href":"https:\/\/ecmicrophones.com\/de\/wp-json\/wp\/v2\/media\/2587"}],"wp:attachment":[{"href":"https:\/\/ecmicrophones.com\/de\/wp-json\/wp\/v2\/media?parent=596"}],"wp:term":[{"taxonomy":"product_brand","embeddable":true,"href":"https:\/\/ecmicrophones.com\/de\/wp-json\/wp\/v2\/product_brand?post=596"},{"taxonomy":"product_cat","embeddable":true,"href":"https:\/\/ecmicrophones.com\/de\/wp-json\/wp\/v2\/product_cat?post=596"},{"taxonomy":"product_tag","embeddable":true,"href":"https:\/\/ecmicrophones.com\/de\/wp-json\/wp\/v2\/product_tag?post=596"}],"curies":[{"name":"wp","href":"https:\/\/api.w.org\/{rel}","templated":true}]}}