{"id":60,"date":"2024-03-27T10:29:45","date_gmt":"2024-03-27T10:29:45","guid":{"rendered":"https:\/\/ecmicrophones.com\/?post_type=product&#038;p=60"},"modified":"2026-03-19T15:39:36","modified_gmt":"2026-03-19T07:39:36","slug":"electret-lapel-microphone-capsule-9-7mm","status":"publish","type":"product","link":"https:\/\/ecmicrophones.com\/de\/electret-lapel-microphone-capsule-9-7mm\/","title":{"rendered":"Elektret-Ansteckmikrofonkapsel 9,7 mm"},"content":{"rendered":"<h2 class=\"text-start\">Technische Daten<\/h2>\n<p class=\"text-start\">Unsere unidirektionale Mikrofonkapsel 9750 wurde f\u00fcr eine effektive Ger\u00e4uschunterdr\u00fcckung und Interferenzresistenz entwickelt und gew\u00e4hrleistet erstklassige Audioqualit\u00e4t in jeder Umgebung.<\/p>\n<h3 class=\"pt-5 text-start\">Standardtestschaltung<\/h3>\n<p><img loading=\"lazy\" decoding=\"async\" class=\"alignnone size-full wp-image-243\" src=\"https:\/\/ecmicrophones.com\/wp-content\/uploads\/2024\/03\/standard-test-circuit_ecm-b9750ul38-714.png\" alt=\"Standardtestschaltung\" width=\"505\" height=\"190\" srcset=\"https:\/\/ecmicrophones.com\/wp-content\/uploads\/2024\/03\/standard-test-circuit_ecm-b9750ul38-714.png 505w, https:\/\/ecmicrophones.com\/wp-content\/uploads\/2024\/03\/standard-test-circuit_ecm-b9750ul38-714-300x113.png 300w, https:\/\/ecmicrophones.com\/wp-content\/uploads\/2024\/03\/standard-test-circuit_ecm-b9750ul38-714-18x7.png 18w\" sizes=\"auto, (max-width: 505px) 100vw, 505px\" \/><\/p>\n<p>Standard-Testkonfiguration mit einem 680-\u03a9-Lastwiderstand, einer 1,5-V-Gleichstromversorgung und einem 1\u03bcF-Ausgangskondensator.<\/p>\n<h3 class=\"pt-5 text-start\">Typischer Frequenzgang<\/h3>\n<p><img loading=\"lazy\" decoding=\"async\" class=\"alignnone size-full wp-image-244\" src=\"https:\/\/ecmicrophones.com\/wp-content\/uploads\/2024\/03\/typical-frequency-response_ecm-b9750ul38-714-1.png\" alt=\"Typischer Frequenzgang\" width=\"542\" height=\"224\" srcset=\"https:\/\/ecmicrophones.com\/wp-content\/uploads\/2024\/03\/typical-frequency-response_ecm-b9750ul38-714-1.png 542w, https:\/\/ecmicrophones.com\/wp-content\/uploads\/2024\/03\/typical-frequency-response_ecm-b9750ul38-714-1-300x124.png 300w, https:\/\/ecmicrophones.com\/wp-content\/uploads\/2024\/03\/typical-frequency-response_ecm-b9750ul38-714-1-18x7.png 18w\" sizes=\"auto, (max-width: 542px) 100vw, 542px\" \/><\/p>\n<p>Allm\u00e4hlicher Anstieg von den tiefen Frequenzen mit einem stabilen Mitteltonbereich und einem sanften H\u00f6henabfall oberhalb von 8kHz.<\/p>\n<h3 class=\"pt-5 text-start\">Abmessungen (UNIT: mm)<\/h3>\n<p><img loading=\"lazy\" decoding=\"async\" class=\"alignnone size-full wp-image-242\" src=\"https:\/\/ecmicrophones.com\/wp-content\/uploads\/2024\/03\/appearance-dimension_ecm-b9750ul38-714-1.png\" alt=\"Aussehen Dimension\" width=\"533\" height=\"367\" srcset=\"https:\/\/ecmicrophones.com\/wp-content\/uploads\/2024\/03\/appearance-dimension_ecm-b9750ul38-714-1.png 533w, https:\/\/ecmicrophones.com\/wp-content\/uploads\/2024\/03\/appearance-dimension_ecm-b9750ul38-714-1-300x207.png 300w, https:\/\/ecmicrophones.com\/wp-content\/uploads\/2024\/03\/appearance-dimension_ecm-b9750ul38-714-1-18x12.png 18w\" sizes=\"auto, (max-width: 533px) 100vw, 533px\" \/><\/p>\n<p>\u03a69,7 \u00d7 5,0-mm-Kapsel mit vorderseitigem Staubschutzgitter und r\u00fcckseitiger Akustik\u00f6ffnung f\u00fcr gerichtete Tonaufnahme.<\/p>","protected":false},"excerpt":{"rendered":"<p>Das ECM-B9750UL38-714 ist eine 9,7 \u00d7 5 mm gro\u00dfe unidirektionale Elektretmikrofonkapsel mit einer Empfindlichkeit von -38 dB\u00b12 und einem SNR von 65 dB, ideal f\u00fcr Ansteckmikrofone.<\/p>","protected":false},"featured_media":2674,"comment_status":"open","ping_status":"closed","template":"","meta":[],"product_brand":[721],"product_cat":[16,21],"product_tag":[282,235,288],"class_list":{"0":"post-60","1":"product","2":"type-product","3":"status-publish","4":"has-post-thumbnail","6":"product_brand-ecmic","7":"product_cat-electret-microphones","8":"product_cat-unidirectional-microphones","9":"product_tag-9-7mm","10":"product_tag-conference","11":"product_tag-solder-pads","13":"first","14":"instock","15":"shipping-taxable","16":"purchasable","17":"product-type-simple"},"_links":{"self":[{"href":"https:\/\/ecmicrophones.com\/de\/wp-json\/wp\/v2\/product\/60","targetHints":{"allow":["GET"]}}],"collection":[{"href":"https:\/\/ecmicrophones.com\/de\/wp-json\/wp\/v2\/product"}],"about":[{"href":"https:\/\/ecmicrophones.com\/de\/wp-json\/wp\/v2\/types\/product"}],"replies":[{"embeddable":true,"href":"https:\/\/ecmicrophones.com\/de\/wp-json\/wp\/v2\/comments?post=60"}],"wp:featuredmedia":[{"embeddable":true,"href":"https:\/\/ecmicrophones.com\/de\/wp-json\/wp\/v2\/media\/2674"}],"wp:attachment":[{"href":"https:\/\/ecmicrophones.com\/de\/wp-json\/wp\/v2\/media?parent=60"}],"wp:term":[{"taxonomy":"product_brand","embeddable":true,"href":"https:\/\/ecmicrophones.com\/de\/wp-json\/wp\/v2\/product_brand?post=60"},{"taxonomy":"product_cat","embeddable":true,"href":"https:\/\/ecmicrophones.com\/de\/wp-json\/wp\/v2\/product_cat?post=60"},{"taxonomy":"product_tag","embeddable":true,"href":"https:\/\/ecmicrophones.com\/de\/wp-json\/wp\/v2\/product_tag?post=60"}],"curies":[{"name":"wp","href":"https:\/\/api.w.org\/{rel}","templated":true}]}}