{"id":602,"date":"2024-05-13T19:54:27","date_gmt":"2024-05-13T11:54:27","guid":{"rendered":"https:\/\/ecmicrophones.com\/?post_type=product&#038;p=602"},"modified":"2026-03-19T15:32:29","modified_gmt":"2026-03-19T07:32:29","slug":"6mm-back-electret-condenser-microphone-capsule","status":"publish","type":"product","link":"https:\/\/ecmicrophones.com\/de\/6mm-back-electret-condenser-microphone-capsule\/","title":{"rendered":"6-mm-R\u00fcckelektret-Kondensatormikrofonkapsel"},"content":{"rendered":"<h2 class=\"text-start\">Leistungs\u00fcbersicht<\/h2>\n<p class=\"text-start\">Unser omnidirektionaler Mikrofonkopf 6027 bietet hohe Empfindlichkeit und St\u00f6rfestigkeit und wird speziell mit hochwertiger JFET-Technologie hergestellt.<\/p>\n<h3 class=\"pt-5 text-start\">Technische Daten<\/h3>\n<p><img loading=\"lazy\" decoding=\"async\" class=\"alignnone size-full wp-image-605\" src=\"https:\/\/ecmicrophones.com\/wp-content\/uploads\/2024\/05\/standard-test-circuit_ecm-b6027al26-941.png\" alt=\"Standardtestschaltung\" width=\"514\" height=\"221\" srcset=\"https:\/\/ecmicrophones.com\/wp-content\/uploads\/2024\/05\/standard-test-circuit_ecm-b6027al26-941.png 514w, https:\/\/ecmicrophones.com\/wp-content\/uploads\/2024\/05\/standard-test-circuit_ecm-b6027al26-941-300x129.png 300w, https:\/\/ecmicrophones.com\/wp-content\/uploads\/2024\/05\/standard-test-circuit_ecm-b6027al26-941-18x8.png 18w\" sizes=\"auto, (max-width: 514px) 100vw, 514px\" \/><\/p>\n<p>Testbedingungen: RL = 2,2k\u03a9, Vs = 2V, C = 1\u03bcF.<\/p>\n<h3 class=\"pt-5 text-start\">Typischer Frequenzgang<\/h3>\n<p><img loading=\"lazy\" decoding=\"async\" class=\"alignnone size-full wp-image-606\" src=\"https:\/\/ecmicrophones.com\/wp-content\/uploads\/2024\/05\/typical-frequency-response_ecm-b6027al26-941.png\" alt=\"Typischer Frequenzgang\" width=\"397\" height=\"284\" srcset=\"https:\/\/ecmicrophones.com\/wp-content\/uploads\/2024\/05\/typical-frequency-response_ecm-b6027al26-941.png 397w, https:\/\/ecmicrophones.com\/wp-content\/uploads\/2024\/05\/typical-frequency-response_ecm-b6027al26-941-300x215.png 300w, https:\/\/ecmicrophones.com\/wp-content\/uploads\/2024\/05\/typical-frequency-response_ecm-b6027al26-941-18x12.png 18w\" sizes=\"auto, (max-width: 397px) 100vw, 397px\" \/><\/p>\n<p>Relativ flach von 50Hz bis 2kHz mit geringen Schwankungen, gefolgt von einem deutlichen Anstieg zwischen 2kHz und 8kHz, dann ein allm\u00e4hlicher Abfall in Richtung 20kHz - geeignet f\u00fcr die Aufnahme von Stimme und Umgebungsger\u00e4uschen mit erweiterter Hochfrequenzempfindlichkeit, ideal f\u00fcr kompakte Ger\u00e4te, die eine zuverl\u00e4ssige Stimmaufnahme erfordern.<\/p>\n<h3 class=\"pt-5 text-start\">Abmessungen (UNIT: mm)<\/h3>\n<p><img loading=\"lazy\" decoding=\"async\" class=\"alignnone size-full wp-image-607\" src=\"https:\/\/ecmicrophones.com\/wp-content\/uploads\/2024\/05\/appearance-dimension_ecm-b6027al26-941.png\" alt=\"Aussehen Dimension\" width=\"484\" height=\"356\" srcset=\"https:\/\/ecmicrophones.com\/wp-content\/uploads\/2024\/05\/appearance-dimension_ecm-b6027al26-941.png 484w, https:\/\/ecmicrophones.com\/wp-content\/uploads\/2024\/05\/appearance-dimension_ecm-b6027al26-941-300x221.png 300w, https:\/\/ecmicrophones.com\/wp-content\/uploads\/2024\/05\/appearance-dimension_ecm-b6027al26-941-16x12.png 16w\" sizes=\"auto, (max-width: 484px) 100vw, 484px\" \/><\/p>\n<p>Kompakte 6,0 \u00d7 2,7-mm-Kapsel mit Staubschutzgitter auf der Vorderseite und versiegelter R\u00fcckseite - konzipiert f\u00fcr Ger\u00e4te mit begrenztem Platzangebot, die eine gleichbleibende Audioqualit\u00e4t erfordern.<\/p>","protected":false},"excerpt":{"rendered":"<p>Das ECM-B6027AL26-941 ist eine 6 \u00d7 2,7 mm gro\u00dfe omnidirektionale Mikrofonkapsel, die f\u00fcr Ger\u00e4te mit gro\u00dfer Tonabnahme entwickelt wurde. Mit einer Empfindlichkeit von -26 dB\u00b12 und einem Signal-Rausch-Verh\u00e4ltnis von 56 dB gew\u00e4hrleistet es eine effektive Tonaufnahme in verschiedenen Anwendungen, die eine Tonabnahme aus gro\u00dfer Entfernung erfordern.<\/p>","protected":false},"featured_media":2481,"comment_status":"open","ping_status":"closed","template":"","meta":[],"product_brand":[721],"product_cat":[16,20],"product_tag":[283,229,288],"class_list":{"0":"post-602","1":"product","2":"type-product","3":"status-publish","4":"has-post-thumbnail","6":"product_brand-ecmic","7":"product_cat-electret-microphones","8":"product_cat-omnidirectional-microphones","9":"product_tag-6mm","10":"product_tag-equipment","11":"product_tag-solder-pads","13":"first","14":"instock","15":"shipping-taxable","16":"purchasable","17":"product-type-simple"},"_links":{"self":[{"href":"https:\/\/ecmicrophones.com\/de\/wp-json\/wp\/v2\/product\/602","targetHints":{"allow":["GET"]}}],"collection":[{"href":"https:\/\/ecmicrophones.com\/de\/wp-json\/wp\/v2\/product"}],"about":[{"href":"https:\/\/ecmicrophones.com\/de\/wp-json\/wp\/v2\/types\/product"}],"replies":[{"embeddable":true,"href":"https:\/\/ecmicrophones.com\/de\/wp-json\/wp\/v2\/comments?post=602"}],"wp:featuredmedia":[{"embeddable":true,"href":"https:\/\/ecmicrophones.com\/de\/wp-json\/wp\/v2\/media\/2481"}],"wp:attachment":[{"href":"https:\/\/ecmicrophones.com\/de\/wp-json\/wp\/v2\/media?parent=602"}],"wp:term":[{"taxonomy":"product_brand","embeddable":true,"href":"https:\/\/ecmicrophones.com\/de\/wp-json\/wp\/v2\/product_brand?post=602"},{"taxonomy":"product_cat","embeddable":true,"href":"https:\/\/ecmicrophones.com\/de\/wp-json\/wp\/v2\/product_cat?post=602"},{"taxonomy":"product_tag","embeddable":true,"href":"https:\/\/ecmicrophones.com\/de\/wp-json\/wp\/v2\/product_tag?post=602"}],"curies":[{"name":"wp","href":"https:\/\/api.w.org\/{rel}","templated":true}]}}