{"id":608,"date":"2024-05-13T17:33:52","date_gmt":"2024-05-13T09:33:52","guid":{"rendered":"https:\/\/ecmicrophones.com\/?post_type=product&#038;p=608"},"modified":"2026-03-19T15:32:39","modified_gmt":"2026-03-19T07:32:39","slug":"ukulele-pickup-microphone-capsule-6mm","status":"publish","type":"product","link":"https:\/\/ecmicrophones.com\/de\/ukulele-pickup-microphone-capsule-6mm\/","title":{"rendered":"6-mm-Ukulelen-Tonabnehmerkapsel f\u00fcr Elektretmikrofon mit Stiften"},"content":{"rendered":"<h2 class=\"text-start\">Leistungs\u00fcbersicht<\/h2>\n<p class=\"text-start\">Unsere omnidirektionalen 6022-Mikrofonkerne werden unter Verwendung umweltfreundlicher Materialien und importierter Panasonic JFET hergestellt und gew\u00e4hrleisten eine \u00fcberragende Leistung.<\/p>\n<h3 class=\"pt-5 text-start\">Technische Daten<\/h3>\n<p><img loading=\"lazy\" decoding=\"async\" class=\"alignnone size-full wp-image-612\" src=\"https:\/\/ecmicrophones.com\/wp-content\/uploads\/2024\/05\/standard-test-circuit_ecm-b6022ap2.8-49.png\" alt=\"Standardtestschaltung\" width=\"515\" height=\"219\" srcset=\"https:\/\/ecmicrophones.com\/wp-content\/uploads\/2024\/05\/standard-test-circuit_ecm-b6022ap2.8-49.png 515w, https:\/\/ecmicrophones.com\/wp-content\/uploads\/2024\/05\/standard-test-circuit_ecm-b6022ap2.8-49-300x128.png 300w, https:\/\/ecmicrophones.com\/wp-content\/uploads\/2024\/05\/standard-test-circuit_ecm-b6022ap2.8-49-18x8.png 18w\" sizes=\"auto, (max-width: 515px) 100vw, 515px\" \/><\/p>\n<p>Testbedingungen: 2,2k\u03a9 Vorspannungswiderstand, 2V Versorgungsspannung, 1\u03bcF Ausgangskondensator.<\/p>\n<h3 class=\"pt-5 text-start\">Typischer Frequenzgang<\/h3>\n<p><img loading=\"lazy\" decoding=\"async\" class=\"alignnone size-full wp-image-613\" src=\"https:\/\/ecmicrophones.com\/wp-content\/uploads\/2024\/05\/typical-frequency-response_ecm-b6022ap2.8-49.png\" alt=\"Typischer Frequenzgang\" width=\"397\" height=\"284\" srcset=\"https:\/\/ecmicrophones.com\/wp-content\/uploads\/2024\/05\/typical-frequency-response_ecm-b6022ap2.8-49.png 397w, https:\/\/ecmicrophones.com\/wp-content\/uploads\/2024\/05\/typical-frequency-response_ecm-b6022ap2.8-49-300x215.png 300w, https:\/\/ecmicrophones.com\/wp-content\/uploads\/2024\/05\/typical-frequency-response_ecm-b6022ap2.8-49-18x12.png 18w\" sizes=\"auto, (max-width: 397px) 100vw, 397px\" \/><\/p>\n<p>Der Frequenzgang von 50 Hz bis 20 kHz ist im Allgemeinen flach mit einer leichten Abschw\u00e4chung bei h\u00f6heren Frequenzen.<\/p>\n<h3 class=\"pt-5 text-start\">Abmessungen (UNIT: mm)<\/h3>\n<p><img loading=\"lazy\" decoding=\"async\" class=\"alignnone size-full wp-image-611\" src=\"https:\/\/ecmicrophones.com\/wp-content\/uploads\/2024\/05\/appearance-dimension_ecm-b6022ap2.8-49.png\" alt=\"Aussehen Dimension\" width=\"509\" height=\"391\" srcset=\"https:\/\/ecmicrophones.com\/wp-content\/uploads\/2024\/05\/appearance-dimension_ecm-b6022ap2.8-49.png 509w, https:\/\/ecmicrophones.com\/wp-content\/uploads\/2024\/05\/appearance-dimension_ecm-b6022ap2.8-49-300x230.png 300w, https:\/\/ecmicrophones.com\/wp-content\/uploads\/2024\/05\/appearance-dimension_ecm-b6022ap2.8-49-16x12.png 16w\" sizes=\"auto, (max-width: 509px) 100vw, 509px\" \/><\/p>\n<p>Die Mikrofonkapsel hat einen Durchmesser von 6 mm und eine H\u00f6he von 2,2 mm und verf\u00fcgt \u00fcber ein Staubschutzgitter auf der Vorderseite und eine abgedichtete R\u00fcckseite ohne akustische \u00d6ffnung. Ausgestattet mit 2,8-mm-Stiften mit 1,9-mm-Abstand.<\/p>","protected":false},"excerpt":{"rendered":"<p>Das ECM-B6022AP2.8-49 ist eine 6 \u00d7 2,2 mm gro\u00dfe omnidirektionale Elektretmikrofonkapsel mit 2 Pins, -49 dB\u00b12 Empfindlichkeit und 55 dB SNR. Perfekt f\u00fcr Ukulelen-Tonabnehmer, Metronome und Instrumentenaufnahmen.<\/p>","protected":false},"featured_media":2555,"comment_status":"open","ping_status":"closed","template":"","meta":[],"product_brand":[721],"product_cat":[16,20],"product_tag":[283,111,291],"class_list":{"0":"post-608","1":"product","2":"type-product","3":"status-publish","4":"has-post-thumbnail","6":"product_brand-ecmic","7":"product_cat-electret-microphones","8":"product_cat-omnidirectional-microphones","9":"product_tag-6mm","10":"product_tag-instrument","11":"product_tag-pin-type","13":"first","14":"instock","15":"shipping-taxable","16":"purchasable","17":"product-type-simple"},"_links":{"self":[{"href":"https:\/\/ecmicrophones.com\/de\/wp-json\/wp\/v2\/product\/608","targetHints":{"allow":["GET"]}}],"collection":[{"href":"https:\/\/ecmicrophones.com\/de\/wp-json\/wp\/v2\/product"}],"about":[{"href":"https:\/\/ecmicrophones.com\/de\/wp-json\/wp\/v2\/types\/product"}],"replies":[{"embeddable":true,"href":"https:\/\/ecmicrophones.com\/de\/wp-json\/wp\/v2\/comments?post=608"}],"wp:featuredmedia":[{"embeddable":true,"href":"https:\/\/ecmicrophones.com\/de\/wp-json\/wp\/v2\/media\/2555"}],"wp:attachment":[{"href":"https:\/\/ecmicrophones.com\/de\/wp-json\/wp\/v2\/media?parent=608"}],"wp:term":[{"taxonomy":"product_brand","embeddable":true,"href":"https:\/\/ecmicrophones.com\/de\/wp-json\/wp\/v2\/product_brand?post=608"},{"taxonomy":"product_cat","embeddable":true,"href":"https:\/\/ecmicrophones.com\/de\/wp-json\/wp\/v2\/product_cat?post=608"},{"taxonomy":"product_tag","embeddable":true,"href":"https:\/\/ecmicrophones.com\/de\/wp-json\/wp\/v2\/product_tag?post=608"}],"curies":[{"name":"wp","href":"https:\/\/api.w.org\/{rel}","templated":true}]}}