{"id":626,"date":"2024-05-13T15:35:30","date_gmt":"2024-05-13T07:35:30","guid":{"rendered":"https:\/\/ecmicrophones.com\/?post_type=product&#038;p=626"},"modified":"2026-03-19T15:33:16","modified_gmt":"2026-03-19T07:33:16","slug":"14mm-cardioid-electret-microphone-element-for-live-streaming","status":"publish","type":"product","link":"https:\/\/ecmicrophones.com\/de\/14mm-cardioid-electret-microphone-element-for-live-streaming\/","title":{"rendered":"14-mm-Elektretmikrofonelement mit Nierencharakteristik f\u00fcr Live-Streaming"},"content":{"rendered":"<h2 class=\"text-start\">Technische Daten<\/h2>\n<p class=\"text-start\">Unser unidirektionaler Mikrofonkopf 1463 zeichnet sich durch extrem geringes Eigenrauschen, hohe Wiedergabetreue und geringen Stromverbrauch aus und ist damit ein idealer hochwertiger, rauscharmer Mikrofonkern.<\/p>\n<h3 class=\"pt-5 text-start\">Standardtestschaltung<\/h3>\n<p><img loading=\"lazy\" decoding=\"async\" class=\"alignnone size-full wp-image-629\" src=\"https:\/\/ecmicrophones.com\/wp-content\/uploads\/2024\/05\/standard-test-circuit_ecm-b1463uml38-727.png\" alt=\"ECM-B1463UML38-727 Pr\u00fcfschaltkreis: 15k\u03a9 Vorspannung, 2V Versorgung, 1\u03bcF Ausgangskondensator\" width=\"508\" height=\"223\" srcset=\"https:\/\/ecmicrophones.com\/wp-content\/uploads\/2024\/05\/standard-test-circuit_ecm-b1463uml38-727.png 508w, https:\/\/ecmicrophones.com\/wp-content\/uploads\/2024\/05\/standard-test-circuit_ecm-b1463uml38-727-300x132.png 300w, https:\/\/ecmicrophones.com\/wp-content\/uploads\/2024\/05\/standard-test-circuit_ecm-b1463uml38-727-18x8.png 18w\" sizes=\"auto, (max-width: 508px) 100vw, 508px\" \/><\/p>\n<p>15k\u03a9 Vorspannungswiderstand, 2V DC Versorgung, 1\u03bcF Ausgangskondensator.<\/p>\n<h3 class=\"pt-5 text-start\">Typischer Frequenzgang<\/h3>\n<p><img loading=\"lazy\" decoding=\"async\" class=\"alignnone wp-image-630 size-large\" src=\"https:\/\/ecmicrophones.com\/wp-content\/uploads\/2024\/05\/typical-frequency-response_ecm-b1463uml38-727-1024x460.png\" alt=\"ECM-B1463UML38-727 Frequenzgang: Ansteigende Frequenzgangkurve mit Spitzenwert im oberen Mitteltonbereich und allm\u00e4hlicher Abschw\u00e4chung\" width=\"1024\" height=\"460\" srcset=\"https:\/\/ecmicrophones.com\/wp-content\/uploads\/2024\/05\/typical-frequency-response_ecm-b1463uml38-727-1024x460.png 1024w, https:\/\/ecmicrophones.com\/wp-content\/uploads\/2024\/05\/typical-frequency-response_ecm-b1463uml38-727-300x135.png 300w, https:\/\/ecmicrophones.com\/wp-content\/uploads\/2024\/05\/typical-frequency-response_ecm-b1463uml38-727-768x345.png 768w, https:\/\/ecmicrophones.com\/wp-content\/uploads\/2024\/05\/typical-frequency-response_ecm-b1463uml38-727-1536x690.png 1536w, https:\/\/ecmicrophones.com\/wp-content\/uploads\/2024\/05\/typical-frequency-response_ecm-b1463uml38-727-18x8.png 18w, https:\/\/ecmicrophones.com\/wp-content\/uploads\/2024\/05\/typical-frequency-response_ecm-b1463uml38-727-600x270.png 600w, https:\/\/ecmicrophones.com\/wp-content\/uploads\/2024\/05\/typical-frequency-response_ecm-b1463uml38-727.png 1651w\" sizes=\"auto, (max-width: 1024px) 100vw, 1024px\" \/><\/p>\n<p>Ansteigende Frequenzgangkurve von den tiefen Frequenzen bis zum oberen Mitteltonbereich, gefolgt von einem sanften Abfall der hohen Frequenzen.<\/p>\n<h3 class=\"pt-5 text-start\">Abmessungen (Einheit: mm)<\/h3>\n<p><img loading=\"lazy\" decoding=\"async\" class=\"alignnone size-full wp-image-631\" src=\"https:\/\/ecmicrophones.com\/wp-content\/uploads\/2024\/05\/appearance-dimension_ecm-b1463uml38-727.png\" alt=\"ECM-B1463UML38-727 Abmessungen: \u03a614\u00d76,3mm mit Frontgitter und r\u00fcckseitiger Schall\u00f6ffnung\" width=\"550\" height=\"391\" srcset=\"https:\/\/ecmicrophones.com\/wp-content\/uploads\/2024\/05\/appearance-dimension_ecm-b1463uml38-727.png 550w, https:\/\/ecmicrophones.com\/wp-content\/uploads\/2024\/05\/appearance-dimension_ecm-b1463uml38-727-300x213.png 300w, https:\/\/ecmicrophones.com\/wp-content\/uploads\/2024\/05\/appearance-dimension_ecm-b1463uml38-727-18x12.png 18w\" sizes=\"auto, (max-width: 550px) 100vw, 550px\" \/><\/p>\n<p>\u03a614\u00d76,3 mm gro\u00dfes Geh\u00e4use mit staubdichtem Netz an der Vorderseite und akustischer \u00d6ffnung an der R\u00fcckseite f\u00fcr gerichtete Tonaufnahme.<\/p>","protected":false},"excerpt":{"rendered":"<p>Das ECM-B1463UML38-727 ist eine 14-mm-Elektretmikrofonkapsel mit Nierencharakteristik, einer Empfindlichkeit von -38 dB und einem Rauschabstand von 70 dB, ideal f\u00fcr Live-Streaming und Karaoke-Mikrofone. Es bietet eine klare, fokussierte Tonabnahme mit geringem Rauschen f\u00fcr eine gleichbleibende Gesangsleistung.<\/p>","protected":false},"featured_media":2532,"comment_status":"open","ping_status":"closed","template":"","meta":[],"product_brand":[721],"product_cat":[16,21],"product_tag":[280,288,116],"class_list":{"0":"post-626","1":"product","2":"type-product","3":"status-publish","4":"has-post-thumbnail","6":"product_brand-ecmic","7":"product_cat-electret-microphones","8":"product_cat-unidirectional-microphones","9":"product_tag-14mm","10":"product_tag-solder-pads","11":"product_tag-vocal","13":"first","14":"instock","15":"shipping-taxable","16":"purchasable","17":"product-type-simple"},"_links":{"self":[{"href":"https:\/\/ecmicrophones.com\/de\/wp-json\/wp\/v2\/product\/626","targetHints":{"allow":["GET"]}}],"collection":[{"href":"https:\/\/ecmicrophones.com\/de\/wp-json\/wp\/v2\/product"}],"about":[{"href":"https:\/\/ecmicrophones.com\/de\/wp-json\/wp\/v2\/types\/product"}],"replies":[{"embeddable":true,"href":"https:\/\/ecmicrophones.com\/de\/wp-json\/wp\/v2\/comments?post=626"}],"wp:featuredmedia":[{"embeddable":true,"href":"https:\/\/ecmicrophones.com\/de\/wp-json\/wp\/v2\/media\/2532"}],"wp:attachment":[{"href":"https:\/\/ecmicrophones.com\/de\/wp-json\/wp\/v2\/media?parent=626"}],"wp:term":[{"taxonomy":"product_brand","embeddable":true,"href":"https:\/\/ecmicrophones.com\/de\/wp-json\/wp\/v2\/product_brand?post=626"},{"taxonomy":"product_cat","embeddable":true,"href":"https:\/\/ecmicrophones.com\/de\/wp-json\/wp\/v2\/product_cat?post=626"},{"taxonomy":"product_tag","embeddable":true,"href":"https:\/\/ecmicrophones.com\/de\/wp-json\/wp\/v2\/product_tag?post=626"}],"curies":[{"name":"wp","href":"https:\/\/api.w.org\/{rel}","templated":true}]}}