{"id":638,"date":"2024-05-12T14:36:45","date_gmt":"2024-05-12T14:36:45","guid":{"rendered":"https:\/\/ecmicrophones.com\/?post_type=product&#038;p=638"},"modified":"2026-03-19T15:33:36","modified_gmt":"2026-03-19T07:33:36","slug":"9-7mm-unidirectional-electret-microphone-insert-for-violin-pickup","status":"publish","type":"product","link":"https:\/\/ecmicrophones.com\/de\/9-7mm-unidirectional-electret-microphone-insert-for-violin-pickup\/","title":{"rendered":"9,7 mm unidirektionaler Elektretmikrofon-Einsatz f\u00fcr Violinen-Tonabnehmer"},"content":{"rendered":"<h2 class=\"text-start\">Technische Daten<\/h2>\n<p class=\"text-start\">Unser 9750-Mikrofon mit unidirektionaler Ger\u00e4uschunterdr\u00fcckung verwendet stabile und zuverl\u00e4ssige koreanische RF-JFET-Komponenten und verf\u00fcgt \u00fcber ein internes Doppelkondensatordesign, das wirksam vor HF-Interferenzen sch\u00fctzt und so eine Hi-Fi-Klangwiedergabe gew\u00e4hrleistet.<\/p>\n<h3 class=\"pt-5 text-start\">Standardtestschaltung<\/h3>\n<p><img loading=\"lazy\" decoding=\"async\" class=\"alignnone size-full wp-image-641\" src=\"https:\/\/ecmicrophones.com\/wp-content\/uploads\/2024\/05\/standard-test-circuit_ecm-b9750ul45-201.png\" alt=\"Standardtestschaltung\" width=\"487\" height=\"208\" srcset=\"https:\/\/ecmicrophones.com\/wp-content\/uploads\/2024\/05\/standard-test-circuit_ecm-b9750ul45-201.png 487w, https:\/\/ecmicrophones.com\/wp-content\/uploads\/2024\/05\/standard-test-circuit_ecm-b9750ul45-201-300x128.png 300w, https:\/\/ecmicrophones.com\/wp-content\/uploads\/2024\/05\/standard-test-circuit_ecm-b9750ul45-201-18x8.png 18w\" sizes=\"auto, (max-width: 487px) 100vw, 487px\" \/><\/p>\n<p>Testschaltung konfiguriert mit RL=2,2K\u03a9, VS=2V und C=1\u03bcF.<\/p>\n<h3 class=\"pt-5 text-start\">Typischer Frequenzgang<\/h3>\n<p><img loading=\"lazy\" decoding=\"async\" class=\"alignnone wp-image-642 size-large\" src=\"https:\/\/ecmicrophones.com\/wp-content\/uploads\/2024\/05\/typical-frequency-response_ecm-b9750ul45-201-1024x469.png\" alt=\"Typischer Frequenzgang\" width=\"1024\" height=\"469\" srcset=\"https:\/\/ecmicrophones.com\/wp-content\/uploads\/2024\/05\/typical-frequency-response_ecm-b9750ul45-201-1024x469.png 1024w, https:\/\/ecmicrophones.com\/wp-content\/uploads\/2024\/05\/typical-frequency-response_ecm-b9750ul45-201-300x137.png 300w, https:\/\/ecmicrophones.com\/wp-content\/uploads\/2024\/05\/typical-frequency-response_ecm-b9750ul45-201-768x352.png 768w, https:\/\/ecmicrophones.com\/wp-content\/uploads\/2024\/05\/typical-frequency-response_ecm-b9750ul45-201-18x8.png 18w, https:\/\/ecmicrophones.com\/wp-content\/uploads\/2024\/05\/typical-frequency-response_ecm-b9750ul45-201-600x275.png 600w, https:\/\/ecmicrophones.com\/wp-content\/uploads\/2024\/05\/typical-frequency-response_ecm-b9750ul45-201.png 1262w\" sizes=\"auto, (max-width: 1024px) 100vw, 1024px\" \/><\/p>\n<p>Der Frequenzgang steigt ab 100 Hz allm\u00e4hlich an, erreicht bei 10 kHz seinen H\u00f6hepunkt und beginnt dann bei 16 kHz abzufallen.<\/p>\n<h3 class=\"pt-5 text-start\">Abmessungen (UNIT: mm)<\/h3>\n<p><img loading=\"lazy\" decoding=\"async\" class=\"alignnone size-full wp-image-643\" src=\"https:\/\/ecmicrophones.com\/wp-content\/uploads\/2024\/05\/appearance-dimension_ecm-b9750ul45-201.png\" alt=\"Aussehen Dimension\" width=\"501\" height=\"579\" srcset=\"https:\/\/ecmicrophones.com\/wp-content\/uploads\/2024\/05\/appearance-dimension_ecm-b9750ul45-201.png 501w, https:\/\/ecmicrophones.com\/wp-content\/uploads\/2024\/05\/appearance-dimension_ecm-b9750ul45-201-260x300.png 260w, https:\/\/ecmicrophones.com\/wp-content\/uploads\/2024\/05\/appearance-dimension_ecm-b9750ul45-201-10x12.png 10w\" sizes=\"auto, (max-width: 501px) 100vw, 501px\" \/><\/p>\n<p>Die Kapsel hat einen Durchmesser von 9,7 mm und eine H\u00f6he von 5 mm, mit einem Staubschutzgitter auf der Vorderseite und einer akustischen \u00d6ffnung auf der R\u00fcckseite f\u00fcr eine klare Klangabnahme.<\/p>","protected":false},"excerpt":{"rendered":"<p>Das ECM-B9750UL45-201 ist eine 9,7 x 5 mm gro\u00dfe, unidirektionale Mikrofonkapsel, die f\u00fcr die Aufnahme von Instrumenten wie Geige und Gitarre entwickelt wurde. Es bietet eine Empfindlichkeit von -45 dB\u00b11 und einen Signal-Rausch-Abstand von 58 dB und sorgt so f\u00fcr eine klare Audiowiedergabe.<\/p>","protected":false},"featured_media":2676,"comment_status":"open","ping_status":"closed","template":"","meta":[],"product_brand":[721],"product_cat":[16,21],"product_tag":[282,111,288],"class_list":{"0":"post-638","1":"product","2":"type-product","3":"status-publish","4":"has-post-thumbnail","6":"product_brand-ecmic","7":"product_cat-electret-microphones","8":"product_cat-unidirectional-microphones","9":"product_tag-9-7mm","10":"product_tag-instrument","11":"product_tag-solder-pads","13":"first","14":"instock","15":"shipping-taxable","16":"purchasable","17":"product-type-simple"},"_links":{"self":[{"href":"https:\/\/ecmicrophones.com\/de\/wp-json\/wp\/v2\/product\/638","targetHints":{"allow":["GET"]}}],"collection":[{"href":"https:\/\/ecmicrophones.com\/de\/wp-json\/wp\/v2\/product"}],"about":[{"href":"https:\/\/ecmicrophones.com\/de\/wp-json\/wp\/v2\/types\/product"}],"replies":[{"embeddable":true,"href":"https:\/\/ecmicrophones.com\/de\/wp-json\/wp\/v2\/comments?post=638"}],"wp:featuredmedia":[{"embeddable":true,"href":"https:\/\/ecmicrophones.com\/de\/wp-json\/wp\/v2\/media\/2676"}],"wp:attachment":[{"href":"https:\/\/ecmicrophones.com\/de\/wp-json\/wp\/v2\/media?parent=638"}],"wp:term":[{"taxonomy":"product_brand","embeddable":true,"href":"https:\/\/ecmicrophones.com\/de\/wp-json\/wp\/v2\/product_brand?post=638"},{"taxonomy":"product_cat","embeddable":true,"href":"https:\/\/ecmicrophones.com\/de\/wp-json\/wp\/v2\/product_cat?post=638"},{"taxonomy":"product_tag","embeddable":true,"href":"https:\/\/ecmicrophones.com\/de\/wp-json\/wp\/v2\/product_tag?post=638"}],"curies":[{"name":"wp","href":"https:\/\/api.w.org\/{rel}","templated":true}]}}