{"id":644,"date":"2024-05-11T15:52:21","date_gmt":"2024-05-11T15:52:21","guid":{"rendered":"https:\/\/ecmicrophones.com\/?post_type=product&#038;p=644"},"modified":"2026-03-19T15:37:38","modified_gmt":"2026-03-19T07:37:38","slug":"9-7mm-cardioid-electret-microphone-for-automotive-use","status":"publish","type":"product","link":"https:\/\/ecmicrophones.com\/de\/9-7mm-cardioid-electret-microphone-for-automotive-use\/","title":{"rendered":"9,7-mm-Elektretmikrofon mit Nierencharakteristik f\u00fcr den Einsatz im Automobilbereich"},"content":{"rendered":"<h2 class=\"text-start\">Highlights der Automobilanwendung<\/h2>\n<p class=\"text-start\">\nDas ECM-B9750UP-45 wurde speziell f\u00fcr fahrzeuginterne Sprachinteraktionssysteme entwickelt. Es verf\u00fcgt \u00fcber eine hohe Empfindlichkeit mit einer engen \u00b11dB-Konsistenz f\u00fcr eine stabile und gleichm\u00e4\u00dfige Leistung - besonders effektiv bei der Montage auf Mittelkonsolen oder Armaturenbrettmodulen.\n<\/p>\n<p class=\"text-start\">\nDieses Mikrofon arbeitet zuverl\u00e4ssig unter extremen Bedingungen im Automobilbereich von -40\u00b0C bis 85\u00b0C und bietet eine hervorragende Best\u00e4ndigkeit gegen Feuchtigkeit, mechanische St\u00f6\u00dfe und EMI. Seine robuste Struktur bietet Schutz vor elektrostatischer Entladung (Stufe 4) und h\u00e4lt die Phasenabweichung innerhalb von \u22643\u00b0, was eine saubere und genaue Sprachaufnahme f\u00fcr eine klare, nat\u00fcrliche Klangqualit\u00e4t erm\u00f6glicht.\n<\/p>\n<h2 class=\"text-start\">Technische Daten<\/h2>\n<p class=\"text-start\">\nDie unidirektionale Elektretmikrofonkapsel ECM-B9750UP-45 wurde f\u00fcr eine hervorragende Rauschunterdr\u00fcckung und St\u00f6rungsresistenz entwickelt und bietet eine au\u00dfergew\u00f6hnliche Sprachleistung in Fahrzeugumgebungen. Seine 2-Pin-Konfiguration erm\u00f6glicht die nahtlose Integration in verschiedene Fahrzeug-Audio- und Kommunikationsmodule.\n<\/p>\n<h3 class=\"pt-5 text-start\">Standardtestschaltung<\/h3>\n<p><img loading=\"lazy\" decoding=\"async\" class=\"alignnone size-full wp-image-647\" src=\"https:\/\/ecmicrophones.com\/wp-content\/uploads\/2024\/05\/standard-test-circuit_ecm-b9750up-45.png\" alt=\"Standardtestschaltung\" width=\"530\" height=\"266\" srcset=\"https:\/\/ecmicrophones.com\/wp-content\/uploads\/2024\/05\/standard-test-circuit_ecm-b9750up-45.png 530w, https:\/\/ecmicrophones.com\/wp-content\/uploads\/2024\/05\/standard-test-circuit_ecm-b9750up-45-300x151.png 300w, https:\/\/ecmicrophones.com\/wp-content\/uploads\/2024\/05\/standard-test-circuit_ecm-b9750up-45-18x9.png 18w\" sizes=\"auto, (max-width: 530px) 100vw, 530px\" \/><\/p>\n<p>Gepr\u00fcft mit RL = 680\u03a9, Vs = 1,5V und C = 1\u03bcF.<\/p>\n<h3 class=\"pt-5 text-start\">Typischer Frequenzgang<\/h3>\n<p><img loading=\"lazy\" decoding=\"async\" class=\"alignnone size-full wp-image-648\" src=\"https:\/\/ecmicrophones.com\/wp-content\/uploads\/2024\/05\/typical-frequency-response_ecm-b9750up-45.png\" alt=\"Typischer Frequenzgang\" width=\"845\" height=\"385\" srcset=\"https:\/\/ecmicrophones.com\/wp-content\/uploads\/2024\/05\/typical-frequency-response_ecm-b9750up-45.png 845w, https:\/\/ecmicrophones.com\/wp-content\/uploads\/2024\/05\/typical-frequency-response_ecm-b9750up-45-300x137.png 300w, https:\/\/ecmicrophones.com\/wp-content\/uploads\/2024\/05\/typical-frequency-response_ecm-b9750up-45-768x350.png 768w, https:\/\/ecmicrophones.com\/wp-content\/uploads\/2024\/05\/typical-frequency-response_ecm-b9750up-45-18x8.png 18w, https:\/\/ecmicrophones.com\/wp-content\/uploads\/2024\/05\/typical-frequency-response_ecm-b9750up-45-600x273.png 600w\" sizes=\"auto, (max-width: 845px) 100vw, 845px\" \/><\/p>\n<p>Der Frequenzgang steigt stetig von 100 Hz bis etwa 6 kHz an, wo er seinen H\u00f6hepunkt erreicht, und f\u00e4llt dann allm\u00e4hlich ab. Starke Verst\u00e4rkung bei niedrigen Frequenzen mit m\u00e4\u00dfigen Schwankungen im mittleren bis hohen Bereich.<\/p>\n<h3 class=\"pt-5 text-start\">Abmessungen (UNIT: mm)<\/h3>\n<p><img loading=\"lazy\" decoding=\"async\" class=\"alignnone wp-image-649 size-large\" src=\"https:\/\/ecmicrophones.com\/wp-content\/uploads\/2024\/05\/appearance-dimension_ecm-b9750up-45-1024x333.png\" alt=\"Aussehen Dimension\" width=\"1024\" height=\"333\" srcset=\"https:\/\/ecmicrophones.com\/wp-content\/uploads\/2024\/05\/appearance-dimension_ecm-b9750up-45-1024x333.png 1024w, https:\/\/ecmicrophones.com\/wp-content\/uploads\/2024\/05\/appearance-dimension_ecm-b9750up-45-300x98.png 300w, https:\/\/ecmicrophones.com\/wp-content\/uploads\/2024\/05\/appearance-dimension_ecm-b9750up-45-768x250.png 768w, https:\/\/ecmicrophones.com\/wp-content\/uploads\/2024\/05\/appearance-dimension_ecm-b9750up-45-18x6.png 18w, https:\/\/ecmicrophones.com\/wp-content\/uploads\/2024\/05\/appearance-dimension_ecm-b9750up-45-600x195.png 600w, https:\/\/ecmicrophones.com\/wp-content\/uploads\/2024\/05\/appearance-dimension_ecm-b9750up-45.png 1431w\" sizes=\"auto, (max-width: 1024px) 100vw, 1024px\" \/><\/p>\n<p>\u03a69,7 \u00d7 5,0-mm-Kapsel mit Staubschutzgitter auf der Vorderseite und akustischer \u00d6ffnung auf der R\u00fcckseite. Ausgestattet mit 2mm Stiften, mit 2,54mm Abstand.<\/p>","protected":false},"excerpt":{"rendered":"<p>9,7 \u00d7 5 mm gro\u00dfe Elektret-Mikrofonkapsel in Automobilqualit\u00e4t mit unidirektionaler Richtcharakteristik, einer Empfindlichkeit von -45 dB\u00b12, einem SNR von 58 dB und einem 2-poligen Anschluss, der f\u00fcr Sprachsteuerungs-, Infotainment- und Kommunikationsmodule in Fahrzeugen entwickelt wurde.<\/p>","protected":false},"featured_media":2591,"comment_status":"open","ping_status":"closed","template":"","meta":[],"product_brand":[721],"product_cat":[16,21],"product_tag":[282,229,291],"class_list":{"0":"post-644","1":"product","2":"type-product","3":"status-publish","4":"has-post-thumbnail","6":"product_brand-ecmic","7":"product_cat-electret-microphones","8":"product_cat-unidirectional-microphones","9":"product_tag-9-7mm","10":"product_tag-equipment","11":"product_tag-pin-type","13":"first","14":"instock","15":"shipping-taxable","16":"purchasable","17":"product-type-simple"},"_links":{"self":[{"href":"https:\/\/ecmicrophones.com\/de\/wp-json\/wp\/v2\/product\/644","targetHints":{"allow":["GET"]}}],"collection":[{"href":"https:\/\/ecmicrophones.com\/de\/wp-json\/wp\/v2\/product"}],"about":[{"href":"https:\/\/ecmicrophones.com\/de\/wp-json\/wp\/v2\/types\/product"}],"replies":[{"embeddable":true,"href":"https:\/\/ecmicrophones.com\/de\/wp-json\/wp\/v2\/comments?post=644"}],"wp:featuredmedia":[{"embeddable":true,"href":"https:\/\/ecmicrophones.com\/de\/wp-json\/wp\/v2\/media\/2591"}],"wp:attachment":[{"href":"https:\/\/ecmicrophones.com\/de\/wp-json\/wp\/v2\/media?parent=644"}],"wp:term":[{"taxonomy":"product_brand","embeddable":true,"href":"https:\/\/ecmicrophones.com\/de\/wp-json\/wp\/v2\/product_brand?post=644"},{"taxonomy":"product_cat","embeddable":true,"href":"https:\/\/ecmicrophones.com\/de\/wp-json\/wp\/v2\/product_cat?post=644"},{"taxonomy":"product_tag","embeddable":true,"href":"https:\/\/ecmicrophones.com\/de\/wp-json\/wp\/v2\/product_tag?post=644"}],"curies":[{"name":"wp","href":"https:\/\/api.w.org\/{rel}","templated":true}]}}