{"id":656,"date":"2024-05-11T16:13:29","date_gmt":"2024-05-11T16:13:29","guid":{"rendered":"https:\/\/ecmicrophones.com\/?post_type=product&#038;p=656"},"modified":"2026-03-19T15:33:59","modified_gmt":"2026-03-19T07:33:59","slug":"walkie-talkie-microphone-capsule-9-7mm","status":"publish","type":"product","link":"https:\/\/ecmicrophones.com\/de\/walkie-talkie-microphone-capsule-9-7mm\/","title":{"rendered":"9,7-mm-Walkie-Talkie-Elektretmikrofonkapsel mit Stiften"},"content":{"rendered":"<h2 class=\"text-start\">Technische Daten<\/h2>\n<p class=\"text-start\">Unser hochempfindlicher Mikrofonkopf 9745 bietet volle Richtwirkung und ein internes Doppelkondensator-Design zur Vermeidung von St\u00f6rungen und garantiert so \u00fcberragende Leistung. Durch die Verwendung koreanischer JFET-Komponenten bietet er Stabilit\u00e4t und Zuverl\u00e4ssigkeit bei jeder Aufnahme.<\/p>\n<h3 class=\"pt-5 text-start\">Standardtestschaltung<\/h3>\n<p><img loading=\"lazy\" decoding=\"async\" class=\"alignnone size-full wp-image-660\" src=\"https:\/\/ecmicrophones.com\/wp-content\/uploads\/2024\/05\/standard-test-circuit_ecm-b9745ap2.8-30rc-597.png\" alt=\"ECM-B9745AP2.8-30RC Testschaltung: 2,2k\u03a9 Vorspannung, 2V Versorgung, 1\u03bcF Ausgang\" width=\"525\" height=\"226\" srcset=\"https:\/\/ecmicrophones.com\/wp-content\/uploads\/2024\/05\/standard-test-circuit_ecm-b9745ap2.8-30rc-597.png 525w, https:\/\/ecmicrophones.com\/wp-content\/uploads\/2024\/05\/standard-test-circuit_ecm-b9745ap2.8-30rc-597-300x129.png 300w, https:\/\/ecmicrophones.com\/wp-content\/uploads\/2024\/05\/standard-test-circuit_ecm-b9745ap2.8-30rc-597-18x8.png 18w\" sizes=\"auto, (max-width: 525px) 100vw, 525px\" \/><\/p>\n<p>2,2k\u03a9 Vorspannungswiderstand, 2V Versorgung, 1\u03bcF Ausgangskappe. Optimiert f\u00fcr Sprachanwendungen.<\/p>\n<h3 class=\"pt-5 text-start\">Typischer Frequenzgang<\/h3>\n<p><img loading=\"lazy\" decoding=\"async\" class=\"alignnone size-full wp-image-659\" src=\"https:\/\/ecmicrophones.com\/wp-content\/uploads\/2024\/05\/typical-frequency-response_ecm-b9745ap2.8-30rc-597.png\" alt=\"ECM-B9745AP2.8-30RC Frequenzgang: Flach mit Abfall nach 2kHz\" width=\"532\" height=\"332\" srcset=\"https:\/\/ecmicrophones.com\/wp-content\/uploads\/2024\/05\/typical-frequency-response_ecm-b9745ap2.8-30rc-597.png 532w, https:\/\/ecmicrophones.com\/wp-content\/uploads\/2024\/05\/typical-frequency-response_ecm-b9745ap2.8-30rc-597-300x187.png 300w, https:\/\/ecmicrophones.com\/wp-content\/uploads\/2024\/05\/typical-frequency-response_ecm-b9745ap2.8-30rc-597-18x12.png 18w\" sizes=\"auto, (max-width: 532px) 100vw, 532px\" \/><\/p>\n<p>Flacher Frequenzgang mit allm\u00e4hlichem Abfall oberhalb von 2kHz.<\/p>\n<h3 class=\"pt-5 text-start\">Abmessungen (Einheit: mm)<\/h3>\n<p><img loading=\"lazy\" decoding=\"async\" class=\"alignnone size-full wp-image-661\" src=\"https:\/\/ecmicrophones.com\/wp-content\/uploads\/2024\/05\/appearance-dimension_ecm-b9745ap2.8-30rc-597.png\" alt=\"ECM-B9745AP2.8-30RC Dimensions: \u03a69,7\u00d74,5mm mit Staubschutzgitter vorne (versiegelte R\u00fcckseite)\" width=\"387\" height=\"376\" srcset=\"https:\/\/ecmicrophones.com\/wp-content\/uploads\/2024\/05\/appearance-dimension_ecm-b9745ap2.8-30rc-597.png 387w, https:\/\/ecmicrophones.com\/wp-content\/uploads\/2024\/05\/appearance-dimension_ecm-b9745ap2.8-30rc-597-300x291.png 300w, https:\/\/ecmicrophones.com\/wp-content\/uploads\/2024\/05\/appearance-dimension_ecm-b9745ap2.8-30rc-597-12x12.png 12w\" sizes=\"auto, (max-width: 387px) 100vw, 387px\" \/><\/p>\n<p>\u03a69,7\u00d74,5 mm mit Staubschutzgitter auf der Vorderseite (versiegelte R\u00fcckseite). Ausgestattet mit 2,8-mm-Stiften, mit 2,5-mm-Abstand.<\/p>","protected":false},"excerpt":{"rendered":"<p>Das ECM-B9745AP2.8-30RC-597 ist eine 9,7 x 4,5 mm gro\u00dfe omnidirektionale Elektretmikrofonkapsel mit 2 Stiften, einer Empfindlichkeit von -30 dB\u00b12 und einem SNR von 76 dB, ideal f\u00fcr die Aufnahme von Gespr\u00e4chsger\u00e4ten in Unternehmen.<\/p>","protected":false},"featured_media":2605,"comment_status":"open","ping_status":"closed","template":"","meta":[],"product_brand":[721],"product_cat":[16,20],"product_tag":[282,109,291],"class_list":{"0":"post-656","1":"product","2":"type-product","3":"status-publish","4":"has-post-thumbnail","6":"product_brand-ecmic","7":"product_cat-electret-microphones","8":"product_cat-omnidirectional-microphones","9":"product_tag-9-7mm","10":"product_tag-intercom","11":"product_tag-pin-type","13":"first","14":"instock","15":"shipping-taxable","16":"purchasable","17":"product-type-simple"},"_links":{"self":[{"href":"https:\/\/ecmicrophones.com\/de\/wp-json\/wp\/v2\/product\/656","targetHints":{"allow":["GET"]}}],"collection":[{"href":"https:\/\/ecmicrophones.com\/de\/wp-json\/wp\/v2\/product"}],"about":[{"href":"https:\/\/ecmicrophones.com\/de\/wp-json\/wp\/v2\/types\/product"}],"replies":[{"embeddable":true,"href":"https:\/\/ecmicrophones.com\/de\/wp-json\/wp\/v2\/comments?post=656"}],"wp:featuredmedia":[{"embeddable":true,"href":"https:\/\/ecmicrophones.com\/de\/wp-json\/wp\/v2\/media\/2605"}],"wp:attachment":[{"href":"https:\/\/ecmicrophones.com\/de\/wp-json\/wp\/v2\/media?parent=656"}],"wp:term":[{"taxonomy":"product_brand","embeddable":true,"href":"https:\/\/ecmicrophones.com\/de\/wp-json\/wp\/v2\/product_brand?post=656"},{"taxonomy":"product_cat","embeddable":true,"href":"https:\/\/ecmicrophones.com\/de\/wp-json\/wp\/v2\/product_cat?post=656"},{"taxonomy":"product_tag","embeddable":true,"href":"https:\/\/ecmicrophones.com\/de\/wp-json\/wp\/v2\/product_tag?post=656"}],"curies":[{"name":"wp","href":"https:\/\/api.w.org\/{rel}","templated":true}]}}