{"id":718,"date":"2024-05-21T17:35:01","date_gmt":"2024-05-21T09:35:01","guid":{"rendered":"https:\/\/ecmicrophones.com\/?post_type=product&#038;p=718"},"modified":"2026-03-19T15:31:50","modified_gmt":"2026-03-19T07:31:50","slug":"dynamic-boom-microphone-capsule-19mm","status":"publish","type":"product","link":"https:\/\/ecmicrophones.com\/de\/dynamic-boom-microphone-capsule-19mm\/","title":{"rendered":"Dynamische Boom-Mikrofonkapsel 19mm"},"content":{"rendered":"<h2 class=\"text-start\">Technische Daten<\/h2>\n<p class=\"text-start\">Die dynamische Mikrofonkapsel ECM-DM1910K600 wurde f\u00fcr eine klare und deutliche Stimmaufnahme entwickelt und verf\u00fcgt \u00fcber eine unidirektionale Richtcharakteristik zur Minimierung von Hintergrundger\u00e4uschen. Mit einem Arbeitsfrequenzgang von 100 Hz bis 10 kHz konzentriert es sich auf den Sprachbereich und sorgt f\u00fcr Verst\u00e4ndlichkeit bei Live- und aufgezeichneter Kommunikation.<\/p>\n<p class=\"text-start\">Seine 600-\u03a9-Impedanz bietet eine hohe Signalstabilit\u00e4t in verschiedenen Audiosystemen, w\u00e4hrend der kompakte Formfaktor von 19 \u00d7 10 mm ihn ideal f\u00fcr die Integration in Hand- und B\u00fcgel-Headset-Mikrofone und andere platzbeschr\u00e4nkte Designs macht.<\/p>\n<p class=\"text-start\">Ob in Broadcast-Umgebungen, Call-Center-Headsets oder Handheld-PA-Systemen - das ECM-DM1910K600 liefert konsistente und zuverl\u00e4ssige Sprachaufnahmen und ist damit eine gute Wahl f\u00fcr Hersteller, die robuste dynamische Mikrofonl\u00f6sungen entwickeln.<\/p>\n<h3 class=\"pt-5 text-start\">Explosionszeichnung &amp; Teileliste<\/h3>\n<p><img loading=\"lazy\" decoding=\"async\" class=\"alignnone wp-image-3888 size-full\" src=\"https:\/\/ecmicrophones.com\/wp-content\/uploads\/2024\/05\/dynamic-part_ecm-dm1910k600.png\" alt=\"Dynamischer Teil\" width=\"570\" height=\"280\" srcset=\"https:\/\/ecmicrophones.com\/wp-content\/uploads\/2024\/05\/dynamic-part_ecm-dm1910k600.png 570w, https:\/\/ecmicrophones.com\/wp-content\/uploads\/2024\/05\/dynamic-part_ecm-dm1910k600-300x147.png 300w, https:\/\/ecmicrophones.com\/wp-content\/uploads\/2024\/05\/dynamic-part_ecm-dm1910k600-18x9.png 18w\" sizes=\"auto, (max-width: 570px) 100vw, 570px\" \/><\/p>\n<p><strong>Teileliste:<\/strong> Schwamm, Abdeckung, Diaphragma, Spule, Magnetstahl, Eisentopf, Halter, PCB + Zinn.<\/p>\n<h3 class=\"pt-5 text-start\">Frequenzgang-Kurve<\/h3>\n<p><img loading=\"lazy\" decoding=\"async\" class=\"alignnone size-full wp-image-721\" src=\"https:\/\/ecmicrophones.com\/wp-content\/uploads\/2024\/05\/response-curve_ecm-dm1910k600.jpg\" alt=\"Antwortkurve\" width=\"644\" height=\"514\" srcset=\"https:\/\/ecmicrophones.com\/wp-content\/uploads\/2024\/05\/response-curve_ecm-dm1910k600.jpg 644w, https:\/\/ecmicrophones.com\/wp-content\/uploads\/2024\/05\/response-curve_ecm-dm1910k600-300x239.jpg 300w, https:\/\/ecmicrophones.com\/wp-content\/uploads\/2024\/05\/response-curve_ecm-dm1910k600-15x12.jpg 15w, https:\/\/ecmicrophones.com\/wp-content\/uploads\/2024\/05\/response-curve_ecm-dm1910k600-600x479.jpg 600w\" sizes=\"auto, (max-width: 644px) 100vw, 644px\" \/><\/p>\n<p><strong>Frequenzgang:<\/strong> 100Hz-10kHz. Entwickelt, um eine klare Stimmenerfassung mit Schwerpunkt auf dem Stimmbereich zu liefern.<\/p>\n<h3 class=\"pt-5 text-start\">Abmessungen (UNIT: mm)<\/h3>\n<p><img loading=\"lazy\" decoding=\"async\" class=\"alignnone size-full wp-image-719\" src=\"https:\/\/ecmicrophones.com\/wp-content\/uploads\/2024\/05\/appearance-size_ecm-dm1910k600.jpg\" alt=\"Aussehen Gr\u00f6\u00dfe\" width=\"308\" height=\"354\" srcset=\"https:\/\/ecmicrophones.com\/wp-content\/uploads\/2024\/05\/appearance-size_ecm-dm1910k600.jpg 308w, https:\/\/ecmicrophones.com\/wp-content\/uploads\/2024\/05\/appearance-size_ecm-dm1910k600-261x300.jpg 261w, https:\/\/ecmicrophones.com\/wp-content\/uploads\/2024\/05\/appearance-size_ecm-dm1910k600-10x12.jpg 10w\" sizes=\"auto, (max-width: 308px) 100vw, 308px\" \/><\/p>\n<p><strong>Ma\u00dfe:<\/strong> Durchmesser: 19,1 mm; H\u00f6he: 10 mm.<\/p>","protected":false},"excerpt":{"rendered":"<p>Optimiert f\u00fcr Hand- und B\u00fcgelmikrofone, liefert diese dynamische 19-mm-Kapsel mit unidirektionaler Richtcharakteristik eine fokussierte, nat\u00fcrliche Stimmaufnahme mit einem Frequenzgang von 100 Hz bis 10 kHz und einer Impedanz von 600 \u03a9, ideal f\u00fcr Rundfunk-, Kommunikations- und Freisprechanwendungen.<\/p>","protected":false},"featured_media":2424,"comment_status":"open","ping_status":"closed","template":"","meta":[],"product_brand":[721],"product_cat":[17],"product_tag":[310,116],"class_list":{"0":"post-718","1":"product","2":"type-product","3":"status-publish","4":"has-post-thumbnail","6":"product_brand-ecmic","7":"product_cat-dynamic-microphones","8":"product_tag-19mm","9":"product_tag-vocal","11":"first","12":"instock","13":"shipping-taxable","14":"purchasable","15":"product-type-simple"},"_links":{"self":[{"href":"https:\/\/ecmicrophones.com\/de\/wp-json\/wp\/v2\/product\/718","targetHints":{"allow":["GET"]}}],"collection":[{"href":"https:\/\/ecmicrophones.com\/de\/wp-json\/wp\/v2\/product"}],"about":[{"href":"https:\/\/ecmicrophones.com\/de\/wp-json\/wp\/v2\/types\/product"}],"replies":[{"embeddable":true,"href":"https:\/\/ecmicrophones.com\/de\/wp-json\/wp\/v2\/comments?post=718"}],"wp:featuredmedia":[{"embeddable":true,"href":"https:\/\/ecmicrophones.com\/de\/wp-json\/wp\/v2\/media\/2424"}],"wp:attachment":[{"href":"https:\/\/ecmicrophones.com\/de\/wp-json\/wp\/v2\/media?parent=718"}],"wp:term":[{"taxonomy":"product_brand","embeddable":true,"href":"https:\/\/ecmicrophones.com\/de\/wp-json\/wp\/v2\/product_brand?post=718"},{"taxonomy":"product_cat","embeddable":true,"href":"https:\/\/ecmicrophones.com\/de\/wp-json\/wp\/v2\/product_cat?post=718"},{"taxonomy":"product_tag","embeddable":true,"href":"https:\/\/ecmicrophones.com\/de\/wp-json\/wp\/v2\/product_tag?post=718"}],"curies":[{"name":"wp","href":"https:\/\/api.w.org\/{rel}","templated":true}]}}