{"id":742,"date":"2024-05-23T16:25:35","date_gmt":"2024-05-23T08:25:35","guid":{"rendered":"https:\/\/ecmicrophones.com\/?post_type=product&#038;p=742"},"modified":"2026-03-19T15:31:23","modified_gmt":"2026-03-19T07:31:23","slug":"9-7mm-voice-recognition-electret-microphone-insert-with-leads","status":"publish","type":"product","link":"https:\/\/ecmicrophones.com\/de\/9-7mm-voice-recognition-electret-microphone-insert-with-leads\/","title":{"rendered":"9,7 mm Elektretmikrofoneinsatz zur Spracherkennung mit Leitungen"},"content":{"rendered":"<h2 class=\"text-start\">Technische Daten<\/h2>\n<p class=\"text-start\">Das ECM-B9745AL30RC-L100 ist eine 9,7 \u00d7 4,5 mm gro\u00dfe Mikrofonkapsel mit Kugelcharakteristik und vormontierten, verdrillten 100-mm-Leitungen und -Anschl\u00fcssen f\u00fcr verbesserte St\u00f6rfestigkeit und vereinfachte Montage.<\/p>\n<p class=\"text-start\">Mit einer Empfindlichkeit von -30dB und einem weiten Frequenzbereich von 20Hz bis 16KHz bietet diese Kapsel eine zuverl\u00e4ssige Tonaufnahme \u00fcber gro\u00dfe Entfernungen. Der koreanische HF-Mikrofonkern sorgt f\u00fcr eine gleichbleibende Leistung und ist daher ideal f\u00fcr Fernabnahmesysteme und Kondensatormikrofone, die eine stabile Verkabelung erfordern.<\/p>\n<h3 class=\"pt-5 text-start\">Standardtestschaltung<\/h3>\n<p><img loading=\"lazy\" decoding=\"async\" src=\"https:\/\/ecmicrophones.com\/wp-content\/uploads\/2024\/05\/standard-test-circuit_ecm-b9745al30rc-l100.png\" alt=\"Standardtestschaltung\" width=\"539\" height=\"230\" class=\"alignnone size-full wp-image-746\" srcset=\"https:\/\/ecmicrophones.com\/wp-content\/uploads\/2024\/05\/standard-test-circuit_ecm-b9745al30rc-l100.png 539w, https:\/\/ecmicrophones.com\/wp-content\/uploads\/2024\/05\/standard-test-circuit_ecm-b9745al30rc-l100-300x128.png 300w, https:\/\/ecmicrophones.com\/wp-content\/uploads\/2024\/05\/standard-test-circuit_ecm-b9745al30rc-l100-18x8.png 18w\" sizes=\"auto, (max-width: 539px) 100vw, 539px\" \/><\/p>\n<p>\nTestbedingungen: RL = 2,2K\u03a9, Vs = 2V, C = 1\u03bcF.\n<\/p>\n<h3 class=\"pt-5 text-start\">Typischer Frequenzgang<\/h3>\n<p><img loading=\"lazy\" decoding=\"async\" src=\"https:\/\/ecmicrophones.com\/wp-content\/uploads\/2024\/05\/typical-frequency-response_ecm-b9745al30rc-l100.png\" alt=\"Typischer Frequenzgang\" width=\"538\" height=\"272\" class=\"alignnone size-full wp-image-747\" srcset=\"https:\/\/ecmicrophones.com\/wp-content\/uploads\/2024\/05\/typical-frequency-response_ecm-b9745al30rc-l100.png 538w, https:\/\/ecmicrophones.com\/wp-content\/uploads\/2024\/05\/typical-frequency-response_ecm-b9745al30rc-l100-300x152.png 300w, https:\/\/ecmicrophones.com\/wp-content\/uploads\/2024\/05\/typical-frequency-response_ecm-b9745al30rc-l100-18x9.png 18w\" sizes=\"auto, (max-width: 538px) 100vw, 538px\" \/><\/p>\n<p>\nFrequenzbereich: 50Hz-10kHz. Die Kurve bleibt bis ca. 3 kHz relativ flach und nimmt dann allm\u00e4hlich ab, was eine stabile Leistung im unteren und mittleren Frequenzbereich bietet, w\u00e4hrend h\u00f6here Frequenzen ged\u00e4mpft werden.\n<\/p>\n<h3 class=\"pt-5 text-start\">Abmessungen (UNIT: mm)<\/h3>\n<p><img loading=\"lazy\" decoding=\"async\" src=\"https:\/\/ecmicrophones.com\/wp-content\/uploads\/2024\/05\/appearance-dimension_ecm-b9745al30rc-l100.png\" alt=\"Aussehen Dimension\" width=\"507\" height=\"369\" class=\"alignnone size-full wp-image-745\" srcset=\"https:\/\/ecmicrophones.com\/wp-content\/uploads\/2024\/05\/appearance-dimension_ecm-b9745al30rc-l100.png 507w, https:\/\/ecmicrophones.com\/wp-content\/uploads\/2024\/05\/appearance-dimension_ecm-b9745al30rc-l100-300x218.png 300w, https:\/\/ecmicrophones.com\/wp-content\/uploads\/2024\/05\/appearance-dimension_ecm-b9745al30rc-l100-16x12.png 16w\" sizes=\"auto, (max-width: 507px) 100vw, 507px\" \/><\/p>\n<p>\nDie Kapsel misst 9,7 mm im Durchmesser und 4,5 mm in der H\u00f6he. Die Vorderseite ist mit einem staubdichten Netz versehen, w\u00e4hrend die R\u00fcckseite ohne akustische \u00d6ffnung versiegelt ist. Ein 100 mm langes, verdrilltes Anschlusskabel ist f\u00fcr eine bequeme Integration vormontiert.<\/p>","protected":false},"excerpt":{"rendered":"<p>9,7-mm-Kugelmikrofonkapsel mit vormontierten, verdrillten 100-mm-Kabeln und Klemmen f\u00fcr sichere Verbindungen. F\u00fcr k\u00fcrzere Kabel, siehe <a href=\"https:\/\/ecmicrophones.com\/de\/long-distance-microphone-pickup-9-7mm\/\">Version mit 15 mm Steigung<\/a>. F\u00fcr wasserdichte oder Standardversionen, siehe <a href=\"https:\/\/ecmicrophones.com\/de\/9-7mm-omnidirectional-electret-microphone-capsule-for-outdoor-camera\/\">IP67-zertifiziertes Modell<\/a> oder <a href=\"https:\/\/ecmicrophones.com\/de\/9-7mm-omnidirectional-microphone-element-for-long-distance-audio-pickup\/\">bleifreies Modell<\/a>.<\/p>","protected":false},"featured_media":2670,"comment_status":"open","ping_status":"closed","template":"","meta":[],"product_brand":[721],"product_cat":[16,20],"product_tag":[282,229,289],"class_list":{"0":"post-742","1":"product","2":"type-product","3":"status-publish","4":"has-post-thumbnail","6":"product_brand-ecmic","7":"product_cat-electret-microphones","8":"product_cat-omnidirectional-microphones","9":"product_tag-9-7mm","10":"product_tag-equipment","11":"product_tag-wire-connector","13":"first","14":"instock","15":"shipping-taxable","16":"purchasable","17":"product-type-simple"},"_links":{"self":[{"href":"https:\/\/ecmicrophones.com\/de\/wp-json\/wp\/v2\/product\/742","targetHints":{"allow":["GET"]}}],"collection":[{"href":"https:\/\/ecmicrophones.com\/de\/wp-json\/wp\/v2\/product"}],"about":[{"href":"https:\/\/ecmicrophones.com\/de\/wp-json\/wp\/v2\/types\/product"}],"replies":[{"embeddable":true,"href":"https:\/\/ecmicrophones.com\/de\/wp-json\/wp\/v2\/comments?post=742"}],"wp:featuredmedia":[{"embeddable":true,"href":"https:\/\/ecmicrophones.com\/de\/wp-json\/wp\/v2\/media\/2670"}],"wp:attachment":[{"href":"https:\/\/ecmicrophones.com\/de\/wp-json\/wp\/v2\/media?parent=742"}],"wp:term":[{"taxonomy":"product_brand","embeddable":true,"href":"https:\/\/ecmicrophones.com\/de\/wp-json\/wp\/v2\/product_brand?post=742"},{"taxonomy":"product_cat","embeddable":true,"href":"https:\/\/ecmicrophones.com\/de\/wp-json\/wp\/v2\/product_cat?post=742"},{"taxonomy":"product_tag","embeddable":true,"href":"https:\/\/ecmicrophones.com\/de\/wp-json\/wp\/v2\/product_tag?post=742"}],"curies":[{"name":"wp","href":"https:\/\/api.w.org\/{rel}","templated":true}]}}