{"id":754,"date":"2024-05-23T17:04:29","date_gmt":"2024-05-23T09:04:29","guid":{"rendered":"https:\/\/ecmicrophones.com\/?post_type=product&#038;p=754"},"modified":"2026-03-19T15:31:02","modified_gmt":"2026-03-19T07:31:02","slug":"6mm-electret-microphone-capsule-with-pins-for-uhf-wireless-microphones","status":"publish","type":"product","link":"https:\/\/ecmicrophones.com\/de\/6mm-electret-microphone-capsule-with-pins-for-uhf-wireless-microphones\/","title":{"rendered":"6-mm-Elektretmikrofonkapsel mit Stiften f\u00fcr drahtlose UHF-Mikrofone"},"content":{"rendered":"<h2 class=\"text-start\">Technische Daten<\/h2>\n<p class=\"text-start\">Der Kern unseres omnidirektionalen Plug-In-Mikrofons 6027 verf\u00fcgt \u00fcber zwei Kondensatoren zur effektiven Entst\u00f6rung.<\/p>\n<h3 class=\"pt-5 text-start\">Standardtestschaltung<\/h3>\n<p><img loading=\"lazy\" decoding=\"async\" class=\"alignnone size-full wp-image-758\" src=\"https:\/\/ecmicrophones.com\/wp-content\/uploads\/2024\/05\/standard-test-circuit_ecm-f6027ap2.8-sbc.png\" alt=\"Standardtestschaltung\" width=\"539\" height=\"234\" srcset=\"https:\/\/ecmicrophones.com\/wp-content\/uploads\/2024\/05\/standard-test-circuit_ecm-f6027ap2.8-sbc.png 539w, https:\/\/ecmicrophones.com\/wp-content\/uploads\/2024\/05\/standard-test-circuit_ecm-f6027ap2.8-sbc-300x130.png 300w, https:\/\/ecmicrophones.com\/wp-content\/uploads\/2024\/05\/standard-test-circuit_ecm-f6027ap2.8-sbc-18x8.png 18w\" sizes=\"auto, (max-width: 539px) 100vw, 539px\" \/><\/p>\n<p>Testbedingungen: Lastwiderstand (RL) = 2,2k\u03a9, Versorgungsspannung (VS) = 3V, Koppelkondensator (C) = 1\u03bcF.<\/p>\n<h3 class=\"pt-5 text-start\">Typischer Frequenzgang<\/h3>\n<p><img loading=\"lazy\" decoding=\"async\" class=\"alignnone size-full wp-image-759\" src=\"https:\/\/ecmicrophones.com\/wp-content\/uploads\/2024\/05\/typical-frequency-response_ecm-f6027ap2.8-sbc.png\" alt=\"Typischer Frequenzgang\" width=\"628\" height=\"214\" srcset=\"https:\/\/ecmicrophones.com\/wp-content\/uploads\/2024\/05\/typical-frequency-response_ecm-f6027ap2.8-sbc.png 628w, https:\/\/ecmicrophones.com\/wp-content\/uploads\/2024\/05\/typical-frequency-response_ecm-f6027ap2.8-sbc-300x102.png 300w, https:\/\/ecmicrophones.com\/wp-content\/uploads\/2024\/05\/typical-frequency-response_ecm-f6027ap2.8-sbc-18x6.png 18w, https:\/\/ecmicrophones.com\/wp-content\/uploads\/2024\/05\/typical-frequency-response_ecm-f6027ap2.8-sbc-600x204.png 600w\" sizes=\"auto, (max-width: 628px) 100vw, 628px\" \/><\/p>\n<p>Der Frequenzgang erstreckt sich von 50Hz bis 16kHz. Die Kurve bleibt bis etwa 4kHz flach und steigt dann allm\u00e4hlich bis 10kHz an, wo sie abzufallen beginnt.<\/p>\n<h3 class=\"pt-5 text-start\">Abmessungen (UNIT: mm)<\/h3>\n<p><img loading=\"lazy\" decoding=\"async\" class=\"alignnone size-full wp-image-757\" src=\"https:\/\/ecmicrophones.com\/wp-content\/uploads\/2024\/05\/appearance-dimension_ecm-f6027ap2.8-sbc.png\" alt=\"Aussehen Dimension\" width=\"638\" height=\"549\" srcset=\"https:\/\/ecmicrophones.com\/wp-content\/uploads\/2024\/05\/appearance-dimension_ecm-f6027ap2.8-sbc.png 638w, https:\/\/ecmicrophones.com\/wp-content\/uploads\/2024\/05\/appearance-dimension_ecm-f6027ap2.8-sbc-300x258.png 300w, https:\/\/ecmicrophones.com\/wp-content\/uploads\/2024\/05\/appearance-dimension_ecm-f6027ap2.8-sbc-14x12.png 14w, https:\/\/ecmicrophones.com\/wp-content\/uploads\/2024\/05\/appearance-dimension_ecm-f6027ap2.8-sbc-600x516.png 600w\" sizes=\"auto, (max-width: 638px) 100vw, 638px\" \/><\/p>\n<p>Durchmesser: 6,0 mm; H\u00f6he: 2,7 mm. Die Vorderseite ist mit einem staubdichten Netz \u00fcberzogen; die R\u00fcckseite ist versiegelt und hat keinen Schallanschluss. Ausgestattet mit 2,8-mm-Stiftanschl\u00fcssen f\u00fcr eine sichere Leiterplattenverbindung, mit 1,9-mm-Abstand.<\/p>","protected":false},"excerpt":{"rendered":"<p>Das ECM-F6027AP2.8-SBC ist eine 6 x 2,7 mm gro\u00dfe omnidirektionale Elektretmikrofonkapsel mit 2 Pins, -40 dB\u00b12 Empfindlichkeit und 60 dB SNR, die f\u00fcr drahtlose Ansteckmikrofonanwendungen entwickelt wurde.<\/p>","protected":false},"featured_media":2793,"comment_status":"open","ping_status":"closed","template":"","meta":[],"product_brand":[721],"product_cat":[20,16],"product_tag":[283,235,291],"class_list":{"0":"post-754","1":"product","2":"type-product","3":"status-publish","4":"has-post-thumbnail","6":"product_brand-ecmic","7":"product_cat-omnidirectional-microphones","8":"product_cat-electret-microphones","9":"product_tag-6mm","10":"product_tag-conference","11":"product_tag-pin-type","13":"first","14":"instock","15":"shipping-taxable","16":"purchasable","17":"product-type-simple"},"_links":{"self":[{"href":"https:\/\/ecmicrophones.com\/de\/wp-json\/wp\/v2\/product\/754","targetHints":{"allow":["GET"]}}],"collection":[{"href":"https:\/\/ecmicrophones.com\/de\/wp-json\/wp\/v2\/product"}],"about":[{"href":"https:\/\/ecmicrophones.com\/de\/wp-json\/wp\/v2\/types\/product"}],"replies":[{"embeddable":true,"href":"https:\/\/ecmicrophones.com\/de\/wp-json\/wp\/v2\/comments?post=754"}],"wp:featuredmedia":[{"embeddable":true,"href":"https:\/\/ecmicrophones.com\/de\/wp-json\/wp\/v2\/media\/2793"}],"wp:attachment":[{"href":"https:\/\/ecmicrophones.com\/de\/wp-json\/wp\/v2\/media?parent=754"}],"wp:term":[{"taxonomy":"product_brand","embeddable":true,"href":"https:\/\/ecmicrophones.com\/de\/wp-json\/wp\/v2\/product_brand?post=754"},{"taxonomy":"product_cat","embeddable":true,"href":"https:\/\/ecmicrophones.com\/de\/wp-json\/wp\/v2\/product_cat?post=754"},{"taxonomy":"product_tag","embeddable":true,"href":"https:\/\/ecmicrophones.com\/de\/wp-json\/wp\/v2\/product_tag?post=754"}],"curies":[{"name":"wp","href":"https:\/\/api.w.org\/{rel}","templated":true}]}}