{"id":760,"date":"2024-05-23T17:23:45","date_gmt":"2024-05-23T09:23:45","guid":{"rendered":"https:\/\/ecmicrophones.com\/?post_type=product&#038;p=760"},"modified":"2026-03-19T15:30:51","modified_gmt":"2026-03-19T07:30:51","slug":"6mm-electret-microphone-element-with-leads-for-cctv-camera","status":"publish","type":"product","link":"https:\/\/ecmicrophones.com\/de\/6mm-electret-microphone-element-with-leads-for-cctv-camera\/","title":{"rendered":"6 mm Elektretmikrofonelement mit Leitungen f\u00fcr CCTV-Kamera"},"content":{"rendered":"<h2 class=\"text-start\">Technische Daten<\/h2>\n<p class=\"text-start\">Unsere Mikrofonkapsel 6050 mit verl\u00f6teten 1,25-Anschl\u00fcssen und einer Kabell\u00e4nge von 40\u00a0mm bietet volle Richtwirkung und ist daher ideal f\u00fcr hochwertige Mikrofonanwendungen.<\/p>\n<h3 class=\"pt-5 text-start\">Standardtestschaltung<\/h3>\n<p><img loading=\"lazy\" decoding=\"async\" class=\"alignnone size-full wp-image-773\" src=\"https:\/\/ecmicrophones.com\/wp-content\/uploads\/2024\/05\/standard-test-circuit_ecm-f6050al40-l45d.png\" alt=\"Standardtestschaltung\" width=\"814\" height=\"339\" srcset=\"https:\/\/ecmicrophones.com\/wp-content\/uploads\/2024\/05\/standard-test-circuit_ecm-f6050al40-l45d.png 814w, https:\/\/ecmicrophones.com\/wp-content\/uploads\/2024\/05\/standard-test-circuit_ecm-f6050al40-l45d-300x125.png 300w, https:\/\/ecmicrophones.com\/wp-content\/uploads\/2024\/05\/standard-test-circuit_ecm-f6050al40-l45d-768x320.png 768w, https:\/\/ecmicrophones.com\/wp-content\/uploads\/2024\/05\/standard-test-circuit_ecm-f6050al40-l45d-18x7.png 18w, https:\/\/ecmicrophones.com\/wp-content\/uploads\/2024\/05\/standard-test-circuit_ecm-f6050al40-l45d-600x250.png 600w\" sizes=\"auto, (max-width: 814px) 100vw, 814px\" \/><\/p>\n<p>Testbedingungen: Lastwiderstand (RL) = 2,2k\u03a9, Versorgungsspannung (VS) = 3V, Koppelkondensator (C) = 1\u03bcF.<\/p>\n<h3 class=\"pt-5 text-start\">Typischer Frequenzgang<\/h3>\n<p><img loading=\"lazy\" decoding=\"async\" class=\"alignnone size-full wp-image-774\" src=\"https:\/\/ecmicrophones.com\/wp-content\/uploads\/2024\/05\/typical-frequency-response_ecm-f6050al40-l45d.png\" alt=\"Typischer Frequenzgang\" width=\"847\" height=\"611\" srcset=\"https:\/\/ecmicrophones.com\/wp-content\/uploads\/2024\/05\/typical-frequency-response_ecm-f6050al40-l45d.png 847w, https:\/\/ecmicrophones.com\/wp-content\/uploads\/2024\/05\/typical-frequency-response_ecm-f6050al40-l45d-300x216.png 300w, https:\/\/ecmicrophones.com\/wp-content\/uploads\/2024\/05\/typical-frequency-response_ecm-f6050al40-l45d-768x554.png 768w, https:\/\/ecmicrophones.com\/wp-content\/uploads\/2024\/05\/typical-frequency-response_ecm-f6050al40-l45d-18x12.png 18w, https:\/\/ecmicrophones.com\/wp-content\/uploads\/2024\/05\/typical-frequency-response_ecm-f6050al40-l45d-600x433.png 600w\" sizes=\"auto, (max-width: 847px) 100vw, 847px\" \/><\/p>\n<p>Der Frequenzgang erstreckt sich von 50Hz bis 20kHz. Die Kurve bleibt von 50Hz bis etwa 3kHz weitgehend flach, wo ein deutlicher Anstieg beginnt, der bei 10kHz seinen H\u00f6hepunkt erreicht, bevor er allm\u00e4hlich abf\u00e4llt.<\/p>\n<h3 class=\"pt-5 text-start\">Abmessungen (UNIT: mm)<\/h3>\n<p><img loading=\"lazy\" decoding=\"async\" class=\"alignnone size-full wp-image-772\" src=\"https:\/\/ecmicrophones.com\/wp-content\/uploads\/2024\/05\/appearance-dimension_ecm-f6050al40-l45d.png\" alt=\"Aussehen Dimension\" width=\"788\" height=\"506\" srcset=\"https:\/\/ecmicrophones.com\/wp-content\/uploads\/2024\/05\/appearance-dimension_ecm-f6050al40-l45d.png 788w, https:\/\/ecmicrophones.com\/wp-content\/uploads\/2024\/05\/appearance-dimension_ecm-f6050al40-l45d-300x193.png 300w, https:\/\/ecmicrophones.com\/wp-content\/uploads\/2024\/05\/appearance-dimension_ecm-f6050al40-l45d-768x493.png 768w, https:\/\/ecmicrophones.com\/wp-content\/uploads\/2024\/05\/appearance-dimension_ecm-f6050al40-l45d-18x12.png 18w, https:\/\/ecmicrophones.com\/wp-content\/uploads\/2024\/05\/appearance-dimension_ecm-f6050al40-l45d-600x385.png 600w\" sizes=\"auto, (max-width: 788px) 100vw, 788px\" \/><\/p>\n<p>Durchmesser: 6 mm; H\u00f6he: 5 mm. Die Vorderseite ist mit einem staubdichten Netz versehen, die R\u00fcckseite ist ohne L\u00f6cher versiegelt. Ausgestattet mit 45mm verdrillten, gel\u00f6teten Kabeln.<\/p>","protected":false},"excerpt":{"rendered":"<p>Das ECM-F6050AL40-L45D ist eine 6 x 5 mm gro\u00dfe omnidirektionale Elektretmikrofonkapsel mit 45 mm Kabelanschluss, -40 dB\u00b12 Empfindlichkeit und 60 dB SNR, ideal f\u00fcr Netzwerk\u00fcberwachungskameras.<\/p>","protected":false},"featured_media":2782,"comment_status":"open","ping_status":"closed","template":"","meta":[],"product_brand":[721],"product_cat":[20,16],"product_tag":[283,230,289],"class_list":{"0":"post-760","1":"product","2":"type-product","3":"status-publish","4":"has-post-thumbnail","6":"product_brand-ecmic","7":"product_cat-omnidirectional-microphones","8":"product_cat-electret-microphones","9":"product_tag-6mm","10":"product_tag-security","11":"product_tag-wire-connector","13":"first","14":"instock","15":"shipping-taxable","16":"purchasable","17":"product-type-simple"},"_links":{"self":[{"href":"https:\/\/ecmicrophones.com\/de\/wp-json\/wp\/v2\/product\/760","targetHints":{"allow":["GET"]}}],"collection":[{"href":"https:\/\/ecmicrophones.com\/de\/wp-json\/wp\/v2\/product"}],"about":[{"href":"https:\/\/ecmicrophones.com\/de\/wp-json\/wp\/v2\/types\/product"}],"replies":[{"embeddable":true,"href":"https:\/\/ecmicrophones.com\/de\/wp-json\/wp\/v2\/comments?post=760"}],"wp:featuredmedia":[{"embeddable":true,"href":"https:\/\/ecmicrophones.com\/de\/wp-json\/wp\/v2\/media\/2782"}],"wp:attachment":[{"href":"https:\/\/ecmicrophones.com\/de\/wp-json\/wp\/v2\/media?parent=760"}],"wp:term":[{"taxonomy":"product_brand","embeddable":true,"href":"https:\/\/ecmicrophones.com\/de\/wp-json\/wp\/v2\/product_brand?post=760"},{"taxonomy":"product_cat","embeddable":true,"href":"https:\/\/ecmicrophones.com\/de\/wp-json\/wp\/v2\/product_cat?post=760"},{"taxonomy":"product_tag","embeddable":true,"href":"https:\/\/ecmicrophones.com\/de\/wp-json\/wp\/v2\/product_tag?post=760"}],"curies":[{"name":"wp","href":"https:\/\/api.w.org\/{rel}","templated":true}]}}