{"id":766,"date":"2024-05-23T17:44:42","date_gmt":"2024-05-23T09:44:42","guid":{"rendered":"https:\/\/ecmicrophones.com\/?post_type=product&#038;p=766"},"modified":"2026-03-19T15:30:41","modified_gmt":"2026-03-19T07:30:41","slug":"omnidirectional-microphone-capsule-pickup-9-7mm","status":"publish","type":"product","link":"https:\/\/ecmicrophones.com\/de\/omnidirectional-microphone-capsule-pickup-9-7mm\/","title":{"rendered":"9,7 mm omnidirektionaler Elektretmikrofon-Kapsel-Tonabnehmer"},"content":{"rendered":"<h2 class=\"text-start\">Technische Daten<\/h2>\n<p class=\"text-start\">Unser omnidirektionaler Mikrofonkopf 9767 verf\u00fcgt \u00fcber eine strenge Kantenversiegelung, die auf jahrelanger Produktionserfahrung und technologischer \u00dcberwachung beruht und eine gleichbleibende Leistung bei der Reduzierung von Hintergrundger\u00e4uschen gew\u00e4hrleistet. Er ist aus ROHS-zertifizierten, umweltfreundlichen Materialien gefertigt.<\/p>\n<h3 class=\"pt-5 text-start\">Standardtestschaltung<\/h3>\n<p><img loading=\"lazy\" decoding=\"async\" class=\"alignnone size-full wp-image-770\" src=\"https:\/\/ecmicrophones.com\/wp-content\/uploads\/2024\/05\/standard-test-circuit_ecm-f9765al-40.png\" alt=\"Standardtestschaltung\" width=\"561\" height=\"234\" srcset=\"https:\/\/ecmicrophones.com\/wp-content\/uploads\/2024\/05\/standard-test-circuit_ecm-f9765al-40.png 561w, https:\/\/ecmicrophones.com\/wp-content\/uploads\/2024\/05\/standard-test-circuit_ecm-f9765al-40-300x125.png 300w, https:\/\/ecmicrophones.com\/wp-content\/uploads\/2024\/05\/standard-test-circuit_ecm-f9765al-40-18x8.png 18w\" sizes=\"auto, (max-width: 561px) 100vw, 561px\" \/><\/p>\n<p>Testbedingungen: Lastwiderstand (RL) = 2,2k\u03a9, Versorgungsspannung (VS) = 3V, Koppelkondensator (C) = 1\u03bcF.<\/p>\n<h3 class=\"pt-5 text-start\">Typischer Frequenzgang<\/h3>\n<p><img loading=\"lazy\" decoding=\"async\" class=\"alignnone size-full wp-image-771\" src=\"https:\/\/ecmicrophones.com\/wp-content\/uploads\/2024\/05\/typical-frequency-response_ecm-f9765al-40.png\" alt=\"Typischer Frequenzgang\" width=\"598\" height=\"435\" srcset=\"https:\/\/ecmicrophones.com\/wp-content\/uploads\/2024\/05\/typical-frequency-response_ecm-f9765al-40.png 598w, https:\/\/ecmicrophones.com\/wp-content\/uploads\/2024\/05\/typical-frequency-response_ecm-f9765al-40-300x218.png 300w, https:\/\/ecmicrophones.com\/wp-content\/uploads\/2024\/05\/typical-frequency-response_ecm-f9765al-40-16x12.png 16w\" sizes=\"auto, (max-width: 598px) 100vw, 598px\" \/><\/p>\n<p>\nFrequenzgang: 50Hz-20kHz. Der Frequenzgang ist bis 1 kHz flach, gefolgt von einer leichten Senke. Ab 3kHz steigt die Kurve an und erreicht bei 5kHz ihren H\u00f6hepunkt, um dann im Hochtonbereich allm\u00e4hlich abzufallen.\n<\/p>\n<h3 class=\"pt-5 text-start\">Abmessungen (UNIT: mm)<\/h3>\n<p><img loading=\"lazy\" decoding=\"async\" class=\"alignnone size-full wp-image-769\" src=\"https:\/\/ecmicrophones.com\/wp-content\/uploads\/2024\/05\/appearance-dimension_ecm-f9765al-40.png\" alt=\"Aussehen Dimension\" width=\"543\" height=\"403\" srcset=\"https:\/\/ecmicrophones.com\/wp-content\/uploads\/2024\/05\/appearance-dimension_ecm-f9765al-40.png 543w, https:\/\/ecmicrophones.com\/wp-content\/uploads\/2024\/05\/appearance-dimension_ecm-f9765al-40-300x223.png 300w, https:\/\/ecmicrophones.com\/wp-content\/uploads\/2024\/05\/appearance-dimension_ecm-f9765al-40-16x12.png 16w\" sizes=\"auto, (max-width: 543px) 100vw, 543px\" \/><\/p>\n<p>\nDurchmesser: 9,7 mm; H\u00f6he: 6,7 mm. Die Vorderseite ist mit einem staubdichten Netz ausgestattet; die R\u00fcckseite ist ohne \u00d6ffnungen versiegelt.<\/p>","protected":false},"excerpt":{"rendered":"<p>Das ECM-F9767AL40 ist eine omnidirektionale Mikrofonkapsel mit einer Empfindlichkeit von -40 dB\u00b12 und einem Signal-Rausch-Verh\u00e4ltnis von 62 dB. Seine kompakte Gr\u00f6\u00dfe und die hochwertige Tonaufnahme machen es f\u00fcr verschiedene Anwendungen geeignet.<\/p>","protected":false},"featured_media":2598,"comment_status":"open","ping_status":"closed","template":"","meta":[],"product_brand":[721],"product_cat":[20,16],"product_tag":[282,109,288],"class_list":{"0":"post-766","1":"product","2":"type-product","3":"status-publish","4":"has-post-thumbnail","6":"product_brand-ecmic","7":"product_cat-omnidirectional-microphones","8":"product_cat-electret-microphones","9":"product_tag-9-7mm","10":"product_tag-intercom","11":"product_tag-solder-pads","13":"first","14":"instock","15":"shipping-taxable","16":"purchasable","17":"product-type-simple"},"_links":{"self":[{"href":"https:\/\/ecmicrophones.com\/de\/wp-json\/wp\/v2\/product\/766","targetHints":{"allow":["GET"]}}],"collection":[{"href":"https:\/\/ecmicrophones.com\/de\/wp-json\/wp\/v2\/product"}],"about":[{"href":"https:\/\/ecmicrophones.com\/de\/wp-json\/wp\/v2\/types\/product"}],"replies":[{"embeddable":true,"href":"https:\/\/ecmicrophones.com\/de\/wp-json\/wp\/v2\/comments?post=766"}],"wp:featuredmedia":[{"embeddable":true,"href":"https:\/\/ecmicrophones.com\/de\/wp-json\/wp\/v2\/media\/2598"}],"wp:attachment":[{"href":"https:\/\/ecmicrophones.com\/de\/wp-json\/wp\/v2\/media?parent=766"}],"wp:term":[{"taxonomy":"product_brand","embeddable":true,"href":"https:\/\/ecmicrophones.com\/de\/wp-json\/wp\/v2\/product_brand?post=766"},{"taxonomy":"product_cat","embeddable":true,"href":"https:\/\/ecmicrophones.com\/de\/wp-json\/wp\/v2\/product_cat?post=766"},{"taxonomy":"product_tag","embeddable":true,"href":"https:\/\/ecmicrophones.com\/de\/wp-json\/wp\/v2\/product_tag?post=766"}],"curies":[{"name":"wp","href":"https:\/\/api.w.org\/{rel}","templated":true}]}}