{"id":782,"date":"2024-05-24T10:05:49","date_gmt":"2024-05-24T02:05:49","guid":{"rendered":"https:\/\/ecmicrophones.com\/?post_type=product&#038;p=782"},"modified":"2026-03-19T15:30:20","modified_gmt":"2026-03-19T07:30:20","slug":"6mm-voice-recognition-microphone-capsule-with-pins","status":"publish","type":"product","link":"https:\/\/ecmicrophones.com\/de\/6mm-voice-recognition-microphone-capsule-with-pins\/","title":{"rendered":"6-mm-Mikrofonkapsel zur Spracherkennung mit Stiften"},"content":{"rendered":"<h2 class=\"text-start\">Technische Daten<\/h2>\n<p class=\"text-start\">Der Kern unseres omnidirektionalen 6022-Stiftmikrofons verf\u00fcgt \u00fcber zwei Kondensatoren zur Entst\u00f6rung und eine Stiftl\u00e4nge von 2,8\u00a0mm, um klaren Ton und zuverl\u00e4ssige Leistung zu gew\u00e4hrleisten.<\/p>\n<h3 class=\"pt-5 text-start\">Standardtestschaltung<\/h3>\n<p><img loading=\"lazy\" decoding=\"async\" class=\"alignnone size-full wp-image-784\" src=\"https:\/\/ecmicrophones.com\/wp-content\/uploads\/2024\/05\/standard-test-circuit_ecm-b6022ap40-23383.png\" alt=\"Standardtestschaltung\" width=\"458\" height=\"197\" srcset=\"https:\/\/ecmicrophones.com\/wp-content\/uploads\/2024\/05\/standard-test-circuit_ecm-b6022ap40-23383.png 458w, https:\/\/ecmicrophones.com\/wp-content\/uploads\/2024\/05\/standard-test-circuit_ecm-b6022ap40-23383-300x129.png 300w, https:\/\/ecmicrophones.com\/wp-content\/uploads\/2024\/05\/standard-test-circuit_ecm-b6022ap40-23383-18x8.png 18w\" sizes=\"auto, (max-width: 458px) 100vw, 458px\" \/><\/p>\n<p>Die Testschaltung verwendet RL=2,2K\u03a9, Vs=2V und C=1\u03bcF f\u00fcr die Standardempfindlichkeits- und Leistungsbewertung.<\/p>\n<h3 class=\"pt-5 text-start\">Typischer Frequenzgang<\/h3>\n<p><img loading=\"lazy\" decoding=\"async\" class=\"alignnone size-full wp-image-785\" src=\"https:\/\/ecmicrophones.com\/wp-content\/uploads\/2024\/05\/typical-frequency-response_ecm-b6022ap40-23383.png\" alt=\"Typischer Frequenzgang\" width=\"504\" height=\"271\" srcset=\"https:\/\/ecmicrophones.com\/wp-content\/uploads\/2024\/05\/typical-frequency-response_ecm-b6022ap40-23383.png 504w, https:\/\/ecmicrophones.com\/wp-content\/uploads\/2024\/05\/typical-frequency-response_ecm-b6022ap40-23383-300x161.png 300w, https:\/\/ecmicrophones.com\/wp-content\/uploads\/2024\/05\/typical-frequency-response_ecm-b6022ap40-23383-18x10.png 18w\" sizes=\"auto, (max-width: 504px) 100vw, 504px\" \/><\/p>\n<p>Der Frequenzgang erstreckt sich von 50 Hz bis 20 kHz mit einem stabilen Ausgang und einem leichten Abw\u00e4rtstrend \u00fcber den gesamten Bereich.<\/p>\n<h3 class=\"pt-5 text-start\">Abmessungen (UNIT: mm)<\/h3>\n<p><img loading=\"lazy\" decoding=\"async\" class=\"alignnone size-full wp-image-783\" src=\"https:\/\/ecmicrophones.com\/wp-content\/uploads\/2024\/05\/appearance-dimension_ecm-b6022ap40-23383.png\" alt=\"Aussehen Dimension\" width=\"346\" height=\"481\" srcset=\"https:\/\/ecmicrophones.com\/wp-content\/uploads\/2024\/05\/appearance-dimension_ecm-b6022ap40-23383.png 346w, https:\/\/ecmicrophones.com\/wp-content\/uploads\/2024\/05\/appearance-dimension_ecm-b6022ap40-23383-216x300.png 216w, https:\/\/ecmicrophones.com\/wp-content\/uploads\/2024\/05\/appearance-dimension_ecm-b6022ap40-23383-9x12.png 9w\" sizes=\"auto, (max-width: 346px) 100vw, 346px\" \/><\/p>\n<p>Die Kapsel hat einen Durchmesser von 6,0 mm und eine H\u00f6he von 2,2 mm, ein Staubschutzgitter auf der Vorderseite und eine abgedichtete R\u00fcckseite (keine akustische \u00d6ffnung). Ausgestattet mit 2,8 mm Stiften, mit 1,9 mm Abstand.<\/p>","protected":false},"excerpt":{"rendered":"<p>Das ECM-B6022AP40-23383 ist eine 6 x 2,2 mm gro\u00dfe omnidirektionale Elektretmikrofonkapsel mit 2 Pins, -40 dB\u00b13 Empfindlichkeit und 60 dB SNR. Perfekt f\u00fcr Bluetooth-Ohrh\u00f6rer, sprachgesteuerte Lichter und Spielzeuge.<\/p>","protected":false},"featured_media":2557,"comment_status":"open","ping_status":"closed","template":"","meta":[],"product_brand":[721],"product_cat":[16,20],"product_tag":[283,229,291],"class_list":{"0":"post-782","1":"product","2":"type-product","3":"status-publish","4":"has-post-thumbnail","6":"product_brand-ecmic","7":"product_cat-electret-microphones","8":"product_cat-omnidirectional-microphones","9":"product_tag-6mm","10":"product_tag-equipment","11":"product_tag-pin-type","13":"first","14":"instock","15":"shipping-taxable","16":"purchasable","17":"product-type-simple"},"_links":{"self":[{"href":"https:\/\/ecmicrophones.com\/de\/wp-json\/wp\/v2\/product\/782","targetHints":{"allow":["GET"]}}],"collection":[{"href":"https:\/\/ecmicrophones.com\/de\/wp-json\/wp\/v2\/product"}],"about":[{"href":"https:\/\/ecmicrophones.com\/de\/wp-json\/wp\/v2\/types\/product"}],"replies":[{"embeddable":true,"href":"https:\/\/ecmicrophones.com\/de\/wp-json\/wp\/v2\/comments?post=782"}],"wp:featuredmedia":[{"embeddable":true,"href":"https:\/\/ecmicrophones.com\/de\/wp-json\/wp\/v2\/media\/2557"}],"wp:attachment":[{"href":"https:\/\/ecmicrophones.com\/de\/wp-json\/wp\/v2\/media?parent=782"}],"wp:term":[{"taxonomy":"product_brand","embeddable":true,"href":"https:\/\/ecmicrophones.com\/de\/wp-json\/wp\/v2\/product_brand?post=782"},{"taxonomy":"product_cat","embeddable":true,"href":"https:\/\/ecmicrophones.com\/de\/wp-json\/wp\/v2\/product_cat?post=782"},{"taxonomy":"product_tag","embeddable":true,"href":"https:\/\/ecmicrophones.com\/de\/wp-json\/wp\/v2\/product_tag?post=782"}],"curies":[{"name":"wp","href":"https:\/\/api.w.org\/{rel}","templated":true}]}}