{"id":788,"date":"2024-05-24T10:18:38","date_gmt":"2024-05-24T02:18:38","guid":{"rendered":"https:\/\/ecmicrophones.com\/?post_type=product&#038;p=788"},"modified":"2026-03-19T15:30:10","modified_gmt":"2026-03-19T07:30:10","slug":"live-broadcast-microphone-capsule-25mm","status":"publish","type":"product","link":"https:\/\/ecmicrophones.com\/de\/live-broadcast-microphone-capsule-25mm\/","title":{"rendered":"Mikrofonkapsel f\u00fcr Live\u00fcbertragungen, 25 mm"},"content":{"rendered":"<h2 class=\"text-start\">Technische Daten<\/h2>\n<p class=\"text-start\">Unser unidirektionaler Gro\u00dfmembran-Elektret-Kondensatormikrofonkopf 2573 zeichnet sich durch ein hohes Signal-Rausch-Verh\u00e4ltnis und geringes Rauschen aus. Er bietet hohe Wiedergabetreue, starke Richtwirkung und hervorragende Entst\u00f6rungsfunktionen und gew\u00e4hrleistet so \u00fcberragende Audioqualit\u00e4t und Leistung.<\/p>\n<h3 class=\"pt-5 text-start\">Standardtestschaltung<\/h3>\n<p><img loading=\"lazy\" decoding=\"async\" class=\"alignnone size-full wp-image-791\" src=\"https:\/\/ecmicrophones.com\/wp-content\/uploads\/2024\/05\/standard-test-circuit_ecm-b2573ul33-23221.png\" alt=\"Standardtestschaltung\" width=\"411\" height=\"183\" srcset=\"https:\/\/ecmicrophones.com\/wp-content\/uploads\/2024\/05\/standard-test-circuit_ecm-b2573ul33-23221.png 411w, https:\/\/ecmicrophones.com\/wp-content\/uploads\/2024\/05\/standard-test-circuit_ecm-b2573ul33-23221-300x134.png 300w, https:\/\/ecmicrophones.com\/wp-content\/uploads\/2024\/05\/standard-test-circuit_ecm-b2573ul33-23221-18x8.png 18w\" sizes=\"auto, (max-width: 411px) 100vw, 411px\" \/><\/p>\n<p>Standardtestaufbau mit einem 2,2k\u03a9 Vorspannungswiderstand, 2V Gleichstromversorgung und 1\u03bcF Ausgangskondensator.<\/p>\n<h3 class=\"pt-5 text-start\">Typischer Frequenzgang<\/h3>\n<p><img loading=\"lazy\" decoding=\"async\" class=\"alignnone wp-image-793 size-large\" src=\"https:\/\/ecmicrophones.com\/wp-content\/uploads\/2024\/05\/typical-frequency-response_ecm-b2573ul33-23221-1024x460.png\" alt=\"Typischer Frequenzgang\" width=\"1024\" height=\"460\" srcset=\"https:\/\/ecmicrophones.com\/wp-content\/uploads\/2024\/05\/typical-frequency-response_ecm-b2573ul33-23221-1024x460.png 1024w, https:\/\/ecmicrophones.com\/wp-content\/uploads\/2024\/05\/typical-frequency-response_ecm-b2573ul33-23221-300x135.png 300w, https:\/\/ecmicrophones.com\/wp-content\/uploads\/2024\/05\/typical-frequency-response_ecm-b2573ul33-23221-768x345.png 768w, https:\/\/ecmicrophones.com\/wp-content\/uploads\/2024\/05\/typical-frequency-response_ecm-b2573ul33-23221-1536x689.png 1536w, https:\/\/ecmicrophones.com\/wp-content\/uploads\/2024\/05\/typical-frequency-response_ecm-b2573ul33-23221-18x8.png 18w, https:\/\/ecmicrophones.com\/wp-content\/uploads\/2024\/05\/typical-frequency-response_ecm-b2573ul33-23221-600x269.png 600w, https:\/\/ecmicrophones.com\/wp-content\/uploads\/2024\/05\/typical-frequency-response_ecm-b2573ul33-23221.png 1651w\" sizes=\"auto, (max-width: 1024px) 100vw, 1024px\" \/><\/p>\n<p>Der Frequenzgang reicht von 50 Hz bis 16 kHz und beginnt mit einem leichten Abfall von 50 Hz bis 80 Hz, gefolgt von einem leichten Anstieg und leichten Schwankungen bis 5 kHz. Der Frequenzgang erreicht bei 8 kHz seinen H\u00f6hepunkt, bevor er allm\u00e4hlich abnimmt.<\/p>\n<h3 class=\"pt-5 text-start\">Abmessungen (UNIT: mm)<\/h3>\n<p><img loading=\"lazy\" decoding=\"async\" class=\"alignnone size-full wp-image-792\" src=\"https:\/\/ecmicrophones.com\/wp-content\/uploads\/2024\/05\/appearance-dimension_ecm-b2573ul33-23221.png\" alt=\"Aussehen Dimension\" width=\"627\" height=\"380\" srcset=\"https:\/\/ecmicrophones.com\/wp-content\/uploads\/2024\/05\/appearance-dimension_ecm-b2573ul33-23221.png 627w, https:\/\/ecmicrophones.com\/wp-content\/uploads\/2024\/05\/appearance-dimension_ecm-b2573ul33-23221-300x182.png 300w, https:\/\/ecmicrophones.com\/wp-content\/uploads\/2024\/05\/appearance-dimension_ecm-b2573ul33-23221-18x12.png 18w, https:\/\/ecmicrophones.com\/wp-content\/uploads\/2024\/05\/appearance-dimension_ecm-b2573ul33-23221-600x364.png 600w\" sizes=\"auto, (max-width: 627px) 100vw, 627px\" \/><\/p>\n<p>Kompakte \u03a625 \u00d7 7,3 mm-Kapsel mit r\u00fcckseitiger Akustik\u00f6ffnung f\u00fcr verbesserte Tonaufnahme.<\/p>","protected":false},"excerpt":{"rendered":"<p>Das ECM-B2573UL33-23221 ist eine unidirektionale Mikrofonkapsel mit den Abmessungen 25 \u00d7 7,3 mm, die haupts\u00e4chlich in Rundfunkmikrofonen, Live-Streaming und professionellen Aufnahmemikrofonen verwendet wird. Mit einer Empfindlichkeit von -33 dB\u00b12 und einem Signal-Rausch-Verh\u00e4ltnis von 77 dB bietet es eine klare und zuverl\u00e4ssige Tonaufnahme f\u00fcr hochwertige Audioanwendungen.<\/p>","protected":false},"featured_media":2644,"comment_status":"open","ping_status":"closed","template":"","meta":[],"product_brand":[721],"product_cat":[21,16],"product_tag":[278,410,288,116],"class_list":{"0":"post-788","1":"product","2":"type-product","3":"status-publish","4":"has-post-thumbnail","6":"product_brand-ecmic","7":"product_cat-unidirectional-microphones","8":"product_cat-electret-microphones","9":"product_tag-25mm","10":"product_tag-high-snr","11":"product_tag-solder-pads","12":"product_tag-vocal","14":"first","15":"instock","16":"shipping-taxable","17":"purchasable","18":"product-type-simple"},"_links":{"self":[{"href":"https:\/\/ecmicrophones.com\/de\/wp-json\/wp\/v2\/product\/788","targetHints":{"allow":["GET"]}}],"collection":[{"href":"https:\/\/ecmicrophones.com\/de\/wp-json\/wp\/v2\/product"}],"about":[{"href":"https:\/\/ecmicrophones.com\/de\/wp-json\/wp\/v2\/types\/product"}],"replies":[{"embeddable":true,"href":"https:\/\/ecmicrophones.com\/de\/wp-json\/wp\/v2\/comments?post=788"}],"wp:featuredmedia":[{"embeddable":true,"href":"https:\/\/ecmicrophones.com\/de\/wp-json\/wp\/v2\/media\/2644"}],"wp:attachment":[{"href":"https:\/\/ecmicrophones.com\/de\/wp-json\/wp\/v2\/media?parent=788"}],"wp:term":[{"taxonomy":"product_brand","embeddable":true,"href":"https:\/\/ecmicrophones.com\/de\/wp-json\/wp\/v2\/product_brand?post=788"},{"taxonomy":"product_cat","embeddable":true,"href":"https:\/\/ecmicrophones.com\/de\/wp-json\/wp\/v2\/product_cat?post=788"},{"taxonomy":"product_tag","embeddable":true,"href":"https:\/\/ecmicrophones.com\/de\/wp-json\/wp\/v2\/product_tag?post=788"}],"curies":[{"name":"wp","href":"https:\/\/api.w.org\/{rel}","templated":true}]}}