{"id":803,"date":"2024-05-24T11:21:29","date_gmt":"2024-05-24T03:21:29","guid":{"rendered":"https:\/\/ecmicrophones.com\/?post_type=product&#038;p=803"},"modified":"2026-04-16T10:34:28","modified_gmt":"2026-04-16T02:34:28","slug":"25mm-cardioid-electret-condenser-microphone-element-for-online-recording","status":"publish","type":"product","link":"https:\/\/ecmicrophones.com\/de\/25mm-cardioid-electret-condenser-microphone-element-for-online-recording\/","title":{"rendered":"25-mm-Elektret-Kondensatormikrofonelement mit Nierencharakteristik f\u00fcr Online-Aufnahmen (Auslaufmodell)"},"content":{"rendered":"<h2 class=\"text-start\">Technische Daten<\/h2>\n<p class=\"text-start\">Unser unidirektionaler Gro\u00dfmembran-Kondensatormikrofonkopf 2573 bietet ein hohes Signal-Rausch-Verh\u00e4ltnis, geringes Rauschen, hohe Wiedergabetreue, starke Richtwirkung und hervorragende St\u00f6rfestigkeit und gew\u00e4hrleistet so erstklassige Audioqualit\u00e4t und zuverl\u00e4ssige Leistung.<\/p>\n<h3 class=\"pt-5 text-start\">Standardtestschaltung<\/h3>\n<p> <img loading=\"lazy\" decoding=\"async\" class=\"alignnone size-full wp-image-806\" src=\"https:\/\/ecmicrophones.com\/wp-content\/uploads\/2024\/05\/standard-test-circuit_ecm-b2573uml33-23823.png\" alt=\"Standardtestschaltung\" width=\"646\" height=\"270\" srcset=\"https:\/\/ecmicrophones.com\/wp-content\/uploads\/2024\/05\/standard-test-circuit_ecm-b2573uml33-23823.png 646w, https:\/\/ecmicrophones.com\/wp-content\/uploads\/2024\/05\/standard-test-circuit_ecm-b2573uml33-23823-300x125.png 300w, https:\/\/ecmicrophones.com\/wp-content\/uploads\/2024\/05\/standard-test-circuit_ecm-b2573uml33-23823-18x8.png 18w, https:\/\/ecmicrophones.com\/wp-content\/uploads\/2024\/05\/standard-test-circuit_ecm-b2573uml33-23823-600x251.png 600w\" sizes=\"auto, (max-width: 646px) 100vw, 646px\" \/> <\/p>\n<p>Testbedingungen: RL = 15k\u03a9, Vs = 2V, C = 1\u03bcF<\/p>\n<h3 class=\"pt-5 text-start\">Typischer Frequenzgang<\/h3>\n<p> <img loading=\"lazy\" decoding=\"async\" class=\"alignnone size-full wp-image-807\" src=\"https:\/\/ecmicrophones.com\/wp-content\/uploads\/2024\/05\/typical-frequency-response_ecm-b2573uml33-23823.png\" alt=\"Typischer Frequenzgang\" width=\"577\" height=\"370\" srcset=\"https:\/\/ecmicrophones.com\/wp-content\/uploads\/2024\/05\/typical-frequency-response_ecm-b2573uml33-23823.png 577w, https:\/\/ecmicrophones.com\/wp-content\/uploads\/2024\/05\/typical-frequency-response_ecm-b2573uml33-23823-300x192.png 300w, https:\/\/ecmicrophones.com\/wp-content\/uploads\/2024\/05\/typical-frequency-response_ecm-b2573uml33-23823-18x12.png 18w\" sizes=\"auto, (max-width: 577px) 100vw, 577px\" \/> <\/p>\n<p>Der Frequenzgang erstreckt sich von 50 Hz bis 20 kHz mit einem starken Gesamtanstieg. Der Frequenzgang steigt im unteren Bereich (50-200 Hz) merklich an und flacht dann leicht ab, bevor bei 2 kHz eine weitere deutliche Anhebung beginnt. Eine Spitze tritt bei 5kHz auf, gefolgt von einem schnellen Abfall der hohen Frequenzen.<\/p>\n<h3 class=\"pt-5 text-start\">Abmessungen (UNIT: mm)<\/h3>\n<p> <img loading=\"lazy\" decoding=\"async\" class=\"alignnone size-full wp-image-808\" src=\"https:\/\/ecmicrophones.com\/wp-content\/uploads\/2024\/05\/appearance-dimension_ecm-b2573uml33-23823.png\" alt=\"Aussehen Dimension\" width=\"658\" height=\"440\" srcset=\"https:\/\/ecmicrophones.com\/wp-content\/uploads\/2024\/05\/appearance-dimension_ecm-b2573uml33-23823.png 658w, https:\/\/ecmicrophones.com\/wp-content\/uploads\/2024\/05\/appearance-dimension_ecm-b2573uml33-23823-300x201.png 300w, https:\/\/ecmicrophones.com\/wp-content\/uploads\/2024\/05\/appearance-dimension_ecm-b2573uml33-23823-18x12.png 18w, https:\/\/ecmicrophones.com\/wp-content\/uploads\/2024\/05\/appearance-dimension_ecm-b2573uml33-23823-600x401.png 600w\" sizes=\"auto, (max-width: 658px) 100vw, 658px\" \/> <\/p>\n<p>Die Kapsel misst 25 mm im Durchmesser und 7,3 mm in der H\u00f6he. Auf der R\u00fcckseite befinden sich f\u00fcnf akustische \u00d6ffnungen, die jeweils mit einem D\u00e4mpfungsnetz versehen sind, um die Stabilit\u00e4t zu erh\u00f6hen und unerw\u00fcnschte Resonanzen zu reduzieren.<\/p>","protected":false},"excerpt":{"rendered":"<p>Das ECM-B2573UML33-23823 ist nicht mehr erh\u00e4ltlich und wurde durch das verbesserte Modell ersetzt<br \/>\n<a href=\"https:\/\/ecmicrophones.com\/de\/25mm-cardioid-electret-microphone-cartridge\/\" target=\"_blank\">ECM-B2583UML32-23861<\/a>.  <\/p>\n<p>Diese 25 \u00d7 7,3 mm gro\u00dfe Mikrofonkapsel mit unidirektionaler Richtcharakteristik wird h\u00e4ufig in Rundfunkmikrofonen, Live-Streaming und professionellen Aufnahmeger\u00e4ten eingesetzt. Sie bietet eine stabile Empfindlichkeit, geringes Rauschen und eine hervorragende Richtungsabnahme f\u00fcr hochwertige Audioaufnahmen.<\/p>","protected":false},"featured_media":2538,"comment_status":"open","ping_status":"closed","template":"","meta":[],"product_brand":[721],"product_cat":[16,21],"product_tag":[278,410,288,116],"class_list":{"0":"post-803","1":"product","2":"type-product","3":"status-publish","4":"has-post-thumbnail","6":"product_brand-ecmic","7":"product_cat-electret-microphones","8":"product_cat-unidirectional-microphones","9":"product_tag-25mm","10":"product_tag-high-snr","11":"product_tag-solder-pads","12":"product_tag-vocal","14":"first","15":"instock","16":"shipping-taxable","17":"purchasable","18":"product-type-simple"},"_links":{"self":[{"href":"https:\/\/ecmicrophones.com\/de\/wp-json\/wp\/v2\/product\/803","targetHints":{"allow":["GET"]}}],"collection":[{"href":"https:\/\/ecmicrophones.com\/de\/wp-json\/wp\/v2\/product"}],"about":[{"href":"https:\/\/ecmicrophones.com\/de\/wp-json\/wp\/v2\/types\/product"}],"replies":[{"embeddable":true,"href":"https:\/\/ecmicrophones.com\/de\/wp-json\/wp\/v2\/comments?post=803"}],"wp:featuredmedia":[{"embeddable":true,"href":"https:\/\/ecmicrophones.com\/de\/wp-json\/wp\/v2\/media\/2538"}],"wp:attachment":[{"href":"https:\/\/ecmicrophones.com\/de\/wp-json\/wp\/v2\/media?parent=803"}],"wp:term":[{"taxonomy":"product_brand","embeddable":true,"href":"https:\/\/ecmicrophones.com\/de\/wp-json\/wp\/v2\/product_brand?post=803"},{"taxonomy":"product_cat","embeddable":true,"href":"https:\/\/ecmicrophones.com\/de\/wp-json\/wp\/v2\/product_cat?post=803"},{"taxonomy":"product_tag","embeddable":true,"href":"https:\/\/ecmicrophones.com\/de\/wp-json\/wp\/v2\/product_tag?post=803"}],"curies":[{"name":"wp","href":"https:\/\/api.w.org\/{rel}","templated":true}]}}