{"id":818,"date":"2024-05-24T12:32:16","date_gmt":"2024-05-24T04:32:16","guid":{"rendered":"https:\/\/ecmicrophones.com\/?post_type=product&#038;p=818"},"modified":"2026-03-19T15:29:26","modified_gmt":"2026-03-19T07:29:26","slug":"wireless-interview-microphone-capsule-6mm","status":"publish","type":"product","link":"https:\/\/ecmicrophones.com\/de\/wireless-interview-microphone-capsule-6mm\/","title":{"rendered":"6mm Omnidirektionale wasserdichte Elektret-Mikrofonkapsel mit Kabel"},"content":{"rendered":"<h2 class=\"text-start\">Technische Daten<\/h2>\n<p class=\"text-start\">Das B6027AL30-L100DFS ist eine robuste, wasserdichte 6-mm-Elektretmikrofonkapsel mit Kugelcharakteristik, die f\u00fcr die Audioaufnahme im Freien in eingebetteten Systemen entwickelt wurde. Mit einer Empfindlichkeit von -30dB und einem Signal-Rausch-Verh\u00e4ltnis von 74dB liefert es eine klare und konsistente Klangleistung \u00fcber einen Frequenzbereich von 20Hz bis 8000Hz und ist damit ideal f\u00fcr die allgemeine Umgebungs\u00fcberwachung und Sprachaufnahme im Freien.<\/p>\n<p class=\"text-start\">Diese auf Langlebigkeit ausgelegte Kapsel verf\u00fcgt \u00fcber einen wasserdichten Netzschutz f\u00fcr zuverl\u00e4ssige Leistung in nassen oder feuchten Umgebungen. Die 100 mm langen, doppelt geschirmten Twisted-Pair-Leitungen mit vormontierten Anschl\u00fcssen bieten einen hohen EMI-Widerstand und eine bequeme Integration in PCB-Baugruppen. Zu den \u00fcblichen Anwendungen geh\u00f6ren Sicherheitskameras, intelligente Masten, Outdoor-Kioske und andere sprachgesteuerte Elektronik f\u00fcr den Au\u00dfenbereich.<\/p>\n<h3 class=\"pt-5 text-start\">Standardtestschaltung<\/h3>\n<p><img loading=\"lazy\" decoding=\"async\" class=\"alignnone size-full wp-image-819\" src=\"https:\/\/ecmicrophones.com\/wp-content\/uploads\/2024\/05\/standard-test-circuit_ecm-b6027al30-l100dfc.png\" alt=\"ECM-B6027AL30-L100DFC Standard-Testschaltung: 2,2k\u03a9 Vorspannung, 2V Versorgung, 1\u03bcF Ausgang\" width=\"562\" height=\"243\" srcset=\"https:\/\/ecmicrophones.com\/wp-content\/uploads\/2024\/05\/standard-test-circuit_ecm-b6027al30-l100dfc.png 562w, https:\/\/ecmicrophones.com\/wp-content\/uploads\/2024\/05\/standard-test-circuit_ecm-b6027al30-l100dfc-300x130.png 300w, https:\/\/ecmicrophones.com\/wp-content\/uploads\/2024\/05\/standard-test-circuit_ecm-b6027al30-l100dfc-18x8.png 18w\" sizes=\"auto, (max-width: 562px) 100vw, 562px\" \/><\/p>\n<p>Getestet mit einem 2,2k\u03a9 Vorspannungswiderstand, 2V Gleichstromversorgung und 1\u03bcF Ausgangskondensator.<\/p>\n<h3 class=\"pt-5 text-start\">Typischer Frequenzgang<\/h3>\n<p><img loading=\"lazy\" decoding=\"async\" class=\"alignnone size-full wp-image-821\" src=\"https:\/\/ecmicrophones.com\/wp-content\/uploads\/2024\/05\/typical-frequency-response_ecm-b6027al30-l100dfc.png\" alt=\"ECM-B6027AL30-L100DFC Frequenzgangkurve\" width=\"552\" height=\"394\" srcset=\"https:\/\/ecmicrophones.com\/wp-content\/uploads\/2024\/05\/typical-frequency-response_ecm-b6027al30-l100dfc.png 552w, https:\/\/ecmicrophones.com\/wp-content\/uploads\/2024\/05\/typical-frequency-response_ecm-b6027al30-l100dfc-300x214.png 300w, https:\/\/ecmicrophones.com\/wp-content\/uploads\/2024\/05\/typical-frequency-response_ecm-b6027al30-l100dfc-18x12.png 18w\" sizes=\"auto, (max-width: 552px) 100vw, 552px\" \/><\/p>\n<p>Der Frequenzgang ist von 50 Hz bis 5 kHz gleichm\u00e4\u00dfig, mit einem leichten Anstieg, gefolgt von einem allm\u00e4hlichen Abfall ab etwa 8 kHz.<\/p>\n<h3 class=\"pt-5 text-start\">Abmessungen (UNIT: mm)<\/h3>\n<p><img loading=\"lazy\" decoding=\"async\" class=\"alignnone size-full wp-image-3038\" src=\"https:\/\/ecmicrophones.com\/wp-content\/uploads\/2024\/05\/appearance-dimension_ecm-b6027al30-l100dfc.png\" alt=\"Abmessungen von ECM-B6027AL30-L100DFC: \u03a66\u00d72,7mm\" width=\"485\" height=\"453\" srcset=\"https:\/\/ecmicrophones.com\/wp-content\/uploads\/2024\/05\/appearance-dimension_ecm-b6027al30-l100dfc.png 485w, https:\/\/ecmicrophones.com\/wp-content\/uploads\/2024\/05\/appearance-dimension_ecm-b6027al30-l100dfc-300x280.png 300w, https:\/\/ecmicrophones.com\/wp-content\/uploads\/2024\/05\/appearance-dimension_ecm-b6027al30-l100dfc-13x12.png 13w\" sizes=\"auto, (max-width: 485px) 100vw, 485px\" \/><\/p>\n<p>Kompakte Kapsel mit den Ma\u00dfen \u03a66 \u00d7 2,7 mm, mit wasserdichter Vorderseite und versiegelter R\u00fcckseite; eine zus\u00e4tzliche Gummih\u00fclle erh\u00f6ht die Wasserfestigkeit und bietet Schutz vor Vibrationen.<\/p>","protected":false},"excerpt":{"rendered":"<p>Robuste, wasserdichte 6-mm-Elektretmikrofonkapsel mit Kugelcharakteristik, doppelt geschirmten Twisted-Pair-Leitungen und vorgel\u00f6teten Anschl\u00fcssen. Ideal f\u00fcr Audioaufnahmen im Au\u00dfenbereich in Sicherheitssystemen, intelligenten Masten, Kiosken und anderen integrierten Anwendungen. Siehe die <a href=\"https:\/\/ecmicrophones.com\/de\/security-camera-microphone-capsule-6mm\/\">ECM-B6027AL30RC<\/a> f\u00fcr eine Version ohne wasserdichte Funktionen.<\/p>","protected":false},"featured_media":2780,"comment_status":"open","ping_status":"closed","template":"","meta":[],"product_brand":[721],"product_cat":[16,20],"product_tag":[283,235,289],"class_list":{"0":"post-818","1":"product","2":"type-product","3":"status-publish","4":"has-post-thumbnail","6":"product_brand-ecmic","7":"product_cat-electret-microphones","8":"product_cat-omnidirectional-microphones","9":"product_tag-6mm","10":"product_tag-conference","11":"product_tag-wire-connector","13":"first","14":"instock","15":"shipping-taxable","16":"purchasable","17":"product-type-simple"},"_links":{"self":[{"href":"https:\/\/ecmicrophones.com\/de\/wp-json\/wp\/v2\/product\/818","targetHints":{"allow":["GET"]}}],"collection":[{"href":"https:\/\/ecmicrophones.com\/de\/wp-json\/wp\/v2\/product"}],"about":[{"href":"https:\/\/ecmicrophones.com\/de\/wp-json\/wp\/v2\/types\/product"}],"replies":[{"embeddable":true,"href":"https:\/\/ecmicrophones.com\/de\/wp-json\/wp\/v2\/comments?post=818"}],"wp:featuredmedia":[{"embeddable":true,"href":"https:\/\/ecmicrophones.com\/de\/wp-json\/wp\/v2\/media\/2780"}],"wp:attachment":[{"href":"https:\/\/ecmicrophones.com\/de\/wp-json\/wp\/v2\/media?parent=818"}],"wp:term":[{"taxonomy":"product_brand","embeddable":true,"href":"https:\/\/ecmicrophones.com\/de\/wp-json\/wp\/v2\/product_brand?post=818"},{"taxonomy":"product_cat","embeddable":true,"href":"https:\/\/ecmicrophones.com\/de\/wp-json\/wp\/v2\/product_cat?post=818"},{"taxonomy":"product_tag","embeddable":true,"href":"https:\/\/ecmicrophones.com\/de\/wp-json\/wp\/v2\/product_tag?post=818"}],"curies":[{"name":"wp","href":"https:\/\/api.w.org\/{rel}","templated":true}]}}