{"id":824,"date":"2024-05-24T13:52:56","date_gmt":"2024-05-24T05:52:56","guid":{"rendered":"https:\/\/ecmicrophones.com\/?post_type=product&#038;p=824"},"modified":"2026-03-19T15:29:10","modified_gmt":"2026-03-19T07:29:10","slug":"14mm-cardioid-electret-microphone-insert-for-live-broadcast","status":"publish","type":"product","link":"https:\/\/ecmicrophones.com\/de\/14mm-cardioid-electret-microphone-insert-for-live-broadcast\/","title":{"rendered":"14-mm-Elektretmikrofoneinsatz mit Nierencharakteristik f\u00fcr Live-\u00dcbertragungen"},"content":{"rendered":"<h2 class=\"text-start\">Technische Daten<\/h2>\n<p class=\"text-start\">Unser 1455-Mikrofonkern bietet Hi-Fi-Klangqualit\u00e4t mit einer Verzerrungsrate von \u22641% und einem Signal-Rausch-Verh\u00e4ltnis von 79 dB. Mit hoher Wiedergabetreue, geringem Rauschen und hervorragenden Wiedergabef\u00e4higkeiten sorgt er f\u00fcr ein beeindruckendes Audioerlebnis.<\/p>\n<h3 class=\"pt-5 text-start\">Standardtestschaltung<\/h3>\n<p><img loading=\"lazy\" decoding=\"async\" class=\"alignnone size-full wp-image-828\" src=\"https:\/\/ecmicrophones.com\/wp-content\/uploads\/2024\/05\/standard-test-circuit_ecm-b1455uml36-813.jpg\" alt=\"ECM-B1455UML36-813 Standard-Testschaltung: 15k\u03a9 Vorspannung, 2V Versorgung, 1\u03bcF Ausgang\" width=\"590\" height=\"244\" srcset=\"https:\/\/ecmicrophones.com\/wp-content\/uploads\/2024\/05\/standard-test-circuit_ecm-b1455uml36-813.jpg 590w, https:\/\/ecmicrophones.com\/wp-content\/uploads\/2024\/05\/standard-test-circuit_ecm-b1455uml36-813-300x124.jpg 300w, https:\/\/ecmicrophones.com\/wp-content\/uploads\/2024\/05\/standard-test-circuit_ecm-b1455uml36-813-18x7.jpg 18w\" sizes=\"auto, (max-width: 590px) 100vw, 590px\" \/><\/p>\n<p>15k\u03a9 Vorspannungswiderstand, 2V DC Versorgungsspannung und 1\u03bcF Ausgangskondensator in Standardtestkonfiguration.<\/p>\n<h3 class=\"pt-5 text-start\">Typischer Frequenzgang<\/h3>\n<p><img loading=\"lazy\" decoding=\"async\" class=\"alignnone size-full wp-image-829\" src=\"https:\/\/ecmicrophones.com\/wp-content\/uploads\/2024\/05\/typical-frequency-response_ecm-b1455uml36-813.jpg\" alt=\"ECM-B1455UML36-813 Frequenzgang: schwankender Frequenzgang von 100Hz bis 16kHz mit Roll-off nach 10kHz\" width=\"640\" height=\"290\" srcset=\"https:\/\/ecmicrophones.com\/wp-content\/uploads\/2024\/05\/typical-frequency-response_ecm-b1455uml36-813.jpg 640w, https:\/\/ecmicrophones.com\/wp-content\/uploads\/2024\/05\/typical-frequency-response_ecm-b1455uml36-813-300x136.jpg 300w, https:\/\/ecmicrophones.com\/wp-content\/uploads\/2024\/05\/typical-frequency-response_ecm-b1455uml36-813-18x8.jpg 18w, https:\/\/ecmicrophones.com\/wp-content\/uploads\/2024\/05\/typical-frequency-response_ecm-b1455uml36-813-600x272.jpg 600w\" sizes=\"auto, (max-width: 640px) 100vw, 640px\" \/><\/p>\n<p>Der Frequenzgang weist eine m\u00e4\u00dfige Schwankung auf, wobei ein deutlicher Abfall bei 10 kHz beginnt und sich zu h\u00f6heren Frequenzen hin fortsetzt.<\/p>\n<h3 class=\"pt-5 text-start\">Abmessungen (UNIT: mm)<\/h3>\n<p><img loading=\"lazy\" decoding=\"async\" class=\"alignnone size-full wp-image-827\" src=\"https:\/\/ecmicrophones.com\/wp-content\/uploads\/2024\/05\/appearance-dimension_ecm-b1455uml36-813.jpg\" alt=\"ECM-B1455UML36-813 Abmessungen: \u03a614 \u00d7 5,5 mm Kapsel mit Staubschutzgitter vorne und Akustik\u00f6ffnung hinten\" width=\"586\" height=\"329\" srcset=\"https:\/\/ecmicrophones.com\/wp-content\/uploads\/2024\/05\/appearance-dimension_ecm-b1455uml36-813.jpg 586w, https:\/\/ecmicrophones.com\/wp-content\/uploads\/2024\/05\/appearance-dimension_ecm-b1455uml36-813-300x168.jpg 300w, https:\/\/ecmicrophones.com\/wp-content\/uploads\/2024\/05\/appearance-dimension_ecm-b1455uml36-813-18x10.jpg 18w\" sizes=\"auto, (max-width: 586px) 100vw, 586px\" \/><br \/>\n\u03a614 \u00d7 5,5-mm-Kapsel mit einem Staubschutzgitter auf der Vorderseite und zwei akustischen \u00d6ffnungen auf der R\u00fcckseite, die beide mit einem D\u00e4mpfungsgewebe abgedeckt sind.<\/p>","protected":false},"excerpt":{"rendered":"<p>Die ECM-B1455UML36-813 ist eine unidirektionale Mikrofonkapsel mit den Abmessungen 14 \u00d7 5,5 mm, die f\u00fcr Mikrofonprodukte wie Rundfunk- und Live-Streaming-Mikrofone geeignet ist. Mit einer Empfindlichkeit von -36 dB\u00b12 und einem Signal-Rausch-Verh\u00e4ltnis von 79 dB gew\u00e4hrleistet sie eine hochwertige Audioaufnahme f\u00fcr Sprachaufzeichnungs- und Rundfunkanwendungen.<\/p>","protected":false},"featured_media":2529,"comment_status":"open","ping_status":"closed","template":"","meta":[],"product_brand":[721],"product_cat":[16,21],"product_tag":[280,410,288,116],"class_list":{"0":"post-824","1":"product","2":"type-product","3":"status-publish","4":"has-post-thumbnail","6":"product_brand-ecmic","7":"product_cat-electret-microphones","8":"product_cat-unidirectional-microphones","9":"product_tag-14mm","10":"product_tag-high-snr","11":"product_tag-solder-pads","12":"product_tag-vocal","14":"first","15":"instock","16":"shipping-taxable","17":"purchasable","18":"product-type-simple"},"_links":{"self":[{"href":"https:\/\/ecmicrophones.com\/de\/wp-json\/wp\/v2\/product\/824","targetHints":{"allow":["GET"]}}],"collection":[{"href":"https:\/\/ecmicrophones.com\/de\/wp-json\/wp\/v2\/product"}],"about":[{"href":"https:\/\/ecmicrophones.com\/de\/wp-json\/wp\/v2\/types\/product"}],"replies":[{"embeddable":true,"href":"https:\/\/ecmicrophones.com\/de\/wp-json\/wp\/v2\/comments?post=824"}],"wp:featuredmedia":[{"embeddable":true,"href":"https:\/\/ecmicrophones.com\/de\/wp-json\/wp\/v2\/media\/2529"}],"wp:attachment":[{"href":"https:\/\/ecmicrophones.com\/de\/wp-json\/wp\/v2\/media?parent=824"}],"wp:term":[{"taxonomy":"product_brand","embeddable":true,"href":"https:\/\/ecmicrophones.com\/de\/wp-json\/wp\/v2\/product_brand?post=824"},{"taxonomy":"product_cat","embeddable":true,"href":"https:\/\/ecmicrophones.com\/de\/wp-json\/wp\/v2\/product_cat?post=824"},{"taxonomy":"product_tag","embeddable":true,"href":"https:\/\/ecmicrophones.com\/de\/wp-json\/wp\/v2\/product_tag?post=824"}],"curies":[{"name":"wp","href":"https:\/\/api.w.org\/{rel}","templated":true}]}}