{"id":830,"date":"2024-05-24T14:12:50","date_gmt":"2024-05-24T06:12:50","guid":{"rendered":"https:\/\/ecmicrophones.com\/?post_type=product&#038;p=830"},"modified":"2026-03-19T15:29:00","modified_gmt":"2026-03-19T07:29:00","slug":"14mm-unidirectional-electret-condenser-microphone-cartridge-for-interview-shotgun","status":"publish","type":"product","link":"https:\/\/ecmicrophones.com\/de\/14mm-unidirectional-electret-condenser-microphone-cartridge-for-interview-shotgun\/","title":{"rendered":"14 mm unidirektionale Elektret-Kondensatormikrofonkapsel f\u00fcr Interview-Richtmikrofon"},"content":{"rendered":"<h2 class=\"text-start\">Technische Daten<\/h2>\n<p class=\"text-start\">Unser unidirektionaler Mikrofonkopf 1455 liefert Hi-Fi-Klangqualit\u00e4t mit hoher Wiedergabetreue und geringem Rauschen. Er verf\u00fcgt \u00fcber einen neu entwickelten Gro\u00dfmembrankern, der speziell f\u00fcr Richtmikrofonanwendungen entwickelt wurde und kraftvolle B\u00e4sse, satte Mittelt\u00f6ne und helle H\u00f6hen f\u00fcr ein umfassendes Audioerlebnis bietet.<\/p>\n<h3 class=\"pt-5 text-start\">Standardtestschaltung<\/h3>\n<p><img loading=\"lazy\" decoding=\"async\" class=\"alignnone size-full wp-image-832\" src=\"https:\/\/ecmicrophones.com\/wp-content\/uploads\/2024\/05\/standard-test-circuit_ecm-b1455uml36-600.png\" alt=\"Standardtestschaltung\" width=\"534\" height=\"235\" srcset=\"https:\/\/ecmicrophones.com\/wp-content\/uploads\/2024\/05\/standard-test-circuit_ecm-b1455uml36-600.png 534w, https:\/\/ecmicrophones.com\/wp-content\/uploads\/2024\/05\/standard-test-circuit_ecm-b1455uml36-600-300x132.png 300w, https:\/\/ecmicrophones.com\/wp-content\/uploads\/2024\/05\/standard-test-circuit_ecm-b1455uml36-600-18x8.png 18w\" sizes=\"auto, (max-width: 534px) 100vw, 534px\" \/><\/p>\n<p>Pr\u00fcfbedingungen: RL = 15K\u03a9, VS = 2V, C = 1\u03bcF.<\/p>\n<h3 class=\"pt-5 text-start\">Typischer Frequenzgang<\/h3>\n<p><img loading=\"lazy\" decoding=\"async\" class=\"alignnone wp-image-833 size-large\" src=\"https:\/\/ecmicrophones.com\/wp-content\/uploads\/2024\/05\/typical-frequency-response_ecm-b1455uml36-600-1024x460.png\" alt=\"Typischer Frequenzgang\" width=\"1024\" height=\"460\" srcset=\"https:\/\/ecmicrophones.com\/wp-content\/uploads\/2024\/05\/typical-frequency-response_ecm-b1455uml36-600-1024x460.png 1024w, https:\/\/ecmicrophones.com\/wp-content\/uploads\/2024\/05\/typical-frequency-response_ecm-b1455uml36-600-300x135.png 300w, https:\/\/ecmicrophones.com\/wp-content\/uploads\/2024\/05\/typical-frequency-response_ecm-b1455uml36-600-768x345.png 768w, https:\/\/ecmicrophones.com\/wp-content\/uploads\/2024\/05\/typical-frequency-response_ecm-b1455uml36-600-1536x689.png 1536w, https:\/\/ecmicrophones.com\/wp-content\/uploads\/2024\/05\/typical-frequency-response_ecm-b1455uml36-600-18x8.png 18w, https:\/\/ecmicrophones.com\/wp-content\/uploads\/2024\/05\/typical-frequency-response_ecm-b1455uml36-600-600x269.png 600w, https:\/\/ecmicrophones.com\/wp-content\/uploads\/2024\/05\/typical-frequency-response_ecm-b1455uml36-600.png 1651w\" sizes=\"auto, (max-width: 1024px) 100vw, 1024px\" \/><\/p>\n<p>Der ansteigende Frequenzgang beginnt bei 100 Hz mit einer verst\u00e4rkten Verst\u00e4rkung der tiefen Frequenzen und erreicht seinen H\u00f6hepunkt knapp unter 10 kHz, bevor die hohen Frequenzen allm\u00e4hlich abfallen - optimiert f\u00fcr die unidirektionale Sprachaufnahme mit hoher Wiedergabetreue.<\/p>\n<h3 class=\"pt-5 text-start\">Abmessungen (UNIT: mm)<\/h3>\n<p><img loading=\"lazy\" decoding=\"async\" class=\"alignnone size-full wp-image-831\" src=\"https:\/\/ecmicrophones.com\/wp-content\/uploads\/2024\/05\/appearance-dimension_ecm-b1455uml36-600.png\" alt=\"Aussehen Dimension\" width=\"610\" height=\"357\" srcset=\"https:\/\/ecmicrophones.com\/wp-content\/uploads\/2024\/05\/appearance-dimension_ecm-b1455uml36-600.png 610w, https:\/\/ecmicrophones.com\/wp-content\/uploads\/2024\/05\/appearance-dimension_ecm-b1455uml36-600-300x176.png 300w, https:\/\/ecmicrophones.com\/wp-content\/uploads\/2024\/05\/appearance-dimension_ecm-b1455uml36-600-18x12.png 18w, https:\/\/ecmicrophones.com\/wp-content\/uploads\/2024\/05\/appearance-dimension_ecm-b1455uml36-600-600x351.png 600w\" sizes=\"auto, (max-width: 610px) 100vw, 610px\" \/><\/p>\n<p>Die Kapsel hat einen Durchmesser von 14 mm und eine H\u00f6he von 5,5 mm. Sie ist mit einem Staubschutzgitter auf der Vorderseite und einer akustischen \u00d6ffnung auf der R\u00fcckseite ausgestattet, die von einer d\u00e4mpfenden Netzschicht bedeckt ist.<\/p>","protected":false},"excerpt":{"rendered":"<p>Das ECM-B1455UML36-600 ist eine 14 \u00d7 5,5 mm gro\u00dfe, unidirektionale Mikrofonkapsel, die f\u00fcr Mikrofonausr\u00fcstung wie Interviewmikrofone entwickelt wurde. Mit einer Empfindlichkeit von -36 dB\u00b12 und einem Signal-Rausch-Verh\u00e4ltnis von 75 dB sorgt es f\u00fcr eine klare und hochwertige Audioaufnahme.<\/p>","protected":false},"featured_media":2527,"comment_status":"open","ping_status":"closed","template":"","meta":[],"product_brand":[721],"product_cat":[16,21],"product_tag":[280,235,288],"class_list":{"0":"post-830","1":"product","2":"type-product","3":"status-publish","4":"has-post-thumbnail","6":"product_brand-ecmic","7":"product_cat-electret-microphones","8":"product_cat-unidirectional-microphones","9":"product_tag-14mm","10":"product_tag-conference","11":"product_tag-solder-pads","13":"first","14":"instock","15":"shipping-taxable","16":"purchasable","17":"product-type-simple"},"_links":{"self":[{"href":"https:\/\/ecmicrophones.com\/de\/wp-json\/wp\/v2\/product\/830","targetHints":{"allow":["GET"]}}],"collection":[{"href":"https:\/\/ecmicrophones.com\/de\/wp-json\/wp\/v2\/product"}],"about":[{"href":"https:\/\/ecmicrophones.com\/de\/wp-json\/wp\/v2\/types\/product"}],"replies":[{"embeddable":true,"href":"https:\/\/ecmicrophones.com\/de\/wp-json\/wp\/v2\/comments?post=830"}],"wp:featuredmedia":[{"embeddable":true,"href":"https:\/\/ecmicrophones.com\/de\/wp-json\/wp\/v2\/media\/2527"}],"wp:attachment":[{"href":"https:\/\/ecmicrophones.com\/de\/wp-json\/wp\/v2\/media?parent=830"}],"wp:term":[{"taxonomy":"product_brand","embeddable":true,"href":"https:\/\/ecmicrophones.com\/de\/wp-json\/wp\/v2\/product_brand?post=830"},{"taxonomy":"product_cat","embeddable":true,"href":"https:\/\/ecmicrophones.com\/de\/wp-json\/wp\/v2\/product_cat?post=830"},{"taxonomy":"product_tag","embeddable":true,"href":"https:\/\/ecmicrophones.com\/de\/wp-json\/wp\/v2\/product_tag?post=830"}],"curies":[{"name":"wp","href":"https:\/\/api.w.org\/{rel}","templated":true}]}}