{"id":849,"date":"2024-05-24T15:36:38","date_gmt":"2024-05-24T07:36:38","guid":{"rendered":"https:\/\/ecmicrophones.com\/?post_type=product&#038;p=849"},"modified":"2026-03-19T15:28:22","modified_gmt":"2026-03-19T07:28:22","slug":"electret-microphone-with-3-solder-pads","status":"publish","type":"product","link":"https:\/\/ecmicrophones.com\/de\/electret-microphone-with-3-solder-pads\/","title":{"rendered":"Elektretmikrofon mit 3 L\u00f6tpads"},"content":{"rendered":"<h2 class=\"text-start\">Technische Daten<\/h2>\n<p class=\"text-start\">Unsere 1463-Mikrofonkapsel mit unidirektionaler Gro\u00dfmembran bietet ein hohes Signal-Rausch-Verh\u00e4ltnis und geringes Rauschen. Der Quellausgang sorgt f\u00fcr eine sauberere und klarere Klangqualit\u00e4t.<\/p>\n<h3 class=\"pt-5 text-start\">Standardtestschaltung<\/h3>\n<p><img loading=\"lazy\" decoding=\"async\" class=\"alignnone size-full wp-image-850\" src=\"https:\/\/ecmicrophones.com\/wp-content\/uploads\/2024\/05\/standard-test-circuit_ecm-b1463ul42-291.png\" alt=\"Standardtestschaltung\" width=\"464\" height=\"244\" srcset=\"https:\/\/ecmicrophones.com\/wp-content\/uploads\/2024\/05\/standard-test-circuit_ecm-b1463ul42-291.png 464w, https:\/\/ecmicrophones.com\/wp-content\/uploads\/2024\/05\/standard-test-circuit_ecm-b1463ul42-291-300x158.png 300w, https:\/\/ecmicrophones.com\/wp-content\/uploads\/2024\/05\/standard-test-circuit_ecm-b1463ul42-291-18x9.png 18w\" sizes=\"auto, (max-width: 464px) 100vw, 464px\" \/><\/p>\n<p>Testbedingungen: RL = 6,8K\u03a9, Vs = 4,5V, C = 1\u03bcF.<\/p>\n<h3 class=\"pt-5 text-start\">Typischer Frequenzgang<\/h3>\n<p><img loading=\"lazy\" decoding=\"async\" class=\"alignnone wp-image-852 size-large\" src=\"https:\/\/ecmicrophones.com\/wp-content\/uploads\/2024\/05\/typical-frequency-response_ecm-b1463ul42-291-1024x487.png\" alt=\"Typischer Frequenzgang\" width=\"1024\" height=\"487\" srcset=\"https:\/\/ecmicrophones.com\/wp-content\/uploads\/2024\/05\/typical-frequency-response_ecm-b1463ul42-291-1024x487.png 1024w, https:\/\/ecmicrophones.com\/wp-content\/uploads\/2024\/05\/typical-frequency-response_ecm-b1463ul42-291-300x143.png 300w, https:\/\/ecmicrophones.com\/wp-content\/uploads\/2024\/05\/typical-frequency-response_ecm-b1463ul42-291-768x365.png 768w, https:\/\/ecmicrophones.com\/wp-content\/uploads\/2024\/05\/typical-frequency-response_ecm-b1463ul42-291-1536x730.png 1536w, https:\/\/ecmicrophones.com\/wp-content\/uploads\/2024\/05\/typical-frequency-response_ecm-b1463ul42-291-18x9.png 18w, https:\/\/ecmicrophones.com\/wp-content\/uploads\/2024\/05\/typical-frequency-response_ecm-b1463ul42-291-600x285.png 600w, https:\/\/ecmicrophones.com\/wp-content\/uploads\/2024\/05\/typical-frequency-response_ecm-b1463ul42-291.png 1574w\" sizes=\"auto, (max-width: 1024px) 100vw, 1024px\" \/><\/p>\n<p>Der Frequenzgang von 100 Hz bis 16 kHz zeigt eine Anhebung der tiefen Frequenzen, gefolgt von einer allm\u00e4hlichen Abschw\u00e4chung der mittleren bis hohen Frequenzen und einem starken Abfall bei 10 kHz.<\/p>\n<h3 class=\"pt-5 text-start\">Abmessungen (UNIT: mm)<\/h3>\n<p><img loading=\"lazy\" decoding=\"async\" class=\"alignnone size-full wp-image-851\" src=\"https:\/\/ecmicrophones.com\/wp-content\/uploads\/2024\/05\/appearance-dimension_ecm-b1463ul42-291.png\" alt=\"Aussehen Dimension\" width=\"490\" height=\"350\" srcset=\"https:\/\/ecmicrophones.com\/wp-content\/uploads\/2024\/05\/appearance-dimension_ecm-b1463ul42-291.png 490w, https:\/\/ecmicrophones.com\/wp-content\/uploads\/2024\/05\/appearance-dimension_ecm-b1463ul42-291-300x214.png 300w, https:\/\/ecmicrophones.com\/wp-content\/uploads\/2024\/05\/appearance-dimension_ecm-b1463ul42-291-18x12.png 18w\" sizes=\"auto, (max-width: 490px) 100vw, 490px\" \/><\/p>\n<p>Die Kapsel hat einen Durchmesser von 14 mm und eine H\u00f6he von 6,3 mm und verf\u00fcgt \u00fcber eine r\u00fcckseitige akustische \u00d6ffnung und einen Source-Follower-Ausgang mit drei L\u00f6tstiften.<\/p>","protected":false},"excerpt":{"rendered":"<p>Das ECM-B1463UL42-291 ist eine unidirektionale Mikrofonkapsel mit den Abmessungen 14 \u00d7 6,3 mm, die sich ideal f\u00fcr Live-Streaming-Mikrofone und Karaoke-Mikrofone eignet. Es verf\u00fcgt \u00fcber eine Empfindlichkeit von -42 dB\u00b12 und einen Signal-Rausch-Abstand von 78 dB und gew\u00e4hrleistet so eine hochwertige Tonaufnahme f\u00fcr professionelle Audioanwendungen.<\/p>","protected":false},"featured_media":2631,"comment_status":"open","ping_status":"closed","template":"","meta":[],"product_brand":[721],"product_cat":[16,21],"product_tag":[280,292,410,116],"class_list":{"0":"post-849","1":"product","2":"type-product","3":"status-publish","4":"has-post-thumbnail","6":"product_brand-ecmic","7":"product_cat-electret-microphones","8":"product_cat-unidirectional-microphones","9":"product_tag-14mm","10":"product_tag-3-solder-pads","11":"product_tag-high-snr","12":"product_tag-vocal","14":"first","15":"instock","16":"shipping-taxable","17":"purchasable","18":"product-type-simple"},"_links":{"self":[{"href":"https:\/\/ecmicrophones.com\/de\/wp-json\/wp\/v2\/product\/849","targetHints":{"allow":["GET"]}}],"collection":[{"href":"https:\/\/ecmicrophones.com\/de\/wp-json\/wp\/v2\/product"}],"about":[{"href":"https:\/\/ecmicrophones.com\/de\/wp-json\/wp\/v2\/types\/product"}],"replies":[{"embeddable":true,"href":"https:\/\/ecmicrophones.com\/de\/wp-json\/wp\/v2\/comments?post=849"}],"wp:featuredmedia":[{"embeddable":true,"href":"https:\/\/ecmicrophones.com\/de\/wp-json\/wp\/v2\/media\/2631"}],"wp:attachment":[{"href":"https:\/\/ecmicrophones.com\/de\/wp-json\/wp\/v2\/media?parent=849"}],"wp:term":[{"taxonomy":"product_brand","embeddable":true,"href":"https:\/\/ecmicrophones.com\/de\/wp-json\/wp\/v2\/product_brand?post=849"},{"taxonomy":"product_cat","embeddable":true,"href":"https:\/\/ecmicrophones.com\/de\/wp-json\/wp\/v2\/product_cat?post=849"},{"taxonomy":"product_tag","embeddable":true,"href":"https:\/\/ecmicrophones.com\/de\/wp-json\/wp\/v2\/product_tag?post=849"}],"curies":[{"name":"wp","href":"https:\/\/api.w.org\/{rel}","templated":true}]}}