{"id":870,"date":"2024-05-24T16:37:17","date_gmt":"2024-05-24T08:37:17","guid":{"rendered":"https:\/\/ecmicrophones.com\/?post_type=product&#038;p=870"},"modified":"2026-03-19T15:27:32","modified_gmt":"2026-03-19T07:27:32","slug":"14mm-unidirectional-electret-condenser-microphone-insert-for-anchor-wireless","status":"publish","type":"product","link":"https:\/\/ecmicrophones.com\/de\/14mm-unidirectional-electret-condenser-microphone-insert-for-anchor-wireless\/","title":{"rendered":"14mm unidirektionaler Elektret-Kondensatormikrofoneinsatz f\u00fcr Anchor Wireless"},"content":{"rendered":"<h2 class=\"text-start\">Technische Daten<\/h2>\n<p class=\"text-start\">Unsere unidirektionale, vergoldete Gro\u00dfmembran-Mikrofonkapsel 1465 wurde speziell f\u00fcr Rundfunkmikrofone entwickelt. Durch die Verwendung hochwertiger importierter JFETs ist das Mikrofon rauscharm und \u00e4u\u00dferst st\u00f6rungsresistent und liefert satten, vollen Klang mit hoher Wiedergabetreue f\u00fcr professionelle Rundfunkanwendungen.<\/p>\n<h3 class=\"pt-5 text-start\">Standardtestschaltung<\/h3>\n<p><img loading=\"lazy\" decoding=\"async\" class=\"alignnone size-full wp-image-872\" src=\"https:\/\/ecmicrophones.com\/wp-content\/uploads\/2024\/05\/standard-test-circuit_ecm-b1465ul40-449.png\" alt=\"Standardtestschaltung\" width=\"542\" height=\"231\" srcset=\"https:\/\/ecmicrophones.com\/wp-content\/uploads\/2024\/05\/standard-test-circuit_ecm-b1465ul40-449.png 542w, https:\/\/ecmicrophones.com\/wp-content\/uploads\/2024\/05\/standard-test-circuit_ecm-b1465ul40-449-300x128.png 300w, https:\/\/ecmicrophones.com\/wp-content\/uploads\/2024\/05\/standard-test-circuit_ecm-b1465ul40-449-18x8.png 18w\" sizes=\"auto, (max-width: 542px) 100vw, 542px\" \/><\/p>\n<p>Testbedingungen: RL = 6,8k\u03a9, Vs = 4,5V, C = 1\u00b5F.<\/p>\n<h3 class=\"pt-5 text-start\">Typischer Frequenzgang<\/h3>\n<p><img loading=\"lazy\" decoding=\"async\" class=\"alignnone wp-image-871 size-large\" src=\"https:\/\/ecmicrophones.com\/wp-content\/uploads\/2024\/05\/typical-frequency-response_ecm-b1465ul40-449-1024x513.png\" alt=\"Typischer Frequenzgang\" width=\"1024\" height=\"513\" srcset=\"https:\/\/ecmicrophones.com\/wp-content\/uploads\/2024\/05\/typical-frequency-response_ecm-b1465ul40-449-1024x513.png 1024w, https:\/\/ecmicrophones.com\/wp-content\/uploads\/2024\/05\/typical-frequency-response_ecm-b1465ul40-449-300x150.png 300w, https:\/\/ecmicrophones.com\/wp-content\/uploads\/2024\/05\/typical-frequency-response_ecm-b1465ul40-449-768x384.png 768w, https:\/\/ecmicrophones.com\/wp-content\/uploads\/2024\/05\/typical-frequency-response_ecm-b1465ul40-449-1536x769.png 1536w, https:\/\/ecmicrophones.com\/wp-content\/uploads\/2024\/05\/typical-frequency-response_ecm-b1465ul40-449-18x9.png 18w, https:\/\/ecmicrophones.com\/wp-content\/uploads\/2024\/05\/typical-frequency-response_ecm-b1465ul40-449-600x300.png 600w, https:\/\/ecmicrophones.com\/wp-content\/uploads\/2024\/05\/typical-frequency-response_ecm-b1465ul40-449.png 1578w\" sizes=\"auto, (max-width: 1024px) 100vw, 1024px\" \/><\/p>\n<p>Der Frequenzgang zeigt einen sanften Anstieg \u00fcber den gr\u00f6\u00dften Teil des Spektrums, mit einem relativ flachen und stabilen Mitteltonbereich und einer allm\u00e4hlichen Abschw\u00e4chung ab etwa 10 kHz.<\/p>\n<h3 class=\"pt-5 text-start\">Abmessungen (UNIT: mm)<\/h3>\n<p><img loading=\"lazy\" decoding=\"async\" class=\"alignnone size-full wp-image-873\" src=\"https:\/\/ecmicrophones.com\/wp-content\/uploads\/2024\/05\/appearance-dimension_ecm-b1465ul40-449.png\" alt=\"Aussehen Dimension\" width=\"547\" height=\"360\" srcset=\"https:\/\/ecmicrophones.com\/wp-content\/uploads\/2024\/05\/appearance-dimension_ecm-b1465ul40-449.png 547w, https:\/\/ecmicrophones.com\/wp-content\/uploads\/2024\/05\/appearance-dimension_ecm-b1465ul40-449-300x197.png 300w, https:\/\/ecmicrophones.com\/wp-content\/uploads\/2024\/05\/appearance-dimension_ecm-b1465ul40-449-18x12.png 18w\" sizes=\"auto, (max-width: 547px) 100vw, 547px\" \/><\/p>\n<p>Die Kapsel hat einen Durchmesser von 14 mm und eine H\u00f6he von 6,5 mm und verf\u00fcgt \u00fcber eine r\u00fcckseitige Schall\u00f6ffnung.<\/p>","protected":false},"excerpt":{"rendered":"<p>Die ECM-B1465UL40-449 ist eine unidirektionale Mikrofonkapsel f\u00fcr Rundfunkanwendungen. Mit Abmessungen von 14 \u00d7 6,5 mm bietet sie eine Empfindlichkeit von -40 dB\u00b12 und einen Signal-Rausch-Abstand von 65 dB und gew\u00e4hrleistet so eine klare Tonaufnahme f\u00fcr Rundfunkzwecke.<\/p>","protected":false},"featured_media":2468,"comment_status":"open","ping_status":"closed","template":"","meta":[],"product_brand":[721],"product_cat":[21,16],"product_tag":[280,292,116],"class_list":{"0":"post-870","1":"product","2":"type-product","3":"status-publish","4":"has-post-thumbnail","6":"product_brand-ecmic","7":"product_cat-unidirectional-microphones","8":"product_cat-electret-microphones","9":"product_tag-14mm","10":"product_tag-3-solder-pads","11":"product_tag-vocal","13":"first","14":"instock","15":"shipping-taxable","16":"purchasable","17":"product-type-simple"},"_links":{"self":[{"href":"https:\/\/ecmicrophones.com\/de\/wp-json\/wp\/v2\/product\/870","targetHints":{"allow":["GET"]}}],"collection":[{"href":"https:\/\/ecmicrophones.com\/de\/wp-json\/wp\/v2\/product"}],"about":[{"href":"https:\/\/ecmicrophones.com\/de\/wp-json\/wp\/v2\/types\/product"}],"replies":[{"embeddable":true,"href":"https:\/\/ecmicrophones.com\/de\/wp-json\/wp\/v2\/comments?post=870"}],"wp:featuredmedia":[{"embeddable":true,"href":"https:\/\/ecmicrophones.com\/de\/wp-json\/wp\/v2\/media\/2468"}],"wp:attachment":[{"href":"https:\/\/ecmicrophones.com\/de\/wp-json\/wp\/v2\/media?parent=870"}],"wp:term":[{"taxonomy":"product_brand","embeddable":true,"href":"https:\/\/ecmicrophones.com\/de\/wp-json\/wp\/v2\/product_brand?post=870"},{"taxonomy":"product_cat","embeddable":true,"href":"https:\/\/ecmicrophones.com\/de\/wp-json\/wp\/v2\/product_cat?post=870"},{"taxonomy":"product_tag","embeddable":true,"href":"https:\/\/ecmicrophones.com\/de\/wp-json\/wp\/v2\/product_tag?post=870"}],"curies":[{"name":"wp","href":"https:\/\/api.w.org\/{rel}","templated":true}]}}