{"id":876,"date":"2024-05-24T16:52:24","date_gmt":"2024-05-24T08:52:24","guid":{"rendered":"https:\/\/ecmicrophones.com\/?post_type=product&#038;p=876"},"modified":"2026-04-24T14:18:22","modified_gmt":"2026-04-24T06:18:22","slug":"electret-microphone-insert-without-fet","status":"publish","type":"product","link":"https:\/\/ecmicrophones.com\/de\/electret-microphone-insert-without-fet\/","title":{"rendered":"Elektret-Mikrofoneinsatz ohne FET (Auslaufmodell)"},"content":{"rendered":"<h2 class=\"text-start\">Technische Daten<\/h2>\n<p class=\"text-start\">Unser unidirektionaler Elektretmikrofonkopf 1660 bietet eine hohe Empfindlichkeit und effektive Rauschunterdr\u00fcckung und gew\u00e4hrleistet so eine klare und pr\u00e4zise Audioaufnahme.<\/p>\n<h3 class=\"pt-5 text-start\">Standardtestschaltung<\/h3>\n<p><img loading=\"lazy\" decoding=\"async\" class=\"alignnone size-full wp-image-878\" src=\"https:\/\/ecmicrophones.com\/wp-content\/uploads\/2024\/05\/standard-test-circuit_ecm-b1660ul46-319.png\" alt=\"Standardtestschaltung\" width=\"534\" height=\"239\" srcset=\"https:\/\/ecmicrophones.com\/wp-content\/uploads\/2024\/05\/standard-test-circuit_ecm-b1660ul46-319.png 534w, https:\/\/ecmicrophones.com\/wp-content\/uploads\/2024\/05\/standard-test-circuit_ecm-b1660ul46-319-300x134.png 300w, https:\/\/ecmicrophones.com\/wp-content\/uploads\/2024\/05\/standard-test-circuit_ecm-b1660ul46-319-18x8.png 18w\" sizes=\"auto, (max-width: 534px) 100vw, 534px\" \/><\/p>\n<p>Getestet mit einer Konfiguration von RL=680\u03a9, VS=1,5V und C=1\u03bcF, um Standardbetriebsbedingungen zu simulieren.<\/p>\n<h3 class=\"pt-5 text-start\">Typischer Frequenzgang<\/h3>\n<p><img loading=\"lazy\" decoding=\"async\" class=\"alignnone size-full wp-image-877\" src=\"https:\/\/ecmicrophones.com\/wp-content\/uploads\/2024\/05\/typical-frequency-response_ecm-b1660ul46-319.png\" alt=\"Typischer Frequenzgang\" width=\"590\" height=\"265\" srcset=\"https:\/\/ecmicrophones.com\/wp-content\/uploads\/2024\/05\/typical-frequency-response_ecm-b1660ul46-319.png 590w, https:\/\/ecmicrophones.com\/wp-content\/uploads\/2024\/05\/typical-frequency-response_ecm-b1660ul46-319-300x135.png 300w, https:\/\/ecmicrophones.com\/wp-content\/uploads\/2024\/05\/typical-frequency-response_ecm-b1660ul46-319-18x8.png 18w\" sizes=\"auto, (max-width: 590px) 100vw, 590px\" \/><\/p>\n<p>Der Frequenzgang steigt von 100 Hz bis etwa 500 Hz an, bleibt relativ flach, sinkt zwischen 4 und 5 kHz ab und beginnt dann jenseits von 5 kHz wieder zu steigen.<\/p>\n<h3 class=\"pt-5 text-start\">Abmessungen (UNIT: mm)<\/h3>\n<p><img loading=\"lazy\" decoding=\"async\" class=\"alignnone size-full wp-image-879\" src=\"https:\/\/ecmicrophones.com\/wp-content\/uploads\/2024\/05\/appearance-dimension_ecm-b1660ul46-319.png\" alt=\"Aussehen Dimension\" width=\"298\" height=\"457\" srcset=\"https:\/\/ecmicrophones.com\/wp-content\/uploads\/2024\/05\/appearance-dimension_ecm-b1660ul46-319.png 298w, https:\/\/ecmicrophones.com\/wp-content\/uploads\/2024\/05\/appearance-dimension_ecm-b1660ul46-319-196x300.png 196w, https:\/\/ecmicrophones.com\/wp-content\/uploads\/2024\/05\/appearance-dimension_ecm-b1660ul46-319-8x12.png 8w\" sizes=\"auto, (max-width: 298px) 100vw, 298px\" \/><\/p>\n<p>Die Mikrofonkapsel misst 16 mm im Durchmesser und 6 mm in der H\u00f6he, mit externen L\u00f6tfahnen und ohne internen FET-Schaltkreis.<\/p>","protected":false},"excerpt":{"rendered":"<p>Das ECM-B1660UL46-319 ist eine 16 \u00d7 6 mm gro\u00dfe, unidirektionale Mikrofonkapsel, die f\u00fcr Rundfunkanwendungen entwickelt wurde. Mit einer Empfindlichkeit von -46 dB\u00b13 und einem Signal-Rausch-Verh\u00e4ltnis von 60 dB sorgt es f\u00fcr eine klare und pr\u00e4zise Tonaufnahme und ist somit ideal f\u00fcr den Einsatz in Streaming- und Live-\u00dcbertragungsumgebungen.<\/p>","protected":false},"featured_media":2639,"comment_status":"open","ping_status":"closed","template":"","meta":[],"product_brand":[721],"product_cat":[16,21],"product_tag":[279,300,436,116],"class_list":{"0":"post-876","1":"product","2":"type-product","3":"status-publish","4":"has-post-thumbnail","6":"product_brand-ecmic","7":"product_cat-electret-microphones","8":"product_cat-unidirectional-microphones","9":"product_tag-16mm","10":"product_tag-without-fet","11":"product_tag-solder-tabs","12":"product_tag-vocal","14":"first","15":"instock","16":"shipping-taxable","17":"purchasable","18":"product-type-simple"},"_links":{"self":[{"href":"https:\/\/ecmicrophones.com\/de\/wp-json\/wp\/v2\/product\/876","targetHints":{"allow":["GET"]}}],"collection":[{"href":"https:\/\/ecmicrophones.com\/de\/wp-json\/wp\/v2\/product"}],"about":[{"href":"https:\/\/ecmicrophones.com\/de\/wp-json\/wp\/v2\/types\/product"}],"replies":[{"embeddable":true,"href":"https:\/\/ecmicrophones.com\/de\/wp-json\/wp\/v2\/comments?post=876"}],"wp:featuredmedia":[{"embeddable":true,"href":"https:\/\/ecmicrophones.com\/de\/wp-json\/wp\/v2\/media\/2639"}],"wp:attachment":[{"href":"https:\/\/ecmicrophones.com\/de\/wp-json\/wp\/v2\/media?parent=876"}],"wp:term":[{"taxonomy":"product_brand","embeddable":true,"href":"https:\/\/ecmicrophones.com\/de\/wp-json\/wp\/v2\/product_brand?post=876"},{"taxonomy":"product_cat","embeddable":true,"href":"https:\/\/ecmicrophones.com\/de\/wp-json\/wp\/v2\/product_cat?post=876"},{"taxonomy":"product_tag","embeddable":true,"href":"https:\/\/ecmicrophones.com\/de\/wp-json\/wp\/v2\/product_tag?post=876"}],"curies":[{"name":"wp","href":"https:\/\/api.w.org\/{rel}","templated":true}]}}