{"id":882,"date":"2024-05-24T17:45:28","date_gmt":"2024-05-24T09:45:28","guid":{"rendered":"https:\/\/ecmicrophones.com\/?post_type=product&#038;p=882"},"modified":"2026-03-19T15:27:02","modified_gmt":"2026-03-19T07:27:02","slug":"16mm-cardioid-electret-microphone-element-for-anchor","status":"publish","type":"product","link":"https:\/\/ecmicrophones.com\/de\/16mm-cardioid-electret-microphone-element-for-anchor\/","title":{"rendered":"16 mm Nieren-Elektretmikrofonelement f\u00fcr Anchor"},"content":{"rendered":"<h2 class=\"text-start\">Technische Daten<\/h2>\n<p class=\"text-start\">Der eindirektionale Kondensatormikrofonkopf 1655 ist auf Rundfunkanwendungen zugeschnitten und bietet stabile und zuverl\u00e4ssige Qualit\u00e4t mit koreanischem JFET. Ausgestattet mit Doppelkondensatoren zur Entst\u00f6rung liefert er eine hohe Audioqualit\u00e4t und ein gutes Signal-Rausch-Verh\u00e4ltnis und gew\u00e4hrleistet so eine hervorragende Tonwiedergabe f\u00fcr professionelle Rundfunkanwendungen.<\/p>\n<h3 class=\"pt-5 text-start\">Standardtestschaltung<\/h3>\n<p><img loading=\"lazy\" decoding=\"async\" class=\"alignnone size-full wp-image-1968\" src=\"https:\/\/ecmicrophones.com\/wp-content\/uploads\/2024\/05\/standard-test-circuit_ecm-b1655ul44-280.png\" alt=\"Schaltplan f\u00fcr Mikrofontest\" width=\"474\" height=\"208\" srcset=\"https:\/\/ecmicrophones.com\/wp-content\/uploads\/2024\/05\/standard-test-circuit_ecm-b1655ul44-280.png 474w, https:\/\/ecmicrophones.com\/wp-content\/uploads\/2024\/05\/standard-test-circuit_ecm-b1655ul44-280-300x132.png 300w, https:\/\/ecmicrophones.com\/wp-content\/uploads\/2024\/05\/standard-test-circuit_ecm-b1655ul44-280-18x8.png 18w\" sizes=\"auto, (max-width: 474px) 100vw, 474px\" \/><\/p>\n<p>Testkonfiguration: RL=680\u03a9, VS=1,5V, C=1\u03bcF<\/p>\n<h3 class=\"pt-5 text-start\">Typischer Frequenzgang<\/h3>\n<p><img loading=\"lazy\" decoding=\"async\" class=\"alignnone wp-image-1969 size-large\" src=\"https:\/\/ecmicrophones.com\/wp-content\/uploads\/2024\/05\/typical-frequency-response_ecm-b1655ul44-280-1024x512.png\" alt=\"Frequenzgangkurve mit anf\u00e4nglichem Anstieg, Einbruch im Mitteltonbereich und Abfallen der hohen Frequenzen\" width=\"1024\" height=\"512\" srcset=\"https:\/\/ecmicrophones.com\/wp-content\/uploads\/2024\/05\/typical-frequency-response_ecm-b1655ul44-280-1024x512.png 1024w, https:\/\/ecmicrophones.com\/wp-content\/uploads\/2024\/05\/typical-frequency-response_ecm-b1655ul44-280-300x150.png 300w, https:\/\/ecmicrophones.com\/wp-content\/uploads\/2024\/05\/typical-frequency-response_ecm-b1655ul44-280-768x384.png 768w, https:\/\/ecmicrophones.com\/wp-content\/uploads\/2024\/05\/typical-frequency-response_ecm-b1655ul44-280-1536x768.png 1536w, https:\/\/ecmicrophones.com\/wp-content\/uploads\/2024\/05\/typical-frequency-response_ecm-b1655ul44-280-18x9.png 18w, https:\/\/ecmicrophones.com\/wp-content\/uploads\/2024\/05\/typical-frequency-response_ecm-b1655ul44-280-600x300.png 600w, https:\/\/ecmicrophones.com\/wp-content\/uploads\/2024\/05\/typical-frequency-response_ecm-b1655ul44-280.png 1577w\" sizes=\"auto, (max-width: 1024px) 100vw, 1024px\" \/><\/p>\n<p>Der Frequenzgang steigt von 100Hz-6kHz stetig bis zum Spitzenpegel an, f\u00e4llt bei 6-7kHz ab, erholt sich kurz bei 7-8kHz, bevor er bis 10kHz abf\u00e4llt.<\/p>\n<h3 class=\"pt-5 text-start\">Abmessungen (UNIT: mm)<\/h3>\n<p><img loading=\"lazy\" decoding=\"async\" class=\"alignnone size-full wp-image-1967\" src=\"https:\/\/ecmicrophones.com\/wp-content\/uploads\/2024\/05\/appearance-dimension_ecm-b1655ul44-280.png\" alt=\"Zeichnung der Abmessungen des Mikrofons\" width=\"590\" height=\"400\" srcset=\"https:\/\/ecmicrophones.com\/wp-content\/uploads\/2024\/05\/appearance-dimension_ecm-b1655ul44-280.png 590w, https:\/\/ecmicrophones.com\/wp-content\/uploads\/2024\/05\/appearance-dimension_ecm-b1655ul44-280-300x203.png 300w, https:\/\/ecmicrophones.com\/wp-content\/uploads\/2024\/05\/appearance-dimension_ecm-b1655ul44-280-18x12.png 18w\" sizes=\"auto, (max-width: 590px) 100vw, 590px\" \/><\/p>\n<p>Abmessungen: 16 mm Durchmesser \u00d7 5,5 mm H\u00f6he mit Frontgitter und hinteren \u00d6ffnungen<\/p>","protected":false},"excerpt":{"rendered":"<p>Die ECM-B1655UL44-280 ist eine unidirektionale Mikrofonkapsel, die in erster Linie f\u00fcr Rundfunkmikrofonanwendungen entwickelt wurde. Mit Abmessungen von 16 \u00d7 5,5 mm verf\u00fcgt sie \u00fcber eine Empfindlichkeit von -44 dB\u00b12 und einen Signal-Rausch-Abstand von 75 dB, was eine hochwertige Tonaufnahme gew\u00e4hrleistet.<\/p>","protected":false},"featured_media":2471,"comment_status":"open","ping_status":"closed","template":"","meta":[],"product_brand":[721],"product_cat":[16,21],"product_tag":[279,288,116],"class_list":{"0":"post-882","1":"product","2":"type-product","3":"status-publish","4":"has-post-thumbnail","6":"product_brand-ecmic","7":"product_cat-electret-microphones","8":"product_cat-unidirectional-microphones","9":"product_tag-16mm","10":"product_tag-solder-pads","11":"product_tag-vocal","13":"first","14":"instock","15":"shipping-taxable","16":"purchasable","17":"product-type-simple"},"_links":{"self":[{"href":"https:\/\/ecmicrophones.com\/de\/wp-json\/wp\/v2\/product\/882","targetHints":{"allow":["GET"]}}],"collection":[{"href":"https:\/\/ecmicrophones.com\/de\/wp-json\/wp\/v2\/product"}],"about":[{"href":"https:\/\/ecmicrophones.com\/de\/wp-json\/wp\/v2\/types\/product"}],"replies":[{"embeddable":true,"href":"https:\/\/ecmicrophones.com\/de\/wp-json\/wp\/v2\/comments?post=882"}],"wp:featuredmedia":[{"embeddable":true,"href":"https:\/\/ecmicrophones.com\/de\/wp-json\/wp\/v2\/media\/2471"}],"wp:attachment":[{"href":"https:\/\/ecmicrophones.com\/de\/wp-json\/wp\/v2\/media?parent=882"}],"wp:term":[{"taxonomy":"product_brand","embeddable":true,"href":"https:\/\/ecmicrophones.com\/de\/wp-json\/wp\/v2\/product_brand?post=882"},{"taxonomy":"product_cat","embeddable":true,"href":"https:\/\/ecmicrophones.com\/de\/wp-json\/wp\/v2\/product_cat?post=882"},{"taxonomy":"product_tag","embeddable":true,"href":"https:\/\/ecmicrophones.com\/de\/wp-json\/wp\/v2\/product_tag?post=882"}],"curies":[{"name":"wp","href":"https:\/\/api.w.org\/{rel}","templated":true}]}}