{"id":888,"date":"2024-05-30T17:37:27","date_gmt":"2024-05-30T09:37:27","guid":{"rendered":"https:\/\/ecmicrophones.com\/?post_type=product&#038;p=888"},"modified":"2026-03-19T15:26:53","modified_gmt":"2026-03-19T07:26:53","slug":"large-diaphragm-electret-microphone-cartridge-without-fet","status":"publish","type":"product","link":"https:\/\/ecmicrophones.com\/de\/large-diaphragm-electret-microphone-cartridge-without-fet\/","title":{"rendered":"Gro\u00dfmembran-Elektret-Mikrofonkapsel ohne FET"},"content":{"rendered":"<h2 class=\"text-start\">Technische Daten<\/h2>\n<p class=\"text-start\">Unser unidirektionaler Gro\u00dfmembran-Mikrofonkopf 2563 liefert hervorragende Klangqualit\u00e4t, einen breiten Frequenzgang und ausgezeichnete Wiedergabetreue und gew\u00e4hrleistet so eine \u00fcberragende Audioleistung.<\/p>\n<h3 class=\"pt-5 text-start\">Standardtestschaltung<\/h3>\n<p><img loading=\"lazy\" decoding=\"async\" class=\"alignnone size-full wp-image-889\" src=\"https:\/\/ecmicrophones.com\/wp-content\/uploads\/2024\/05\/standard-test-circuit_ecm-b250u.png\" alt=\"Standardtestschaltung\" width=\"546\" height=\"286\" srcset=\"https:\/\/ecmicrophones.com\/wp-content\/uploads\/2024\/05\/standard-test-circuit_ecm-b250u.png 546w, https:\/\/ecmicrophones.com\/wp-content\/uploads\/2024\/05\/standard-test-circuit_ecm-b250u-300x157.png 300w, https:\/\/ecmicrophones.com\/wp-content\/uploads\/2024\/05\/standard-test-circuit_ecm-b250u-18x9.png 18w\" sizes=\"auto, (max-width: 546px) 100vw, 546px\" \/><\/p>\n<p>Testbedingungen: RL = 680\u03a9, Vs = 1,5V, C = <strong>10\u03bcF<\/strong><\/p>\n<h3 class=\"pt-5 text-start\">Typischer Frequenzgang<\/h3>\n<p><img loading=\"lazy\" decoding=\"async\" class=\"alignnone size-full wp-image-890\" src=\"https:\/\/ecmicrophones.com\/wp-content\/uploads\/2024\/05\/typical-frequency-response_ecm-b250u.png\" alt=\"Typischer Frequenzgang\" width=\"532\" height=\"305\" srcset=\"https:\/\/ecmicrophones.com\/wp-content\/uploads\/2024\/05\/typical-frequency-response_ecm-b250u.png 532w, https:\/\/ecmicrophones.com\/wp-content\/uploads\/2024\/05\/typical-frequency-response_ecm-b250u-300x172.png 300w, https:\/\/ecmicrophones.com\/wp-content\/uploads\/2024\/05\/typical-frequency-response_ecm-b250u-18x10.png 18w\" sizes=\"auto, (max-width: 532px) 100vw, 532px\" \/><\/p>\n<p>Der Frequenzgang zeigt einen gleichm\u00e4\u00dfigen Anstieg in den tiefen und mittleren bis hohen Bereichen, was zu einer verbesserten Klarheit und Detailtreue beitr\u00e4gt. Im oberen Hochtonbereich beginnt ein scharfer Abfall.<\/p>\n<h3 class=\"pt-5 text-start\">Abmessungen (UNIT: mm)<\/h3>\n<p><img loading=\"lazy\" decoding=\"async\" class=\"alignnone size-full wp-image-891\" src=\"https:\/\/ecmicrophones.com\/wp-content\/uploads\/2024\/05\/appearance-dimension_ecm-b250u.jpg\" alt=\"Aussehen Dimension\" width=\"440\" height=\"160\" srcset=\"https:\/\/ecmicrophones.com\/wp-content\/uploads\/2024\/05\/appearance-dimension_ecm-b250u.jpg 440w, https:\/\/ecmicrophones.com\/wp-content\/uploads\/2024\/05\/appearance-dimension_ecm-b250u-300x109.jpg 300w, https:\/\/ecmicrophones.com\/wp-content\/uploads\/2024\/05\/appearance-dimension_ecm-b250u-18x7.jpg 18w\" sizes=\"auto, (max-width: 440px) 100vw, 440px\" \/><\/p>\n<p>Die Kapsel hat einen Durchmesser von 25 mm und eine H\u00f6he von 6,3 mm und ist mit L\u00f6tfahnen f\u00fcr eine sichere Montage und zuverl\u00e4ssige Verbindung ausgestattet.<\/p>","protected":false},"excerpt":{"rendered":"<p>Das ECM-B250U ist eine unidirektionale Mikrofonkapsel mit den Abmessungen 25 \u00d7 6,3 mm, die f\u00fcr professionelle Audioanwendungen wie Streaming, Rundfunk und Karaoke entwickelt wurde. Mit einer Empfindlichkeit von -40 dB\u00b12 und einem Signal-Rausch-Verh\u00e4ltnis von 66 dB bietet es eine klare und pr\u00e4zise Tonaufnahme und ist damit eine ausgezeichnete Wahl f\u00fcr hochwertige Gesangsdarbietungen und -aufnahmen.<\/p>","protected":false},"featured_media":2622,"comment_status":"open","ping_status":"closed","template":"","meta":[],"product_brand":[721],"product_cat":[16,21],"product_tag":[278,436,116],"class_list":{"0":"post-888","1":"product","2":"type-product","3":"status-publish","4":"has-post-thumbnail","6":"product_brand-ecmic","7":"product_cat-electret-microphones","8":"product_cat-unidirectional-microphones","9":"product_tag-25mm","10":"product_tag-solder-tabs","11":"product_tag-vocal","13":"first","14":"instock","15":"shipping-taxable","16":"purchasable","17":"product-type-simple"},"_links":{"self":[{"href":"https:\/\/ecmicrophones.com\/de\/wp-json\/wp\/v2\/product\/888","targetHints":{"allow":["GET"]}}],"collection":[{"href":"https:\/\/ecmicrophones.com\/de\/wp-json\/wp\/v2\/product"}],"about":[{"href":"https:\/\/ecmicrophones.com\/de\/wp-json\/wp\/v2\/types\/product"}],"replies":[{"embeddable":true,"href":"https:\/\/ecmicrophones.com\/de\/wp-json\/wp\/v2\/comments?post=888"}],"wp:featuredmedia":[{"embeddable":true,"href":"https:\/\/ecmicrophones.com\/de\/wp-json\/wp\/v2\/media\/2622"}],"wp:attachment":[{"href":"https:\/\/ecmicrophones.com\/de\/wp-json\/wp\/v2\/media?parent=888"}],"wp:term":[{"taxonomy":"product_brand","embeddable":true,"href":"https:\/\/ecmicrophones.com\/de\/wp-json\/wp\/v2\/product_brand?post=888"},{"taxonomy":"product_cat","embeddable":true,"href":"https:\/\/ecmicrophones.com\/de\/wp-json\/wp\/v2\/product_cat?post=888"},{"taxonomy":"product_tag","embeddable":true,"href":"https:\/\/ecmicrophones.com\/de\/wp-json\/wp\/v2\/product_tag?post=888"}],"curies":[{"name":"wp","href":"https:\/\/api.w.org\/{rel}","templated":true}]}}