{"id":93,"date":"2024-03-27T11:00:49","date_gmt":"2024-03-27T11:00:49","guid":{"rendered":"https:\/\/ecmicrophones.com\/?post_type=product&#038;p=93"},"modified":"2026-03-19T15:40:17","modified_gmt":"2026-03-19T07:40:17","slug":"9-7mm-electret-microphone-capsule-with-pins-for-doorbell","status":"publish","type":"product","link":"https:\/\/ecmicrophones.com\/de\/9-7mm-electret-microphone-capsule-with-pins-for-doorbell\/","title":{"rendered":"9,7-mm-Elektretmikrofonkapsel mit Stiften f\u00fcr die T\u00fcrklingel"},"content":{"rendered":"<h2 class=\"text-start\">Technische Daten<\/h2>\n<p class=\"text-start\">Unser omnidirektionaler Mikrofonkopf 9767 verf\u00fcgt \u00fcber einen hochempfindlichen Elektret-Wandlerkern und ein Plug-In-Design, um optimale Leistung und Vielseitigkeit zu gew\u00e4hrleisten.<\/p>\n<h3 class=\"pt-5 text-start\">Standardtestschaltung<\/h3>\n<p><img loading=\"lazy\" decoding=\"async\" class=\"alignnone wp-image-257\" src=\"https:\/\/ecmicrophones.com\/wp-content\/uploads\/2024\/03\/standard-test-circuit_ecm-f9767ap-30-300x147.png\" alt=\"ECM-F9767AP-30 Standard-Testschaltung: 2,2k\u03a9 Vorspannung, 2V Versorgung, 1\u03bcF Ausgang\" width=\"500\" height=\"245\" srcset=\"https:\/\/ecmicrophones.com\/wp-content\/uploads\/2024\/03\/standard-test-circuit_ecm-f9767ap-30-300x147.png 300w, https:\/\/ecmicrophones.com\/wp-content\/uploads\/2024\/03\/standard-test-circuit_ecm-f9767ap-30-1024x502.png 1024w, https:\/\/ecmicrophones.com\/wp-content\/uploads\/2024\/03\/standard-test-circuit_ecm-f9767ap-30-768x377.png 768w, https:\/\/ecmicrophones.com\/wp-content\/uploads\/2024\/03\/standard-test-circuit_ecm-f9767ap-30-1536x753.png 1536w, https:\/\/ecmicrophones.com\/wp-content\/uploads\/2024\/03\/standard-test-circuit_ecm-f9767ap-30-18x9.png 18w, https:\/\/ecmicrophones.com\/wp-content\/uploads\/2024\/03\/standard-test-circuit_ecm-f9767ap-30-600x294.png 600w, https:\/\/ecmicrophones.com\/wp-content\/uploads\/2024\/03\/standard-test-circuit_ecm-f9767ap-30.png 1542w\" sizes=\"auto, (max-width: 500px) 100vw, 500px\" \/><\/p>\n<p>Konfiguriert mit einem 2,2k\u03a9 Vorspannungswiderstand, 2V Gleichstromversorgung und 1\u03bcF Koppelkondensator.<\/p>\n<h3 class=\"pt-5 text-start\">Typischer Frequenzgang<\/h3>\n<p><img loading=\"lazy\" decoding=\"async\" class=\"alignnone size-full wp-image-258\" src=\"https:\/\/ecmicrophones.com\/wp-content\/uploads\/2024\/03\/typical-frequency-response_ecm-f9767ap-30.png\" alt=\"ECM-F9767AP-30 Frequenzgangkurve\" width=\"656\" height=\"271\" srcset=\"https:\/\/ecmicrophones.com\/wp-content\/uploads\/2024\/03\/typical-frequency-response_ecm-f9767ap-30.png 656w, https:\/\/ecmicrophones.com\/wp-content\/uploads\/2024\/03\/typical-frequency-response_ecm-f9767ap-30-300x124.png 300w, https:\/\/ecmicrophones.com\/wp-content\/uploads\/2024\/03\/typical-frequency-response_ecm-f9767ap-30-18x7.png 18w, https:\/\/ecmicrophones.com\/wp-content\/uploads\/2024\/03\/typical-frequency-response_ecm-f9767ap-30-600x248.png 600w\" sizes=\"auto, (max-width: 656px) 100vw, 656px\" \/><\/p>\n<p>Der Frequenzgang ist gleichm\u00e4\u00dfig von 100 Hz bis 5 kHz mit einem leichten Anstieg zwischen 3 kHz und 5 kHz, gefolgt von einem ausgepr\u00e4gten Roll-off jenseits von 5 kHz.<\/p>\n<h3 class=\"pt-5 text-start\">Abmessungen (UNIT: mm)<\/h3>\n<p><img loading=\"lazy\" decoding=\"async\" class=\"alignnone size-full wp-image-259\" src=\"https:\/\/ecmicrophones.com\/wp-content\/uploads\/2024\/03\/appearance-dimension_ecm-f9767ap-30.png\" alt=\"Abmessungen von ECM-F9767AP-30: \u03a69,7\u00d76,7mm\" width=\"586\" height=\"502\" srcset=\"https:\/\/ecmicrophones.com\/wp-content\/uploads\/2024\/03\/appearance-dimension_ecm-f9767ap-30.png 586w, https:\/\/ecmicrophones.com\/wp-content\/uploads\/2024\/03\/appearance-dimension_ecm-f9767ap-30-300x257.png 300w, https:\/\/ecmicrophones.com\/wp-content\/uploads\/2024\/03\/appearance-dimension_ecm-f9767ap-30-14x12.png 14w\" sizes=\"auto, (max-width: 586px) 100vw, 586px\" \/><\/p>\n<p>Die Kapsel hat die Abmessungen \u03a69,7 \u00d7 6,7 mm und ist auf der Vorderseite mit einem staubdichten Netz und auf der R\u00fcckseite mit einer vollst\u00e4ndig abgedichteten Konstruktion versehen. Ausgestattet mit 5 mm Stiften mit einem Abstand von 2,54 mm.<\/p>","protected":false},"excerpt":{"rendered":"<p>Das ECM-F9767AP-30 ist eine 9,7 \u00d7 6,7 mm gro\u00dfe omnidirektionale Mikrofonkapsel, die sich f\u00fcr Anwendungen wie Geb\u00e4udesprechanlagen und Walkie-Talkie-Ger\u00e4te eignet. Mit einer Empfindlichkeit von -30 dB\u00b12 und einem Signal-Rausch-Verh\u00e4ltnis von 68 dB sorgt es f\u00fcr eine klare und zuverl\u00e4ssige Audio\u00fcbertragung.<\/p>","protected":false},"featured_media":2600,"comment_status":"open","ping_status":"closed","template":"","meta":[],"product_brand":[721],"product_cat":[16,20],"product_tag":[282,109,291],"class_list":{"0":"post-93","1":"product","2":"type-product","3":"status-publish","4":"has-post-thumbnail","6":"product_brand-ecmic","7":"product_cat-electret-microphones","8":"product_cat-omnidirectional-microphones","9":"product_tag-9-7mm","10":"product_tag-intercom","11":"product_tag-pin-type","13":"first","14":"instock","15":"shipping-taxable","16":"purchasable","17":"product-type-simple"},"_links":{"self":[{"href":"https:\/\/ecmicrophones.com\/de\/wp-json\/wp\/v2\/product\/93","targetHints":{"allow":["GET"]}}],"collection":[{"href":"https:\/\/ecmicrophones.com\/de\/wp-json\/wp\/v2\/product"}],"about":[{"href":"https:\/\/ecmicrophones.com\/de\/wp-json\/wp\/v2\/types\/product"}],"replies":[{"embeddable":true,"href":"https:\/\/ecmicrophones.com\/de\/wp-json\/wp\/v2\/comments?post=93"}],"wp:featuredmedia":[{"embeddable":true,"href":"https:\/\/ecmicrophones.com\/de\/wp-json\/wp\/v2\/media\/2600"}],"wp:attachment":[{"href":"https:\/\/ecmicrophones.com\/de\/wp-json\/wp\/v2\/media?parent=93"}],"wp:term":[{"taxonomy":"product_brand","embeddable":true,"href":"https:\/\/ecmicrophones.com\/de\/wp-json\/wp\/v2\/product_brand?post=93"},{"taxonomy":"product_cat","embeddable":true,"href":"https:\/\/ecmicrophones.com\/de\/wp-json\/wp\/v2\/product_cat?post=93"},{"taxonomy":"product_tag","embeddable":true,"href":"https:\/\/ecmicrophones.com\/de\/wp-json\/wp\/v2\/product_tag?post=93"}],"curies":[{"name":"wp","href":"https:\/\/api.w.org\/{rel}","templated":true}]}}