{"id":3255,"date":"2025-08-08T14:20:00","date_gmt":"2025-08-08T06:20:00","guid":{"rendered":"https:\/\/ecmicrophones.com\/?page_id=3255"},"modified":"2026-03-05T16:33:58","modified_gmt":"2026-03-05T08:33:58","slug":"electret-microphone-applications","status":"publish","type":"page","link":"https:\/\/ecmicrophones.com\/es\/electret-microphone-applications\/","title":{"rendered":"Aplicaciones del micr\u00f3fono electret"},"content":{"rendered":"<blockquote class=\"wp-block-quote is-layout-flow wp-block-quote-is-layout-flow\">\n<p>Descubra nuestros elementos de micr\u00f3fono electret de alta calidad, dise\u00f1ados para diversas aplicaciones como sistemas de conferencia, micr\u00f3fonos de solapa, auriculares y sistemas manos libres para autom\u00f3viles. Explore las especificaciones detalladas, incluido el modelo, las dimensiones y la sensibilidad para un rendimiento de audio preciso.<\/p>\n<\/blockquote>","protected":false},"excerpt":{"rendered":"<p>Descubra nuestros elementos de micr\u00f3fono electret de alta calidad, dise\u00f1ados para diversas aplicaciones como sistemas de conferencia, micr\u00f3fonos de solapa, auriculares y sistemas manos libres para autom\u00f3viles. Explore las especificaciones detalladas, incluido el modelo, las dimensiones y la sensibilidad para un rendimiento de audio preciso.<\/p>","protected":false},"author":1,"featured_media":0,"parent":0,"menu_order":0,"comment_status":"closed","ping_status":"closed","template":"","meta":{"footnotes":""},"class_list":["post-3255","page","type-page","status-publish","hentry"],"_links":{"self":[{"href":"https:\/\/ecmicrophones.com\/es\/wp-json\/wp\/v2\/pages\/3255","targetHints":{"allow":["GET"]}}],"collection":[{"href":"https:\/\/ecmicrophones.com\/es\/wp-json\/wp\/v2\/pages"}],"about":[{"href":"https:\/\/ecmicrophones.com\/es\/wp-json\/wp\/v2\/types\/page"}],"author":[{"embeddable":true,"href":"https:\/\/ecmicrophones.com\/es\/wp-json\/wp\/v2\/users\/1"}],"replies":[{"embeddable":true,"href":"https:\/\/ecmicrophones.com\/es\/wp-json\/wp\/v2\/comments?post=3255"}],"version-history":[{"count":0,"href":"https:\/\/ecmicrophones.com\/es\/wp-json\/wp\/v2\/pages\/3255\/revisions"}],"wp:attachment":[{"href":"https:\/\/ecmicrophones.com\/es\/wp-json\/wp\/v2\/media?parent=3255"}],"curies":[{"name":"wp","href":"https:\/\/api.w.org\/{rel}","templated":true}]}}