{"id":3258,"date":"2025-08-08T14:20:16","date_gmt":"2025-08-08T06:20:16","guid":{"rendered":"https:\/\/ecmicrophones.com\/?page_id=3258"},"modified":"2026-03-05T16:34:23","modified_gmt":"2026-03-05T08:34:23","slug":"dynamic-microphone-applications","status":"publish","type":"page","link":"https:\/\/ecmicrophones.com\/es\/dynamic-microphone-applications\/","title":{"rendered":"Aplicaciones de micr\u00f3fonos din\u00e1micos"},"content":{"rendered":"<blockquote class=\"wp-block-quote is-layout-flow wp-block-quote-is-layout-flow\">\n<p>Explore nuestros fiables elementos de micr\u00f3fono din\u00e1mico, ideales para voces de escenario, captaci\u00f3n de instrumentos, podcasts y comunicaciones por walkie-talkie. Consulte los detalles del producto, como el modelo, las dimensiones y la impedancia, para obtener una claridad de sonido y una durabilidad \u00f3ptimas.<\/p>\n<\/blockquote>","protected":false},"excerpt":{"rendered":"<p>Explore nuestros fiables elementos de micr\u00f3fono din\u00e1mico, ideales para voces de escenario, captaci\u00f3n de instrumentos, podcasts y comunicaciones por walkie-talkie. Consulte los detalles del producto, como el modelo, las dimensiones y la impedancia, para obtener una claridad de sonido y una durabilidad \u00f3ptimas.<\/p>","protected":false},"author":1,"featured_media":0,"parent":0,"menu_order":0,"comment_status":"closed","ping_status":"closed","template":"","meta":{"footnotes":""},"class_list":["post-3258","page","type-page","status-publish","hentry"],"_links":{"self":[{"href":"https:\/\/ecmicrophones.com\/es\/wp-json\/wp\/v2\/pages\/3258","targetHints":{"allow":["GET"]}}],"collection":[{"href":"https:\/\/ecmicrophones.com\/es\/wp-json\/wp\/v2\/pages"}],"about":[{"href":"https:\/\/ecmicrophones.com\/es\/wp-json\/wp\/v2\/types\/page"}],"author":[{"embeddable":true,"href":"https:\/\/ecmicrophones.com\/es\/wp-json\/wp\/v2\/users\/1"}],"replies":[{"embeddable":true,"href":"https:\/\/ecmicrophones.com\/es\/wp-json\/wp\/v2\/comments?post=3258"}],"version-history":[{"count":0,"href":"https:\/\/ecmicrophones.com\/es\/wp-json\/wp\/v2\/pages\/3258\/revisions"}],"wp:attachment":[{"href":"https:\/\/ecmicrophones.com\/es\/wp-json\/wp\/v2\/media?parent=3258"}],"curies":[{"name":"wp","href":"https:\/\/api.w.org\/{rel}","templated":true}]}}