{"id":4117,"date":"2026-04-18T14:14:55","date_gmt":"2026-04-18T06:14:55","guid":{"rendered":"https:\/\/ecmicrophones.com\/?page_id=4117"},"modified":"2026-04-20T14:46:52","modified_gmt":"2026-04-20T06:46:52","slug":"long-distance-pickup-mic-solution","status":"publish","type":"page","link":"https:\/\/ecmicrophones.com\/es\/long-distance-pickup-mic-solution\/","title":{"rendered":"Soluci\u00f3n de micr\u00f3fonos de captaci\u00f3n a larga distancia"},"content":{"rendered":"","protected":false},"excerpt":{"rendered":"","protected":false},"author":1,"featured_media":0,"parent":0,"menu_order":0,"comment_status":"closed","ping_status":"closed","template":"","meta":{"footnotes":""},"class_list":["post-4117","page","type-page","status-publish","hentry"],"_links":{"self":[{"href":"https:\/\/ecmicrophones.com\/es\/wp-json\/wp\/v2\/pages\/4117","targetHints":{"allow":["GET"]}}],"collection":[{"href":"https:\/\/ecmicrophones.com\/es\/wp-json\/wp\/v2\/pages"}],"about":[{"href":"https:\/\/ecmicrophones.com\/es\/wp-json\/wp\/v2\/types\/page"}],"author":[{"embeddable":true,"href":"https:\/\/ecmicrophones.com\/es\/wp-json\/wp\/v2\/users\/1"}],"replies":[{"embeddable":true,"href":"https:\/\/ecmicrophones.com\/es\/wp-json\/wp\/v2\/comments?post=4117"}],"version-history":[{"count":1,"href":"https:\/\/ecmicrophones.com\/es\/wp-json\/wp\/v2\/pages\/4117\/revisions"}],"predecessor-version":[{"id":4119,"href":"https:\/\/ecmicrophones.com\/es\/wp-json\/wp\/v2\/pages\/4117\/revisions\/4119"}],"wp:attachment":[{"href":"https:\/\/ecmicrophones.com\/es\/wp-json\/wp\/v2\/media?parent=4117"}],"curies":[{"name":"wp","href":"https:\/\/api.w.org\/{rel}","templated":true}]}}