{"id":9,"date":"2024-03-27T08:51:28","date_gmt":"2024-03-27T08:51:28","guid":{"rendered":"https:\/\/ecmicrophones.com\/index.php\/shop\/"},"modified":"2026-02-28T15:35:19","modified_gmt":"2026-02-28T07:35:19","slug":"all-products","status":"publish","type":"page","link":"https:\/\/ecmicrophones.com\/es\/all-products\/","title":{"rendered":"Componentes de micr\u00f3fono"},"content":{"rendered":"<p>Explore una amplia gama de componentes de micr\u00f3fonos de alta calidad (c\u00e1psulas, elementos y mucho m\u00e1s) dise\u00f1ados para ofrecer precisi\u00f3n, durabilidad y alto rendimiento en aplicaciones de audio, comunicaci\u00f3n e industriales.<\/p>","protected":false},"excerpt":{"rendered":"<p>Explore una amplia gama de componentes de micr\u00f3fonos de alta calidad (c\u00e1psulas, elementos y mucho m\u00e1s) dise\u00f1ados para ofrecer precisi\u00f3n, durabilidad y alto rendimiento en aplicaciones de audio, comunicaci\u00f3n e industriales.<\/p>","protected":false},"author":1,"featured_media":0,"parent":0,"menu_order":0,"comment_status":"closed","ping_status":"closed","template":"","meta":{"footnotes":""},"class_list":["post-9","page","type-page","status-publish","hentry"],"_links":{"self":[{"href":"https:\/\/ecmicrophones.com\/es\/wp-json\/wp\/v2\/pages\/9","targetHints":{"allow":["GET"]}}],"collection":[{"href":"https:\/\/ecmicrophones.com\/es\/wp-json\/wp\/v2\/pages"}],"about":[{"href":"https:\/\/ecmicrophones.com\/es\/wp-json\/wp\/v2\/types\/page"}],"author":[{"embeddable":true,"href":"https:\/\/ecmicrophones.com\/es\/wp-json\/wp\/v2\/users\/1"}],"replies":[{"embeddable":true,"href":"https:\/\/ecmicrophones.com\/es\/wp-json\/wp\/v2\/comments?post=9"}],"version-history":[{"count":0,"href":"https:\/\/ecmicrophones.com\/es\/wp-json\/wp\/v2\/pages\/9\/revisions"}],"wp:attachment":[{"href":"https:\/\/ecmicrophones.com\/es\/wp-json\/wp\/v2\/media?parent=9"}],"curies":[{"name":"wp","href":"https:\/\/api.w.org\/{rel}","templated":true}]}}