{"id":1002,"date":"2024-06-04T17:57:53","date_gmt":"2024-06-04T09:57:53","guid":{"rendered":"https:\/\/ecmicrophones.com\/?post_type=product&#038;p=1002"},"modified":"2026-03-19T15:25:27","modified_gmt":"2026-03-19T07:25:27","slug":"hearing-aid-microphone-electret-4mm","status":"publish","type":"product","link":"https:\/\/ecmicrophones.com\/es\/hearing-aid-microphone-electret-4mm\/","title":{"rendered":"C\u00e1psula de micr\u00f3fono electret de 4 mm para aud\u00edfonos"},"content":{"rendered":"<h2 class=\"text-start\">Especificaciones t\u00e9cnicas<\/h2>\n<p class=\"text-start\">Nuestro cabezal de micr\u00f3fono omnidireccional de alta sensibilidad 4015 proporciona excelentes capacidades antiinterferencias y un rendimiento de bajo ruido, lo que garantiza una captura de audio clara y confiable.<\/p>\n<h3 class=\"pt-5 text-start\">Circuito de prueba est\u00e1ndar<\/h3>\n<p><img loading=\"lazy\" decoding=\"async\" class=\"alignnone size-full wp-image-1004\" src=\"https:\/\/ecmicrophones.com\/wp-content\/uploads\/2024\/06\/standard-test-circuit_ecm-b4015al29.png\" alt=\"Circuito de prueba est\u00e1ndar\" width=\"504\" height=\"217\" srcset=\"https:\/\/ecmicrophones.com\/wp-content\/uploads\/2024\/06\/standard-test-circuit_ecm-b4015al29.png 504w, https:\/\/ecmicrophones.com\/wp-content\/uploads\/2024\/06\/standard-test-circuit_ecm-b4015al29-300x129.png 300w, https:\/\/ecmicrophones.com\/wp-content\/uploads\/2024\/06\/standard-test-circuit_ecm-b4015al29-18x8.png 18w\" sizes=\"auto, (max-width: 504px) 100vw, 504px\" \/><\/p>\n<p>Condiciones de prueba: RL = 2,2k\u03a9, Vs = 2V, C = 1\u03bcF<\/p>\n<h3 class=\"pt-5 text-start\">Respuesta de frecuencia t\u00edpica<\/h3>\n<p><img loading=\"lazy\" decoding=\"async\" class=\"alignnone size-full wp-image-1005\" src=\"https:\/\/ecmicrophones.com\/wp-content\/uploads\/2024\/06\/typical-frequency-response_ecm-b4015al29.png\" alt=\"Respuesta de frecuencia t\u00edpica\" width=\"698\" height=\"238\" srcset=\"https:\/\/ecmicrophones.com\/wp-content\/uploads\/2024\/06\/typical-frequency-response_ecm-b4015al29.png 698w, https:\/\/ecmicrophones.com\/wp-content\/uploads\/2024\/06\/typical-frequency-response_ecm-b4015al29-300x102.png 300w, https:\/\/ecmicrophones.com\/wp-content\/uploads\/2024\/06\/typical-frequency-response_ecm-b4015al29-18x6.png 18w, https:\/\/ecmicrophones.com\/wp-content\/uploads\/2024\/06\/typical-frequency-response_ecm-b4015al29-600x205.png 600w\" sizes=\"auto, (max-width: 698px) 100vw, 698px\" \/><\/p>\n<p>La respuesta en frecuencia se mantiene plana desde 50 Hz hasta alrededor de 3 kHz, y luego aumenta gradualmente. Entre 8 kHz y 10 kHz se produce un suave pico antes de que la respuesta empiece a decaer.<\/p>\n<h3 class=\"pt-5 text-start\">Dimensiones (UNIDAD: mm)<\/h3>\n<p><img loading=\"lazy\" decoding=\"async\" class=\"alignnone size-full wp-image-1003\" src=\"https:\/\/ecmicrophones.com\/wp-content\/uploads\/2024\/06\/appearance-dimension_ecm-b4015al29.png\" alt=\"Dimensi\u00f3n de apariencia\" width=\"577\" height=\"510\" srcset=\"https:\/\/ecmicrophones.com\/wp-content\/uploads\/2024\/06\/appearance-dimension_ecm-b4015al29.png 577w, https:\/\/ecmicrophones.com\/wp-content\/uploads\/2024\/06\/appearance-dimension_ecm-b4015al29-300x265.png 300w, https:\/\/ecmicrophones.com\/wp-content\/uploads\/2024\/06\/appearance-dimension_ecm-b4015al29-14x12.png 14w\" sizes=\"auto, (max-width: 577px) 100vw, 577px\" \/><\/p>\n<p>La c\u00e1psula mide 4 mm de di\u00e1metro y 1,5 mm de altura. La parte delantera est\u00e1 equipada con una malla antipolvo, mientras que la trasera no tiene puerto ac\u00fastico.<\/p>","protected":false},"excerpt":{"rendered":"<p>El ECM-B4015AL29-L es una c\u00e1psula de micr\u00f3fono omnidireccional de 4 \u00d7 1,5 mm con una sensibilidad de -29 dB \u00b1 3 y una relaci\u00f3n se\u00f1al\/ruido de 60 dB. Dise\u00f1ado para aud\u00edfonos, proporciona una captura de sonido clara y confiable, mejorando la experiencia auditiva de los usuarios.<\/p>","protected":false},"featured_media":2541,"comment_status":"open","ping_status":"closed","template":"","meta":[],"product_brand":[721],"product_cat":[16,20],"product_tag":[284,229,288],"class_list":{"0":"post-1002","1":"product","2":"type-product","3":"status-publish","4":"has-post-thumbnail","6":"product_brand-ecmic","7":"product_cat-electret-microphones","8":"product_cat-omnidirectional-microphones","9":"product_tag-4mm","10":"product_tag-equipment","11":"product_tag-solder-pads","13":"first","14":"instock","15":"shipping-taxable","16":"purchasable","17":"product-type-simple"},"_links":{"self":[{"href":"https:\/\/ecmicrophones.com\/es\/wp-json\/wp\/v2\/product\/1002","targetHints":{"allow":["GET"]}}],"collection":[{"href":"https:\/\/ecmicrophones.com\/es\/wp-json\/wp\/v2\/product"}],"about":[{"href":"https:\/\/ecmicrophones.com\/es\/wp-json\/wp\/v2\/types\/product"}],"replies":[{"embeddable":true,"href":"https:\/\/ecmicrophones.com\/es\/wp-json\/wp\/v2\/comments?post=1002"}],"wp:featuredmedia":[{"embeddable":true,"href":"https:\/\/ecmicrophones.com\/es\/wp-json\/wp\/v2\/media\/2541"}],"wp:attachment":[{"href":"https:\/\/ecmicrophones.com\/es\/wp-json\/wp\/v2\/media?parent=1002"}],"wp:term":[{"taxonomy":"product_brand","embeddable":true,"href":"https:\/\/ecmicrophones.com\/es\/wp-json\/wp\/v2\/product_brand?post=1002"},{"taxonomy":"product_cat","embeddable":true,"href":"https:\/\/ecmicrophones.com\/es\/wp-json\/wp\/v2\/product_cat?post=1002"},{"taxonomy":"product_tag","embeddable":true,"href":"https:\/\/ecmicrophones.com\/es\/wp-json\/wp\/v2\/product_tag?post=1002"}],"curies":[{"name":"wp","href":"https:\/\/api.w.org\/{rel}","templated":true}]}}