{"id":1026,"date":"2024-06-05T17:42:50","date_gmt":"2024-06-05T09:42:50","guid":{"rendered":"https:\/\/ecmicrophones.com\/?post_type=product&#038;p=1026"},"modified":"2026-03-19T15:24:58","modified_gmt":"2026-03-19T07:24:58","slug":"long-distance-microphone-pickup-9-7mm","status":"publish","type":"product","link":"https:\/\/ecmicrophones.com\/es\/long-distance-microphone-pickup-9-7mm\/","title":{"rendered":"Pastilla de micr\u00f3fono de larga distancia de 9,7 mm con cables"},"content":{"rendered":"<h2 class=\"text-start\">Especificaciones t\u00e9cnicas<\/h2>\n<p class=\"text-start\">La ECM-B9745AL30RC-L15 es una c\u00e1psula de micr\u00f3fono omnidireccional de 9,7 \u00d7 4,5 mm optimizada para un montaje compacto con cables preconectados de 15 mm. Este dise\u00f1o facilita la integraci\u00f3n en dispositivos de peque\u00f1o tama\u00f1o manteniendo un alto rendimiento.<\/p>\n<p class=\"text-start\">Con una sensibilidad de -30 dB, una gama de frecuencias de 20 Hz a 16 kHz y una relaci\u00f3n se\u00f1al\/ruido de 74 dB, la c\u00e1psula capta el sonido con precisi\u00f3n a largas distancias. Su n\u00facleo de micr\u00f3fono RF coreano garantiza un rendimiento de audio estable y fiable, por lo que resulta excelente para dispositivos compactos de captaci\u00f3n remota y micr\u00f3fonos de condensador.<\/p>\n<h3 class=\"pt-5 text-start\">Circuito de prueba est\u00e1ndar<\/h3>\n<p><img loading=\"lazy\" decoding=\"async\" class=\"alignnone size-full wp-image-1027\" src=\"https:\/\/ecmicrophones.com\/wp-content\/uploads\/2024\/06\/standard-test-circuit_ecm-b9745al30rc-l15.jpg\" alt=\"Circuito de prueba est\u00e1ndar\" width=\"750\" height=\"400\" srcset=\"https:\/\/ecmicrophones.com\/wp-content\/uploads\/2024\/06\/standard-test-circuit_ecm-b9745al30rc-l15.jpg 750w, https:\/\/ecmicrophones.com\/wp-content\/uploads\/2024\/06\/standard-test-circuit_ecm-b9745al30rc-l15-300x160.jpg 300w, https:\/\/ecmicrophones.com\/wp-content\/uploads\/2024\/06\/standard-test-circuit_ecm-b9745al30rc-l15-18x10.jpg 18w, https:\/\/ecmicrophones.com\/wp-content\/uploads\/2024\/06\/standard-test-circuit_ecm-b9745al30rc-l15-600x320.jpg 600w\" sizes=\"auto, (max-width: 750px) 100vw, 750px\" \/><\/p>\n<p>\nCondiciones de prueba: RL = 2,2K\u03a9, Vs = 2V, C = 1\u03bcF.\n<\/p>\n<h3 class=\"pt-5 text-start\">Respuesta de frecuencia t\u00edpica<\/h3>\n<p><img loading=\"lazy\" decoding=\"async\" class=\"alignnone size-full wp-image-1029\" src=\"https:\/\/ecmicrophones.com\/wp-content\/uploads\/2024\/06\/typical-frequency-response_ecm-b9745al30rc-l15.jpg\" alt=\"Respuesta de frecuencia t\u00edpica\" width=\"750\" height=\"400\" srcset=\"https:\/\/ecmicrophones.com\/wp-content\/uploads\/2024\/06\/typical-frequency-response_ecm-b9745al30rc-l15.jpg 750w, https:\/\/ecmicrophones.com\/wp-content\/uploads\/2024\/06\/typical-frequency-response_ecm-b9745al30rc-l15-300x160.jpg 300w, https:\/\/ecmicrophones.com\/wp-content\/uploads\/2024\/06\/typical-frequency-response_ecm-b9745al30rc-l15-18x10.jpg 18w, https:\/\/ecmicrophones.com\/wp-content\/uploads\/2024\/06\/typical-frequency-response_ecm-b9745al30rc-l15-600x320.jpg 600w\" sizes=\"auto, (max-width: 750px) 100vw, 750px\" \/><\/p>\n<p>\nRango de respuesta en frecuencia: 50 Hz-10 kHz. La curva se mantiene relativamente plana desde 50 Hz hasta alrededor de 3 kHz, y luego disminuye gradualmente hacia frecuencias m\u00e1s altas. Esto proporciona una claridad fiable en las gamas baja y media, a la vez que aten\u00faa los agudos de forma natural.\n<\/p>\n<h3 class=\"pt-5 text-start\">Dimensiones (UNIDAD: mm)<\/h3>\n<p><img loading=\"lazy\" decoding=\"async\" class=\"alignnone size-full wp-image-1028\" src=\"https:\/\/ecmicrophones.com\/wp-content\/uploads\/2024\/06\/appearance-dimension_ecm-b9745al30rc-l15.png\" alt=\"Dimensi\u00f3n de apariencia\" width=\"800\" height=\"800\" srcset=\"https:\/\/ecmicrophones.com\/wp-content\/uploads\/2024\/06\/appearance-dimension_ecm-b9745al30rc-l15.png 800w, https:\/\/ecmicrophones.com\/wp-content\/uploads\/2024\/06\/appearance-dimension_ecm-b9745al30rc-l15-300x300.png 300w, https:\/\/ecmicrophones.com\/wp-content\/uploads\/2024\/06\/appearance-dimension_ecm-b9745al30rc-l15-150x150.png 150w, https:\/\/ecmicrophones.com\/wp-content\/uploads\/2024\/06\/appearance-dimension_ecm-b9745al30rc-l15-768x768.png 768w, https:\/\/ecmicrophones.com\/wp-content\/uploads\/2024\/06\/appearance-dimension_ecm-b9745al30rc-l15-12x12.png 12w, https:\/\/ecmicrophones.com\/wp-content\/uploads\/2024\/06\/appearance-dimension_ecm-b9745al30rc-l15-600x600.png 600w, https:\/\/ecmicrophones.com\/wp-content\/uploads\/2024\/06\/appearance-dimension_ecm-b9745al30rc-l15-100x100.png 100w\" sizes=\"auto, (max-width: 800px) 100vw, 800px\" \/><\/p>\n<p>\nEsta unidad, que mide 9,7 mm de di\u00e1metro y 4,5 mm de altura, cuenta con una malla antipolvo en la parte delantera y una parte trasera sellada sin puerto ac\u00fastico. Viene pre-soldada con cables paralelos de 15 mm para una f\u00e1cil integraci\u00f3n en PCB o plomo.<\/p>","protected":false},"excerpt":{"rendered":"<p>C\u00e1psula de micr\u00f3fono omnidireccional compacta de 9,7 mm con cables de 15 mm para peque\u00f1os montajes. Para cables m\u00e1s largos, consulte <a href=\"https:\/\/ecmicrophones.com\/es\/9-7mm-voice-recognition-electret-microphone-insert-with-leads\/\">Versi\u00f3n de plomo de 100 mm<\/a>. Para versiones impermeables o est\u00e1ndar, consulte <a href=\"https:\/\/ecmicrophones.com\/es\/9-7mm-omnidirectional-electret-microphone-capsule-for-outdoor-camera\/\">Modelo IP67<\/a> o <a href=\"https:\/\/ecmicrophones.com\/es\/9-7mm-omnidirectional-microphone-element-for-long-distance-audio-pickup\/\">modelo sin plomo<\/a>.<\/p>","protected":false},"featured_media":2589,"comment_status":"open","ping_status":"closed","template":"","meta":[],"product_brand":[721],"product_cat":[20,16],"product_tag":[282,229,290],"class_list":{"0":"post-1026","1":"product","2":"type-product","3":"status-publish","4":"has-post-thumbnail","6":"product_brand-ecmic","7":"product_cat-omnidirectional-microphones","8":"product_cat-electret-microphones","9":"product_tag-9-7mm","10":"product_tag-equipment","11":"product_tag-wire-leads","13":"first","14":"instock","15":"shipping-taxable","16":"purchasable","17":"product-type-simple"},"_links":{"self":[{"href":"https:\/\/ecmicrophones.com\/es\/wp-json\/wp\/v2\/product\/1026","targetHints":{"allow":["GET"]}}],"collection":[{"href":"https:\/\/ecmicrophones.com\/es\/wp-json\/wp\/v2\/product"}],"about":[{"href":"https:\/\/ecmicrophones.com\/es\/wp-json\/wp\/v2\/types\/product"}],"replies":[{"embeddable":true,"href":"https:\/\/ecmicrophones.com\/es\/wp-json\/wp\/v2\/comments?post=1026"}],"wp:featuredmedia":[{"embeddable":true,"href":"https:\/\/ecmicrophones.com\/es\/wp-json\/wp\/v2\/media\/2589"}],"wp:attachment":[{"href":"https:\/\/ecmicrophones.com\/es\/wp-json\/wp\/v2\/media?parent=1026"}],"wp:term":[{"taxonomy":"product_brand","embeddable":true,"href":"https:\/\/ecmicrophones.com\/es\/wp-json\/wp\/v2\/product_brand?post=1026"},{"taxonomy":"product_cat","embeddable":true,"href":"https:\/\/ecmicrophones.com\/es\/wp-json\/wp\/v2\/product_cat?post=1026"},{"taxonomy":"product_tag","embeddable":true,"href":"https:\/\/ecmicrophones.com\/es\/wp-json\/wp\/v2\/product_tag?post=1026"}],"curies":[{"name":"wp","href":"https:\/\/api.w.org\/{rel}","templated":true}]}}