{"id":107,"date":"2024-03-27T11:12:39","date_gmt":"2024-03-27T11:12:39","guid":{"rendered":"https:\/\/ecmicrophones.com\/?post_type=product&#038;p=107"},"modified":"2026-03-19T15:40:38","modified_gmt":"2026-03-19T07:40:38","slug":"14mm-unidirectional-electret-condenser-microphone-element-for-high-fidelity","status":"publish","type":"product","link":"https:\/\/ecmicrophones.com\/es\/14mm-unidirectional-electret-condenser-microphone-element-for-high-fidelity\/","title":{"rendered":"Elemento de micr\u00f3fono de condensador electret unidireccional de 14 mm para alta fidelidad"},"content":{"rendered":"<h2 class=\"text-start\">Especificaciones t\u00e9cnicas<\/h2>\n<p class=\"text-start\">Nuestro cabezal de micr\u00f3fono unidireccional 1465, dise\u00f1ado espec\u00edficamente para aplicaciones vocales, se somete a pruebas rigurosas, que incluyen un proceso de envejecimiento de 12 horas a 80 \u00b0C, pruebas de ca\u00edda de 1 metro y pruebas de niebla salina y humedad. Esto garantiza una calidad y confiabilidad constantes incluso en las condiciones m\u00e1s exigentes.<\/p>\n<h3 class=\"pt-5 text-start\">Circuito de prueba est\u00e1ndar<\/h3>\n<p><img loading=\"lazy\" decoding=\"async\" class=\"alignnone size-full wp-image-265\" src=\"https:\/\/ecmicrophones.com\/wp-content\/uploads\/2024\/03\/standard-test-circuit_ecm-b1465ul42-231165.png\" alt=\"ECM-B1465UL42 Circuito de prueba: 6,8k\u03a9 de polarizaci\u00f3n, 4,5V de alimentaci\u00f3n, 1\u03bcF de salida.\" width=\"510\" height=\"230\" srcset=\"https:\/\/ecmicrophones.com\/wp-content\/uploads\/2024\/03\/standard-test-circuit_ecm-b1465ul42-231165.png 510w, https:\/\/ecmicrophones.com\/wp-content\/uploads\/2024\/03\/standard-test-circuit_ecm-b1465ul42-231165-300x135.png 300w, https:\/\/ecmicrophones.com\/wp-content\/uploads\/2024\/03\/standard-test-circuit_ecm-b1465ul42-231165-18x8.png 18w\" sizes=\"auto, (max-width: 510px) 100vw, 510px\" \/><\/p>\n<p>Resistencia de polarizaci\u00f3n de 6,8k\u03a9, alimentaci\u00f3n de 4,5V CC, condensador de salida de 1\u03bcF. Micr\u00f3fono unidireccional con configuraci\u00f3n fuente-salida.<\/p>\n<h3 class=\"pt-5 text-start\">Respuesta de frecuencia t\u00edpica<\/h3>\n<p><img loading=\"lazy\" decoding=\"async\" class=\"alignnone wp-image-266\" src=\"https:\/\/ecmicrophones.com\/wp-content\/uploads\/2024\/03\/typical-frequency-response_ecm-b1465ul42-231165-1024x496.png\" alt=\"ECM-B1465UL42 Respuesta en frecuencia: Subida gradual de 50 Hz a 8 kHz con atenuaci\u00f3n de altas frecuencias\" width=\"542\" height=\"263\" srcset=\"https:\/\/ecmicrophones.com\/wp-content\/uploads\/2024\/03\/typical-frequency-response_ecm-b1465ul42-231165-1024x496.png 1024w, https:\/\/ecmicrophones.com\/wp-content\/uploads\/2024\/03\/typical-frequency-response_ecm-b1465ul42-231165-300x145.png 300w, https:\/\/ecmicrophones.com\/wp-content\/uploads\/2024\/03\/typical-frequency-response_ecm-b1465ul42-231165-768x372.png 768w, https:\/\/ecmicrophones.com\/wp-content\/uploads\/2024\/03\/typical-frequency-response_ecm-b1465ul42-231165-1536x744.png 1536w, https:\/\/ecmicrophones.com\/wp-content\/uploads\/2024\/03\/typical-frequency-response_ecm-b1465ul42-231165-2048x993.png 2048w, https:\/\/ecmicrophones.com\/wp-content\/uploads\/2024\/03\/typical-frequency-response_ecm-b1465ul42-231165-18x9.png 18w, https:\/\/ecmicrophones.com\/wp-content\/uploads\/2024\/03\/typical-frequency-response_ecm-b1465ul42-231165-600x291.png 600w\" sizes=\"auto, (max-width: 542px) 100vw, 542px\" \/><\/p>\n<p>Aumento gradual de las frecuencias bajas y medias (50 Hz-8 kHz) con un suave descenso de los agudos<\/p>\n<h3 class=\"pt-5 text-start\">Dimensiones (Unidad: mm)<\/h3>\n<p><img loading=\"lazy\" decoding=\"async\" class=\"alignnone size-full wp-image-264\" src=\"https:\/\/ecmicrophones.com\/wp-content\/uploads\/2024\/03\/appearance-dimension_ecm-b1465ul42-231165.png\" alt=\"ECM-B1465UL42 Dimensiones: \u03a614\u00d76,5mm c\u00e1psula unidireccional con puertos duales\" width=\"515\" height=\"390\" srcset=\"https:\/\/ecmicrophones.com\/wp-content\/uploads\/2024\/03\/appearance-dimension_ecm-b1465ul42-231165.png 515w, https:\/\/ecmicrophones.com\/wp-content\/uploads\/2024\/03\/appearance-dimension_ecm-b1465ul42-231165-300x227.png 300w, https:\/\/ecmicrophones.com\/wp-content\/uploads\/2024\/03\/appearance-dimension_ecm-b1465ul42-231165-16x12.png 16w\" sizes=\"auto, (max-width: 515px) 100vw, 515px\" \/><\/p>\n<p>C\u00e1psula unidireccional profesional \u03a614\u00d76,5 mm con malla antipolvo frontal y entrada de sonido trasera.<\/p>","protected":false},"excerpt":{"rendered":"<p>El ECM-B1465UL42-231165 es una c\u00e1psula de micr\u00f3fono de 14 \u00d7 6,5 mm dise\u00f1ada para necesidades de audio profesional. Con una sensibilidad de -42 dB \u00b1 2 y una relaci\u00f3n se\u00f1al\/ruido de 73 dB, ofrece un sonido claro y detallado en todas las frecuencias. Su patr\u00f3n unidireccional a\u00edsla las fuentes de sonido de manera eficaz. Ideal para estudios, eventos en vivo y retransmisiones, garantiza una calidad de audio de primera categor\u00eda en entornos profesionales.<\/p>","protected":false},"featured_media":2536,"comment_status":"open","ping_status":"closed","template":"","meta":[],"product_brand":[721],"product_cat":[16,21],"product_tag":[280,292,116],"class_list":{"0":"post-107","1":"product","2":"type-product","3":"status-publish","4":"has-post-thumbnail","6":"product_brand-ecmic","7":"product_cat-electret-microphones","8":"product_cat-unidirectional-microphones","9":"product_tag-14mm","10":"product_tag-3-solder-pads","11":"product_tag-vocal","13":"first","14":"instock","15":"shipping-taxable","16":"purchasable","17":"product-type-simple"},"_links":{"self":[{"href":"https:\/\/ecmicrophones.com\/es\/wp-json\/wp\/v2\/product\/107","targetHints":{"allow":["GET"]}}],"collection":[{"href":"https:\/\/ecmicrophones.com\/es\/wp-json\/wp\/v2\/product"}],"about":[{"href":"https:\/\/ecmicrophones.com\/es\/wp-json\/wp\/v2\/types\/product"}],"replies":[{"embeddable":true,"href":"https:\/\/ecmicrophones.com\/es\/wp-json\/wp\/v2\/comments?post=107"}],"wp:featuredmedia":[{"embeddable":true,"href":"https:\/\/ecmicrophones.com\/es\/wp-json\/wp\/v2\/media\/2536"}],"wp:attachment":[{"href":"https:\/\/ecmicrophones.com\/es\/wp-json\/wp\/v2\/media?parent=107"}],"wp:term":[{"taxonomy":"product_brand","embeddable":true,"href":"https:\/\/ecmicrophones.com\/es\/wp-json\/wp\/v2\/product_brand?post=107"},{"taxonomy":"product_cat","embeddable":true,"href":"https:\/\/ecmicrophones.com\/es\/wp-json\/wp\/v2\/product_cat?post=107"},{"taxonomy":"product_tag","embeddable":true,"href":"https:\/\/ecmicrophones.com\/es\/wp-json\/wp\/v2\/product_tag?post=107"}],"curies":[{"name":"wp","href":"https:\/\/api.w.org\/{rel}","templated":true}]}}