{"id":1158,"date":"2024-06-19T08:54:22","date_gmt":"2024-06-19T00:54:22","guid":{"rendered":"https:\/\/ecmicrophones.com\/?post_type=product&#038;p=1158"},"modified":"2026-03-19T15:24:40","modified_gmt":"2026-03-19T07:24:40","slug":"conference-microphone-array-capsule-14mm","status":"publish","type":"product","link":"https:\/\/ecmicrophones.com\/es\/conference-microphone-array-capsule-14mm\/","title":{"rendered":"C\u00e1psula de matriz de micr\u00f3fonos para conferencias de 14 mm"},"content":{"rendered":"<h2 class=\"text-start\">Especificaciones t\u00e9cnicas<\/h2>\n<p class=\"text-start\">Nuestro cabezal de micr\u00f3fono unidireccional 1465 ofrece una sensibilidad de -34 \u00b1 2 dB y una relaci\u00f3n se\u00f1al\/ruido de 80 dB. Este cabezal de micr\u00f3fono se caracteriza por su alta sensibilidad, alta relaci\u00f3n se\u00f1al\/ruido y reducci\u00f3n de ruido efectiva, lo que garantiza una captura de audio clara y precisa.<\/p>\n<h3 class=\"pt-5 text-start\">Circuito de prueba est\u00e1ndar<\/h3>\n<p><img loading=\"lazy\" decoding=\"async\" class=\"alignnone size-full wp-image-1164\" src=\"https:\/\/ecmicrophones.com\/wp-content\/uploads\/2024\/06\/standard-test-circuit_ecm-b1465ul34-24395.jpg\" alt=\"ECM-B1465UL34 Circuito de prueba: 680\u03a9 de polarizaci\u00f3n, alimentaci\u00f3n de 1,5 V, salida de 1\u03bcF.\" width=\"537\" height=\"253\" srcset=\"https:\/\/ecmicrophones.com\/wp-content\/uploads\/2024\/06\/standard-test-circuit_ecm-b1465ul34-24395.jpg 537w, https:\/\/ecmicrophones.com\/wp-content\/uploads\/2024\/06\/standard-test-circuit_ecm-b1465ul34-24395-300x141.jpg 300w, https:\/\/ecmicrophones.com\/wp-content\/uploads\/2024\/06\/standard-test-circuit_ecm-b1465ul34-24395-18x8.jpg 18w\" sizes=\"auto, (max-width: 537px) 100vw, 537px\" \/><\/p>\n<p>Resistencia de polarizaci\u00f3n de 680\u03a9, alimentaci\u00f3n de 1,5 V CC, condensador de salida de 1\u03bcF. Configuraci\u00f3n de funcionamiento a baja tensi\u00f3n.<\/p>\n<h3 class=\"pt-5 text-start\">Respuesta de frecuencia t\u00edpica<\/h3>\n<p><img loading=\"lazy\" decoding=\"async\" class=\"alignnone size-full wp-image-1162\" src=\"https:\/\/ecmicrophones.com\/wp-content\/uploads\/2024\/06\/typical-frequency-response_ecm-b1465ul34-24395.jpg\" alt=\"ECM-B1465UL34 Respuesta en frecuencia: Subida de 50 Hz a 5 kHz, ca\u00edda de gama media y pico de 10 kHz antes de la ca\u00edda final\" width=\"602\" height=\"385\" srcset=\"https:\/\/ecmicrophones.com\/wp-content\/uploads\/2024\/06\/typical-frequency-response_ecm-b1465ul34-24395.jpg 602w, https:\/\/ecmicrophones.com\/wp-content\/uploads\/2024\/06\/typical-frequency-response_ecm-b1465ul34-24395-300x192.jpg 300w, https:\/\/ecmicrophones.com\/wp-content\/uploads\/2024\/06\/typical-frequency-response_ecm-b1465ul34-24395-18x12.jpg 18w, https:\/\/ecmicrophones.com\/wp-content\/uploads\/2024\/06\/typical-frequency-response_ecm-b1465ul34-24395-600x384.jpg 600w\" sizes=\"auto, (max-width: 602px) 100vw, 602px\" \/><\/p>\n<p>Subida de graves de 50 Hz a 5 kHz con atenuaci\u00f3n de medios, seguida de un pico de presencia de 10 kHz y una ca\u00edda gradual de agudos.<\/p>\n<h3 class=\"pt-5 text-start\">Dimensiones (Unidad: mm)<\/h3>\n<p><img loading=\"lazy\" decoding=\"async\" class=\"alignnone size-full wp-image-1163\" src=\"https:\/\/ecmicrophones.com\/wp-content\/uploads\/2024\/06\/appearance-dimension_ecm-b1465ul34-24395.jpg\" alt=\"ECM-B1465UL34 Dimensiones: \u03a614\u00d76.5mm con malla antipolvo frontal (parte trasera sellada)\" width=\"553\" height=\"418\" srcset=\"https:\/\/ecmicrophones.com\/wp-content\/uploads\/2024\/06\/appearance-dimension_ecm-b1465ul34-24395.jpg 553w, https:\/\/ecmicrophones.com\/wp-content\/uploads\/2024\/06\/appearance-dimension_ecm-b1465ul34-24395-300x227.jpg 300w, https:\/\/ecmicrophones.com\/wp-content\/uploads\/2024\/06\/appearance-dimension_ecm-b1465ul34-24395-16x12.jpg 16w\" sizes=\"auto, (max-width: 553px) 100vw, 553px\" \/><\/p>\n<p>\u03a614\u00d76,5mm carcasa robusta con malla antipolvo frontal y puerto ac\u00fastico trasero.<\/p>","protected":false},"excerpt":{"rendered":"<p>La ECM-B1465UL34-24395 es una c\u00e1psula de micr\u00f3fono unidireccional de 14 \u00d7 6,5 mm dise\u00f1ada para aplicaciones como micr\u00f3fonos de transmisi\u00f3n y micr\u00f3fonos de conferencia. Con una sensibilidad de -34 dB \u00b1 2 y una relaci\u00f3n se\u00f1al\/ruido de 80 dB, ofrece una excelente calidad y claridad de sonido, lo que la hace adecuada para entornos de audio profesionales.<\/p>","protected":false},"featured_media":2508,"comment_status":"open","ping_status":"closed","template":"","meta":[],"product_brand":[721],"product_cat":[16,21],"product_tag":[280,235,410,288],"class_list":{"0":"post-1158","1":"product","2":"type-product","3":"status-publish","4":"has-post-thumbnail","6":"product_brand-ecmic","7":"product_cat-electret-microphones","8":"product_cat-unidirectional-microphones","9":"product_tag-14mm","10":"product_tag-conference","11":"product_tag-high-snr","12":"product_tag-solder-pads","14":"first","15":"instock","16":"shipping-taxable","17":"purchasable","18":"product-type-simple"},"_links":{"self":[{"href":"https:\/\/ecmicrophones.com\/es\/wp-json\/wp\/v2\/product\/1158","targetHints":{"allow":["GET"]}}],"collection":[{"href":"https:\/\/ecmicrophones.com\/es\/wp-json\/wp\/v2\/product"}],"about":[{"href":"https:\/\/ecmicrophones.com\/es\/wp-json\/wp\/v2\/types\/product"}],"replies":[{"embeddable":true,"href":"https:\/\/ecmicrophones.com\/es\/wp-json\/wp\/v2\/comments?post=1158"}],"wp:featuredmedia":[{"embeddable":true,"href":"https:\/\/ecmicrophones.com\/es\/wp-json\/wp\/v2\/media\/2508"}],"wp:attachment":[{"href":"https:\/\/ecmicrophones.com\/es\/wp-json\/wp\/v2\/media?parent=1158"}],"wp:term":[{"taxonomy":"product_brand","embeddable":true,"href":"https:\/\/ecmicrophones.com\/es\/wp-json\/wp\/v2\/product_brand?post=1158"},{"taxonomy":"product_cat","embeddable":true,"href":"https:\/\/ecmicrophones.com\/es\/wp-json\/wp\/v2\/product_cat?post=1158"},{"taxonomy":"product_tag","embeddable":true,"href":"https:\/\/ecmicrophones.com\/es\/wp-json\/wp\/v2\/product_tag?post=1158"}],"curies":[{"name":"wp","href":"https:\/\/api.w.org\/{rel}","templated":true}]}}