{"id":1160,"date":"2024-06-19T08:57:35","date_gmt":"2024-06-19T00:57:35","guid":{"rendered":"https:\/\/ecmicrophones.com\/?post_type=product&#038;p=1160"},"modified":"2026-03-19T15:24:31","modified_gmt":"2026-03-19T07:24:31","slug":"unidirectional-microphone-capsule-electret-14mm","status":"publish","type":"product","link":"https:\/\/ecmicrophones.com\/es\/unidirectional-microphone-capsule-electret-14mm\/","title":{"rendered":"C\u00e1psula de micr\u00f3fono electret unidireccional de 14 mm"},"content":{"rendered":"<h2 class=\"text-start\">Especificaciones t\u00e9cnicas<\/h2>\n<p class=\"text-start\">Nuestro cabezal de micr\u00f3fono unidireccional 1465 presenta una sensibilidad de -40 \u00b1 2 dB, una relaci\u00f3n se\u00f1al\/ruido de 75 dB y una tasa de distorsi\u00f3n de \u22641% a 120 dB. Ofrece una alta relaci\u00f3n se\u00f1al\/ruido, excelente fidelidad, reducci\u00f3n de ruido, un diafragma chapado en oro y bajo nivel de ruido para un rendimiento de audio superior.<\/p>\n<h3 class=\"pt-5 text-start\">Circuito de prueba est\u00e1ndar<\/h3>\n<p><img loading=\"lazy\" decoding=\"async\" class=\"alignnone size-full wp-image-1167\" src=\"https:\/\/ecmicrophones.com\/wp-content\/uploads\/2024\/06\/standard-test-circuit_ecm-b1465uml40-231045.jpg\" alt=\"ECM-B1465UML40 Circuito de prueba: 15k\u03a9 de polarizaci\u00f3n, 2V de alimentaci\u00f3n, 1\u03bcF de salida.\" width=\"534\" height=\"259\" srcset=\"https:\/\/ecmicrophones.com\/wp-content\/uploads\/2024\/06\/standard-test-circuit_ecm-b1465uml40-231045.jpg 534w, https:\/\/ecmicrophones.com\/wp-content\/uploads\/2024\/06\/standard-test-circuit_ecm-b1465uml40-231045-300x146.jpg 300w, https:\/\/ecmicrophones.com\/wp-content\/uploads\/2024\/06\/standard-test-circuit_ecm-b1465uml40-231045-18x9.jpg 18w\" sizes=\"auto, (max-width: 534px) 100vw, 534px\" \/><\/p>\n<p>Resistencia de polarizaci\u00f3n: 15k\u03a9, tensi\u00f3n de alimentaci\u00f3n DC: 2V, condensador de acoplamiento de salida: 1\u03bcF. Configuraci\u00f3n de prueba est\u00e1ndar para la medici\u00f3n de la respuesta en frecuencia.<\/p>\n<h3 class=\"pt-5 text-start\">Respuesta de frecuencia t\u00edpica<\/h3>\n<p><img loading=\"lazy\" decoding=\"async\" class=\"alignnone size-full wp-image-1165\" src=\"https:\/\/ecmicrophones.com\/wp-content\/uploads\/2024\/06\/typical-frequency-response_ecm-b1465uml40-231045.jpg\" alt=\"ECM-B1465UML40 Respuesta en frecuencia: 50Hz-20kHz con variaciones caracter\u00edsticas\" width=\"600\" height=\"394\" srcset=\"https:\/\/ecmicrophones.com\/wp-content\/uploads\/2024\/06\/typical-frequency-response_ecm-b1465uml40-231045.jpg 600w, https:\/\/ecmicrophones.com\/wp-content\/uploads\/2024\/06\/typical-frequency-response_ecm-b1465uml40-231045-300x197.jpg 300w, https:\/\/ecmicrophones.com\/wp-content\/uploads\/2024\/06\/typical-frequency-response_ecm-b1465uml40-231045-18x12.jpg 18w\" sizes=\"auto, (max-width: 600px) 100vw, 600px\" \/><\/p>\n<p>La respuesta en frecuencia abarca de 50 Hz a 20 kHz con una curva generalmente suave, que presenta un moderado aumento de las frecuencias bajas, un ligero descenso de las frecuencias medias, un peque\u00f1o aumento de las frecuencias altas y una atenuaci\u00f3n gradual en el extremo superior.<\/p>\n<h3 class=\"pt-5 text-start\">Dimensiones (Unidad: mm)<\/h3>\n<p><img loading=\"lazy\" decoding=\"async\" class=\"alignnone size-full wp-image-1166\" src=\"https:\/\/ecmicrophones.com\/wp-content\/uploads\/2024\/06\/appearance-dimension_ecm-b1465uml40-231045.jpg\" alt=\"ECM-B1465UML40 Dimensiones: \u03a614\u00d76,5mm c\u00e1psula con malla antipolvo frontal y puerto de sonido trasero.\" width=\"604\" height=\"427\" srcset=\"https:\/\/ecmicrophones.com\/wp-content\/uploads\/2024\/06\/appearance-dimension_ecm-b1465uml40-231045.jpg 604w, https:\/\/ecmicrophones.com\/wp-content\/uploads\/2024\/06\/appearance-dimension_ecm-b1465uml40-231045-300x212.jpg 300w, https:\/\/ecmicrophones.com\/wp-content\/uploads\/2024\/06\/appearance-dimension_ecm-b1465uml40-231045-18x12.jpg 18w, https:\/\/ecmicrophones.com\/wp-content\/uploads\/2024\/06\/appearance-dimension_ecm-b1465uml40-231045-600x424.jpg 600w\" sizes=\"auto, (max-width: 604px) 100vw, 604px\" \/><\/p>\n<p>C\u00e1psula compacta de \u03a614\u00d76,5 mm. Incorpora una malla antipolvo frontal para protegerla y un puerto de sonido trasero para mejorar la calidad de captaci\u00f3n.<\/p>","protected":false},"excerpt":{"rendered":"<p>La ECM-B1465UML40-231045 es una c\u00e1psula de micr\u00f3fono unidireccional de 14 \u00d7 6,5 mm ideal para estudios de grabaci\u00f3n profesionales, micr\u00f3fonos para transmisi\u00f3n en vivo y micr\u00f3fonos para transmisi\u00f3n. Con una sensibilidad de -40 dB \u00b1 2 y una relaci\u00f3n se\u00f1al\/ruido de 75 dB, garantiza una captura de sonido de alta calidad y claridad, lo que la hace perfecta para aplicaciones de audio de alta gama.<\/p>","protected":false},"featured_media":2515,"comment_status":"open","ping_status":"closed","template":"","meta":[],"product_brand":[721],"product_cat":[16,21],"product_tag":[280,288,116],"class_list":{"0":"post-1160","1":"product","2":"type-product","3":"status-publish","4":"has-post-thumbnail","6":"product_brand-ecmic","7":"product_cat-electret-microphones","8":"product_cat-unidirectional-microphones","9":"product_tag-14mm","10":"product_tag-solder-pads","11":"product_tag-vocal","13":"first","14":"instock","15":"shipping-taxable","16":"purchasable","17":"product-type-simple"},"_links":{"self":[{"href":"https:\/\/ecmicrophones.com\/es\/wp-json\/wp\/v2\/product\/1160","targetHints":{"allow":["GET"]}}],"collection":[{"href":"https:\/\/ecmicrophones.com\/es\/wp-json\/wp\/v2\/product"}],"about":[{"href":"https:\/\/ecmicrophones.com\/es\/wp-json\/wp\/v2\/types\/product"}],"replies":[{"embeddable":true,"href":"https:\/\/ecmicrophones.com\/es\/wp-json\/wp\/v2\/comments?post=1160"}],"wp:featuredmedia":[{"embeddable":true,"href":"https:\/\/ecmicrophones.com\/es\/wp-json\/wp\/v2\/media\/2515"}],"wp:attachment":[{"href":"https:\/\/ecmicrophones.com\/es\/wp-json\/wp\/v2\/media?parent=1160"}],"wp:term":[{"taxonomy":"product_brand","embeddable":true,"href":"https:\/\/ecmicrophones.com\/es\/wp-json\/wp\/v2\/product_brand?post=1160"},{"taxonomy":"product_cat","embeddable":true,"href":"https:\/\/ecmicrophones.com\/es\/wp-json\/wp\/v2\/product_cat?post=1160"},{"taxonomy":"product_tag","embeddable":true,"href":"https:\/\/ecmicrophones.com\/es\/wp-json\/wp\/v2\/product_tag?post=1160"}],"curies":[{"name":"wp","href":"https:\/\/api.w.org\/{rel}","templated":true}]}}