{"id":121,"date":"2024-03-27T11:21:43","date_gmt":"2024-03-27T11:21:43","guid":{"rendered":"https:\/\/ecmicrophones.com\/?post_type=product&#038;p=121"},"modified":"2026-03-19T15:40:59","modified_gmt":"2026-03-19T07:40:59","slug":"sound-card-microphone-capsule-30-4mm","status":"publish","type":"product","link":"https:\/\/ecmicrophones.com\/es\/sound-card-microphone-capsule-30-4mm\/","title":{"rendered":"C\u00e1psula de micr\u00f3fono din\u00e1mico de 30,4 mm para interfaces de audio"},"content":{"rendered":"<h2 class=\"text-start\">Especificaciones t\u00e9cnicas<\/h2>\n<p class=\"text-start\">El ECM-DM588K600 es una c\u00e1psula de micr\u00f3fono din\u00e1mico de 30,4 mm de alto rendimiento optimizada para interfaces de audio y equipos de streaming. Su amplio rango de frecuencias de 50 Hz a 15 kHz garantiza una presencia detallada de los graves y una claridad vocal suave, lo que lo hace id\u00f3neo para podcasting, retransmisiones en directo y grabaciones en estudio.<\/p>\n<p class=\"text-start\">El patr\u00f3n polar unidireccional se centra en la captaci\u00f3n de la voz a la vez que reduce el ruido de fondo, y la impedancia de 600\u03a9 proporciona una gran compatibilidad con el hardware de audio profesional.<\/p>\n<p class=\"text-start\">Tanto si se integra en micr\u00f3fonos de mano, streamers de sobremesa o sistemas conectados a interfaces, esta c\u00e1psula ofrece un sonido consistente y con cuerpo para creadores y comunicadores por igual.<\/p>\n<h3 class=\"pt-5 text-start\">Despiece y lista de piezas<\/h3>\n<p><img loading=\"lazy\" decoding=\"async\" class=\"alignnone wp-image-3896 size-full\" src=\"https:\/\/ecmicrophones.com\/wp-content\/uploads\/2024\/03\/dynamic-part_ecm-dm588k600.png\" alt=\"Despiece de la cabeza de micr\u00f3fono din\u00e1mica ECM-DM588K600\" width=\"570\" height=\"250\" srcset=\"https:\/\/ecmicrophones.com\/wp-content\/uploads\/2024\/03\/dynamic-part_ecm-dm588k600.png 570w, https:\/\/ecmicrophones.com\/wp-content\/uploads\/2024\/03\/dynamic-part_ecm-dm588k600-300x132.png 300w, https:\/\/ecmicrophones.com\/wp-content\/uploads\/2024\/03\/dynamic-part_ecm-dm588k600-18x8.png 18w\" sizes=\"auto, (max-width: 570px) 100vw, 570px\" \/><\/p>\n<p>Incluye: esponja, tapa, diafragma, bobina, acero magn\u00e9tico, ollas de hierro, soporte y placa de circuito impreso con revestimiento de esta\u00f1o.<\/p>\n<h3 class=\"pt-5 text-start\">Curva de respuesta en frecuencia<\/h3>\n<p><img loading=\"lazy\" decoding=\"async\" class=\"alignnone size-full wp-image-272\" src=\"https:\/\/ecmicrophones.com\/wp-content\/uploads\/2024\/03\/response-curve_ecm-dm588k600.png\" alt=\"ECM-DM588K600 Respuesta en frecuencia\" width=\"651\" height=\"513\" srcset=\"https:\/\/ecmicrophones.com\/wp-content\/uploads\/2024\/03\/response-curve_ecm-dm588k600.png 651w, https:\/\/ecmicrophones.com\/wp-content\/uploads\/2024\/03\/response-curve_ecm-dm588k600-300x236.png 300w, https:\/\/ecmicrophones.com\/wp-content\/uploads\/2024\/03\/response-curve_ecm-dm588k600-15x12.png 15w, https:\/\/ecmicrophones.com\/wp-content\/uploads\/2024\/03\/response-curve_ecm-dm588k600-600x473.png 600w\" sizes=\"auto, (max-width: 651px) 100vw, 651px\" \/><\/p>\n<p>La respuesta en frecuencia abarca de 50 Hz a 15 kHz, con graves c\u00e1lidos, medios n\u00edtidos y una suave atenuaci\u00f3n de las altas frecuencias, ideal para una reproducci\u00f3n vocal rica y completa en aplicaciones de voz y streaming.<\/p>\n<h3 class=\"pt-5 text-start\">Dimensiones (UNIDAD: mm)<\/h3>\n<p><img loading=\"lazy\" decoding=\"async\" class=\"alignnone size-full wp-image-273\" src=\"https:\/\/ecmicrophones.com\/wp-content\/uploads\/2024\/03\/appearance-size_ecm-dm588k600.png\" alt=\"Dimensiones de ECM-DM588K600: 30,4 mm de di\u00e1metro, 49,6 mm de altura\" width=\"466\" height=\"439\" srcset=\"https:\/\/ecmicrophones.com\/wp-content\/uploads\/2024\/03\/appearance-size_ecm-dm588k600.png 466w, https:\/\/ecmicrophones.com\/wp-content\/uploads\/2024\/03\/appearance-size_ecm-dm588k600-300x283.png 300w, https:\/\/ecmicrophones.com\/wp-content\/uploads\/2024\/03\/appearance-size_ecm-dm588k600-13x12.png 13w\" sizes=\"auto, (max-width: 466px) 100vw, 466px\" \/><\/p>\n<p>C\u00e1psula de gran di\u00e1metro que mide \u03a630,4 \u00d7 49,6 mm, com\u00fanmente utilizada en tarjetas de sonido de transmisi\u00f3n en directo y micr\u00f3fonos vocales de sobremesa.<\/p>","protected":false},"excerpt":{"rendered":"<p>Con una amplia respuesta en frecuencia de 50 Hz a 15 kHz y una impedancia de 600 \u03a9, esta c\u00e1psula de micr\u00f3fono din\u00e1mico unidireccional de 30,4 \u00d7 49,6 mm est\u00e1 optimizada para micr\u00f3fonos de sobremesa, equipos de streaming e interfaces de audio, y ofrece un rendimiento vocal claro y robusto para su uso en estudio y broadcast.<\/p>","protected":false},"featured_media":3204,"comment_status":"open","ping_status":"closed","template":"","meta":[],"product_brand":[721],"product_cat":[17],"product_tag":[312,116],"class_list":{"0":"post-121","1":"product","2":"type-product","3":"status-publish","4":"has-post-thumbnail","6":"product_brand-ecmic","7":"product_cat-dynamic-microphones","8":"product_tag-30mm","9":"product_tag-vocal","11":"first","12":"instock","13":"shipping-taxable","14":"purchasable","15":"product-type-simple"},"_links":{"self":[{"href":"https:\/\/ecmicrophones.com\/es\/wp-json\/wp\/v2\/product\/121","targetHints":{"allow":["GET"]}}],"collection":[{"href":"https:\/\/ecmicrophones.com\/es\/wp-json\/wp\/v2\/product"}],"about":[{"href":"https:\/\/ecmicrophones.com\/es\/wp-json\/wp\/v2\/types\/product"}],"replies":[{"embeddable":true,"href":"https:\/\/ecmicrophones.com\/es\/wp-json\/wp\/v2\/comments?post=121"}],"wp:featuredmedia":[{"embeddable":true,"href":"https:\/\/ecmicrophones.com\/es\/wp-json\/wp\/v2\/media\/3204"}],"wp:attachment":[{"href":"https:\/\/ecmicrophones.com\/es\/wp-json\/wp\/v2\/media?parent=121"}],"wp:term":[{"taxonomy":"product_brand","embeddable":true,"href":"https:\/\/ecmicrophones.com\/es\/wp-json\/wp\/v2\/product_brand?post=121"},{"taxonomy":"product_cat","embeddable":true,"href":"https:\/\/ecmicrophones.com\/es\/wp-json\/wp\/v2\/product_cat?post=121"},{"taxonomy":"product_tag","embeddable":true,"href":"https:\/\/ecmicrophones.com\/es\/wp-json\/wp\/v2\/product_tag?post=121"}],"curies":[{"name":"wp","href":"https:\/\/api.w.org\/{rel}","templated":true}]}}