{"id":1236,"date":"2024-07-08T18:04:34","date_gmt":"2024-07-08T10:04:34","guid":{"rendered":"https:\/\/ecmicrophones.com\/?post_type=product&#038;p=1236"},"modified":"2026-03-19T15:23:59","modified_gmt":"2026-03-19T07:23:59","slug":"9-7mm-unidirectional-electret-condenser-microphone-insert-for-voice-amplifier","status":"publish","type":"product","link":"https:\/\/ecmicrophones.com\/es\/9-7mm-unidirectional-electret-condenser-microphone-insert-for-voice-amplifier\/","title":{"rendered":"Inserto de micr\u00f3fono de condensador electret unidireccional de 9,7 mm para amplificador de voz"},"content":{"rendered":"<h2 class=\"text-start\">Especificaciones t\u00e9cnicas<\/h2>\n<p class=\"text-start\">Nuestro cabezal de micr\u00f3fono unidireccional 9750 ofrece un sonido de alta calidad con excelente reducci\u00f3n de ruido, resistencia a interferencias y efectos de cancelaci\u00f3n de ruido.<\/p>\n<h3 class=\"pt-5 text-start\">Circuito de prueba est\u00e1ndar<\/h3>\n<p><img loading=\"lazy\" decoding=\"async\" src=\"https:\/\/ecmicrophones.com\/wp-content\/uploads\/2024\/07\/standard-test-circuit_ecm-f9752ul.png\" alt=\"Circuito de prueba est\u00e1ndar\" width=\"614\" height=\"255\" class=\"alignnone size-full wp-image-1239\" srcset=\"https:\/\/ecmicrophones.com\/wp-content\/uploads\/2024\/07\/standard-test-circuit_ecm-f9752ul.png 614w, https:\/\/ecmicrophones.com\/wp-content\/uploads\/2024\/07\/standard-test-circuit_ecm-f9752ul-300x125.png 300w, https:\/\/ecmicrophones.com\/wp-content\/uploads\/2024\/07\/standard-test-circuit_ecm-f9752ul-18x7.png 18w, https:\/\/ecmicrophones.com\/wp-content\/uploads\/2024\/07\/standard-test-circuit_ecm-f9752ul-600x249.png 600w\" sizes=\"auto, (max-width: 614px) 100vw, 614px\" \/><\/p>\n<p>Condiciones de prueba: Resistencia de carga (RL) = 680\u03a9, Tensi\u00f3n de alimentaci\u00f3n (VS) = 1,5V, Condensador de acoplamiento (C) = 1\u03bcF.<\/p>\n<h3 class=\"pt-5 text-start\">Respuesta de frecuencia t\u00edpica<\/h3>\n<p><img loading=\"lazy\" decoding=\"async\" src=\"https:\/\/ecmicrophones.com\/wp-content\/uploads\/2024\/07\/typical-frequency-response_ecm-f9752ul.png\" alt=\"Respuesta de frecuencia t\u00edpica\" width=\"633\" height=\"273\" class=\"alignnone size-full wp-image-1237\" srcset=\"https:\/\/ecmicrophones.com\/wp-content\/uploads\/2024\/07\/typical-frequency-response_ecm-f9752ul.png 633w, https:\/\/ecmicrophones.com\/wp-content\/uploads\/2024\/07\/typical-frequency-response_ecm-f9752ul-300x129.png 300w, https:\/\/ecmicrophones.com\/wp-content\/uploads\/2024\/07\/typical-frequency-response_ecm-f9752ul-18x8.png 18w, https:\/\/ecmicrophones.com\/wp-content\/uploads\/2024\/07\/typical-frequency-response_ecm-f9752ul-600x259.png 600w\" sizes=\"auto, (max-width: 633px) 100vw, 633px\" \/><\/p>\n<p>\nRespuesta en frecuencia: 100 Hz-10 kHz. La curva muestra una subida desde 100 Hz hasta aproximadamente 1 kHz, seguida de un rango medio relativamente plano y ligeramente ascendente. Cerca de 5 kHz comienza un suave descenso.\n<\/p>\n<h3 class=\"pt-5 text-start\">Dimensiones (UNIDAD: mm)<\/h3>\n<p><img loading=\"lazy\" decoding=\"async\" src=\"https:\/\/ecmicrophones.com\/wp-content\/uploads\/2024\/07\/appearance-dimension_ecm-f9752ul.png\" alt=\"Dimensi\u00f3n de apariencia\" width=\"494\" height=\"350\" class=\"alignnone size-full wp-image-1238\" srcset=\"https:\/\/ecmicrophones.com\/wp-content\/uploads\/2024\/07\/appearance-dimension_ecm-f9752ul.png 494w, https:\/\/ecmicrophones.com\/wp-content\/uploads\/2024\/07\/appearance-dimension_ecm-f9752ul-300x213.png 300w, https:\/\/ecmicrophones.com\/wp-content\/uploads\/2024\/07\/appearance-dimension_ecm-f9752ul-18x12.png 18w\" sizes=\"auto, (max-width: 494px) 100vw, 494px\" \/><\/p>\n<p>\nDi\u00e1metro: 9,7 mm; altura: 5,0 mm. La parte frontal est\u00e1 equipada con una malla antipolvo, mientras que la trasera incluye un puerto de captaci\u00f3n de sonido.<\/p>","protected":false},"excerpt":{"rendered":"<p>El ECM-F9750UL-51 es una c\u00e1psula de micr\u00f3fono unidireccional de 9,7 \u00d7 5 mm, con una sensibilidad de -51dB\u00b12 y una relaci\u00f3n se\u00f1al-ruido de 58dB. Se utiliza principalmente en auriculares y meg\u00e1fonos de cintura, proporcionando una captura de audio clara y enfocada para estas aplicaciones.<\/p>","protected":false},"featured_media":2511,"comment_status":"open","ping_status":"closed","template":"","meta":[],"product_brand":[721],"product_cat":[16,21],"product_tag":[282,235,288],"class_list":{"0":"post-1236","1":"product","2":"type-product","3":"status-publish","4":"has-post-thumbnail","6":"product_brand-ecmic","7":"product_cat-electret-microphones","8":"product_cat-unidirectional-microphones","9":"product_tag-9-7mm","10":"product_tag-conference","11":"product_tag-solder-pads","13":"first","14":"instock","15":"shipping-taxable","16":"purchasable","17":"product-type-simple"},"_links":{"self":[{"href":"https:\/\/ecmicrophones.com\/es\/wp-json\/wp\/v2\/product\/1236","targetHints":{"allow":["GET"]}}],"collection":[{"href":"https:\/\/ecmicrophones.com\/es\/wp-json\/wp\/v2\/product"}],"about":[{"href":"https:\/\/ecmicrophones.com\/es\/wp-json\/wp\/v2\/types\/product"}],"replies":[{"embeddable":true,"href":"https:\/\/ecmicrophones.com\/es\/wp-json\/wp\/v2\/comments?post=1236"}],"wp:featuredmedia":[{"embeddable":true,"href":"https:\/\/ecmicrophones.com\/es\/wp-json\/wp\/v2\/media\/2511"}],"wp:attachment":[{"href":"https:\/\/ecmicrophones.com\/es\/wp-json\/wp\/v2\/media?parent=1236"}],"wp:term":[{"taxonomy":"product_brand","embeddable":true,"href":"https:\/\/ecmicrophones.com\/es\/wp-json\/wp\/v2\/product_brand?post=1236"},{"taxonomy":"product_cat","embeddable":true,"href":"https:\/\/ecmicrophones.com\/es\/wp-json\/wp\/v2\/product_cat?post=1236"},{"taxonomy":"product_tag","embeddable":true,"href":"https:\/\/ecmicrophones.com\/es\/wp-json\/wp\/v2\/product_tag?post=1236"}],"curies":[{"name":"wp","href":"https:\/\/api.w.org\/{rel}","templated":true}]}}