{"id":1241,"date":"2024-07-10T16:51:31","date_gmt":"2024-07-10T08:51:31","guid":{"rendered":"https:\/\/ecmicrophones.com\/?post_type=product&#038;p=1241"},"modified":"2026-03-19T15:23:33","modified_gmt":"2026-03-19T07:23:33","slug":"9-7mm-electret-condenser-microphone-element-for-headset-microphones","status":"publish","type":"product","link":"https:\/\/ecmicrophones.com\/es\/9-7mm-electret-condenser-microphone-element-for-headset-microphones\/","title":{"rendered":"Elemento de micr\u00f3fono de condensador electret de 9,7 mm para micr\u00f3fonos de diadema"},"content":{"rendered":"<h2 class=\"text-start\">Especificaciones t\u00e9cnicas<\/h2>\n<p class=\"text-start\">Nuestro cabezal de micr\u00f3fono unidireccional 9750, producido con un JFET de Panasonic, ofrece una alta relaci\u00f3n se\u00f1al-ruido, bajo ruido y excelente reproducci\u00f3n de sonido.<\/p>\n<h3 class=\"pt-5 text-start\">Circuito de prueba est\u00e1ndar<\/h3>\n<p><img loading=\"lazy\" decoding=\"async\" class=\"alignnone size-full wp-image-1243\" src=\"https:\/\/ecmicrophones.com\/wp-content\/uploads\/2024\/07\/standard-test-circuit_ecm-b9750mu48-3169.png\" alt=\"Circuito de prueba est\u00e1ndar\" width=\"534\" height=\"239\" srcset=\"https:\/\/ecmicrophones.com\/wp-content\/uploads\/2024\/07\/standard-test-circuit_ecm-b9750mu48-3169.png 534w, https:\/\/ecmicrophones.com\/wp-content\/uploads\/2024\/07\/standard-test-circuit_ecm-b9750mu48-3169-300x134.png 300w, https:\/\/ecmicrophones.com\/wp-content\/uploads\/2024\/07\/standard-test-circuit_ecm-b9750mu48-3169-18x8.png 18w\" sizes=\"auto, (max-width: 534px) 100vw, 534px\" \/><\/p>\n<p>\nCondiciones de prueba: RL = 680\u03a9, Vs = 1,5V, C = 1\u03bcF.\n<\/p>\n<h3 class=\"pt-5 text-start\">Respuesta de frecuencia t\u00edpica<\/h3>\n<p><img loading=\"lazy\" decoding=\"async\" class=\"alignnone size-full wp-image-1244\" src=\"https:\/\/ecmicrophones.com\/wp-content\/uploads\/2024\/07\/typical-frequency-response_ecm-b9750mu48-3169.png\" alt=\"Respuesta de frecuencia t\u00edpica\" width=\"537\" height=\"342\" srcset=\"https:\/\/ecmicrophones.com\/wp-content\/uploads\/2024\/07\/typical-frequency-response_ecm-b9750mu48-3169.png 537w, https:\/\/ecmicrophones.com\/wp-content\/uploads\/2024\/07\/typical-frequency-response_ecm-b9750mu48-3169-300x191.png 300w, https:\/\/ecmicrophones.com\/wp-content\/uploads\/2024\/07\/typical-frequency-response_ecm-b9750mu48-3169-18x12.png 18w\" sizes=\"auto, (max-width: 537px) 100vw, 537px\" \/><\/p>\n<p>\nRespuesta en frecuencia: 50 Hz-20 kHz, con subida suave y frecuencias medias estables para una voz clara y natural. Ligera ca\u00edda despu\u00e9s de 10 kHz para una escucha c\u00f3moda.\n<\/p>\n<h3 class=\"pt-5 text-start\">Dimensiones (UNIDAD: mm)<\/h3>\n<p><img loading=\"lazy\" decoding=\"async\" class=\"alignnone size-full wp-image-1245\" src=\"https:\/\/ecmicrophones.com\/wp-content\/uploads\/2024\/07\/appearance-dimension_ecm-b9750mu48-3169.png\" alt=\"Dimensi\u00f3n de apariencia\" width=\"515\" height=\"349\" srcset=\"https:\/\/ecmicrophones.com\/wp-content\/uploads\/2024\/07\/appearance-dimension_ecm-b9750mu48-3169.png 515w, https:\/\/ecmicrophones.com\/wp-content\/uploads\/2024\/07\/appearance-dimension_ecm-b9750mu48-3169-300x203.png 300w, https:\/\/ecmicrophones.com\/wp-content\/uploads\/2024\/07\/appearance-dimension_ecm-b9750mu48-3169-18x12.png 18w\" sizes=\"auto, (max-width: 515px) 100vw, 515px\" \/><\/p>\n<p>\nDimensiones de la c\u00e1psula del micr\u00f3fono: \u00d89,7 \u00d7 5 mm. Incorpora una malla antipolvo delantera y un orificio de entrada de sonido trasero.<\/p>","protected":false},"excerpt":{"rendered":"<p>La ECM-B9750MU48-3169 es una c\u00e1psula de micr\u00f3fono unidireccional de 9,7 \u00d7 5 mm, con una sensibilidad de -48 dB\u00b12 y una relaci\u00f3n se\u00f1al-ruido de 69 dB. Est\u00e1 dise\u00f1ada para su uso en micr\u00f3fonos de diadema.<\/p>","protected":false},"featured_media":2501,"comment_status":"open","ping_status":"closed","template":"","meta":[],"product_brand":[721],"product_cat":[16,21],"product_tag":[282,235,288],"class_list":{"0":"post-1241","1":"product","2":"type-product","3":"status-publish","4":"has-post-thumbnail","6":"product_brand-ecmic","7":"product_cat-electret-microphones","8":"product_cat-unidirectional-microphones","9":"product_tag-9-7mm","10":"product_tag-conference","11":"product_tag-solder-pads","13":"first","14":"instock","15":"shipping-taxable","16":"purchasable","17":"product-type-simple"},"_links":{"self":[{"href":"https:\/\/ecmicrophones.com\/es\/wp-json\/wp\/v2\/product\/1241","targetHints":{"allow":["GET"]}}],"collection":[{"href":"https:\/\/ecmicrophones.com\/es\/wp-json\/wp\/v2\/product"}],"about":[{"href":"https:\/\/ecmicrophones.com\/es\/wp-json\/wp\/v2\/types\/product"}],"replies":[{"embeddable":true,"href":"https:\/\/ecmicrophones.com\/es\/wp-json\/wp\/v2\/comments?post=1241"}],"wp:featuredmedia":[{"embeddable":true,"href":"https:\/\/ecmicrophones.com\/es\/wp-json\/wp\/v2\/media\/2501"}],"wp:attachment":[{"href":"https:\/\/ecmicrophones.com\/es\/wp-json\/wp\/v2\/media?parent=1241"}],"wp:term":[{"taxonomy":"product_brand","embeddable":true,"href":"https:\/\/ecmicrophones.com\/es\/wp-json\/wp\/v2\/product_brand?post=1241"},{"taxonomy":"product_cat","embeddable":true,"href":"https:\/\/ecmicrophones.com\/es\/wp-json\/wp\/v2\/product_cat?post=1241"},{"taxonomy":"product_tag","embeddable":true,"href":"https:\/\/ecmicrophones.com\/es\/wp-json\/wp\/v2\/product_tag?post=1241"}],"curies":[{"name":"wp","href":"https:\/\/api.w.org\/{rel}","templated":true}]}}