{"id":1260,"date":"2024-07-10T17:36:47","date_gmt":"2024-07-10T09:36:47","guid":{"rendered":"https:\/\/ecmicrophones.com\/?post_type=product&#038;p=1260"},"modified":"2026-03-19T15:46:15","modified_gmt":"2026-03-19T07:46:15","slug":"9-7mm-electret-condenser-microphone-element-for-lavalier-mics","status":"publish","type":"product","link":"https:\/\/ecmicrophones.com\/es\/9-7mm-electret-condenser-microphone-element-for-lavalier-mics\/","title":{"rendered":"Elemento de micr\u00f3fono de condensador Electret de 9,7 mm para micr\u00f3fonos Lavalier"},"content":{"rendered":"<h2 class=\"text-start\">Especificaciones t\u00e9cnicas<\/h2>\n<p class=\"text-start\">Nuestro cabezal de micr\u00f3fono de solapa 9750, una pastilla unidireccional de 9 mm, presenta alta sensibilidad, excelente calidad de sonido y efectiva reducci\u00f3n de ruido, cancelaci\u00f3n y resistencia a interferencias.<\/p>\n<h3 class=\"pt-5 text-start\">Circuito de prueba est\u00e1ndar<\/h3>\n<p> <img loading=\"lazy\" decoding=\"async\" src=\"https:\/\/ecmicrophones.com\/wp-content\/uploads\/2024\/07\/standard-test-circuit_ecm-b9750ul-sbn-44.png\" alt=\"Circuito de prueba est\u00e1ndar\" width=\"466\" height=\"181\" class=\"alignnone size-full wp-image-1788\" srcset=\"https:\/\/ecmicrophones.com\/wp-content\/uploads\/2024\/07\/standard-test-circuit_ecm-b9750ul-sbn-44.png 466w, https:\/\/ecmicrophones.com\/wp-content\/uploads\/2024\/07\/standard-test-circuit_ecm-b9750ul-sbn-44-300x117.png 300w, https:\/\/ecmicrophones.com\/wp-content\/uploads\/2024\/07\/standard-test-circuit_ecm-b9750ul-sbn-44-18x7.png 18w\" sizes=\"auto, (max-width: 466px) 100vw, 466px\" \/> <\/p>\n<p>Condiciones de prueba: Resistencia de carga (RL) = 680\u03a9, Tensi\u00f3n de alimentaci\u00f3n (VS) = 1,5V, Condensador de acoplamiento (C) = 1\u03bcF.<\/p>\n<h3 class=\"pt-5 text-start\">Respuesta de frecuencia t\u00edpica<\/h3>\n<p> <img loading=\"lazy\" decoding=\"async\" src=\"https:\/\/ecmicrophones.com\/wp-content\/uploads\/2024\/07\/typical-frequency-response_ecm-b9750ul-sbn-44.png\" alt=\"Respuesta de frecuencia t\u00edpica\" width=\"596\" height=\"184\" class=\"alignnone size-full wp-image-1789\" srcset=\"https:\/\/ecmicrophones.com\/wp-content\/uploads\/2024\/07\/typical-frequency-response_ecm-b9750ul-sbn-44.png 596w, https:\/\/ecmicrophones.com\/wp-content\/uploads\/2024\/07\/typical-frequency-response_ecm-b9750ul-sbn-44-300x93.png 300w, https:\/\/ecmicrophones.com\/wp-content\/uploads\/2024\/07\/typical-frequency-response_ecm-b9750ul-sbn-44-18x6.png 18w\" sizes=\"auto, (max-width: 596px) 100vw, 596px\" \/> <\/p>\n<p>Al abarcar de 100 Hz a 16 kHz, la curva proporciona una mayor claridad vocal a la vez que controla el ruido de fondo. Las frecuencias bajas ascendentes ayudan a reforzar el habla captada desde la posici\u00f3n a la altura del pecho.<\/p>\n<h3 class=\"pt-5 text-start\">Dimensiones (UNIDAD: mm)<\/h3>\n<p> <img loading=\"lazy\" decoding=\"async\" src=\"https:\/\/ecmicrophones.com\/wp-content\/uploads\/2024\/07\/appearance-dimension_ecm-b9750ul-sbn-44.png\" alt=\"Dimensi\u00f3n de apariencia\" width=\"290\" height=\"281\" class=\"alignnone size-full wp-image-1787\" srcset=\"https:\/\/ecmicrophones.com\/wp-content\/uploads\/2024\/07\/appearance-dimension_ecm-b9750ul-sbn-44.png 290w, https:\/\/ecmicrophones.com\/wp-content\/uploads\/2024\/07\/appearance-dimension_ecm-b9750ul-sbn-44-12x12.png 12w\" sizes=\"auto, (max-width: 290px) 100vw, 290px\" \/> <\/p>\n<p>Di\u00e1metro: 9,7 mm; altura: 5,0 mm. Malla antipolvo en la parte delantera; puerto de sonido en la parte trasera.<\/p>","protected":false},"excerpt":{"rendered":"<p>La ECM-B9750UL-SBN-44 es una c\u00e1psula de micr\u00f3fono unidireccional de 9,7 \u00d7 5 mm, con una sensibilidad de -44 dB \u00b1 3 y una relaci\u00f3n se\u00f1al\/ruido de 58 dB. Se utiliza principalmente en micr\u00f3fonos de solapa y de diadema, lo que garantiza un rendimiento confiable para aplicaciones de audio profesionales.<\/p>","protected":false},"featured_media":2506,"comment_status":"open","ping_status":"closed","template":"","meta":[],"product_brand":[721],"product_cat":[21,16],"product_tag":[282,235,288],"class_list":{"0":"post-1260","1":"product","2":"type-product","3":"status-publish","4":"has-post-thumbnail","6":"product_brand-ecmic","7":"product_cat-unidirectional-microphones","8":"product_cat-electret-microphones","9":"product_tag-9-7mm","10":"product_tag-conference","11":"product_tag-solder-pads","13":"first","14":"instock","15":"shipping-taxable","16":"purchasable","17":"product-type-simple"},"_links":{"self":[{"href":"https:\/\/ecmicrophones.com\/es\/wp-json\/wp\/v2\/product\/1260","targetHints":{"allow":["GET"]}}],"collection":[{"href":"https:\/\/ecmicrophones.com\/es\/wp-json\/wp\/v2\/product"}],"about":[{"href":"https:\/\/ecmicrophones.com\/es\/wp-json\/wp\/v2\/types\/product"}],"replies":[{"embeddable":true,"href":"https:\/\/ecmicrophones.com\/es\/wp-json\/wp\/v2\/comments?post=1260"}],"wp:featuredmedia":[{"embeddable":true,"href":"https:\/\/ecmicrophones.com\/es\/wp-json\/wp\/v2\/media\/2506"}],"wp:attachment":[{"href":"https:\/\/ecmicrophones.com\/es\/wp-json\/wp\/v2\/media?parent=1260"}],"wp:term":[{"taxonomy":"product_brand","embeddable":true,"href":"https:\/\/ecmicrophones.com\/es\/wp-json\/wp\/v2\/product_brand?post=1260"},{"taxonomy":"product_cat","embeddable":true,"href":"https:\/\/ecmicrophones.com\/es\/wp-json\/wp\/v2\/product_cat?post=1260"},{"taxonomy":"product_tag","embeddable":true,"href":"https:\/\/ecmicrophones.com\/es\/wp-json\/wp\/v2\/product_tag?post=1260"}],"curies":[{"name":"wp","href":"https:\/\/api.w.org\/{rel}","templated":true}]}}