{"id":130,"date":"2024-03-27T11:26:14","date_gmt":"2024-03-27T11:26:14","guid":{"rendered":"https:\/\/ecmicrophones.com\/?post_type=product&#038;p=130"},"modified":"2026-03-19T15:41:09","modified_gmt":"2026-03-19T07:41:09","slug":"omnidirectional-electret-microphone-capsule-6mm","status":"publish","type":"product","link":"https:\/\/ecmicrophones.com\/es\/omnidirectional-electret-microphone-capsule-6mm\/","title":{"rendered":"C\u00e1psula de micr\u00f3fono electret omnidireccional de 6 mm con clavijas"},"content":{"rendered":"<h2 class=\"text-start\">Especificaciones t\u00e9cnicas<\/h2>\n<p class=\"text-start\">Nuestro cabezal de micr\u00f3fono enchufable 6050 es un transductor electret omnidireccional que cuenta con capacitores duales incorporados para un blindaje eficaz contra interferencias de RF. Se fabrica con JFET importado y materiales ecol\u00f3gicos, lo que garantiza un alto rendimiento y sostenibilidad.<\/p>\n<h3 class=\"pt-5 text-start\">Circuito de prueba est\u00e1ndar<\/h3>\n<p> <img loading=\"lazy\" decoding=\"async\" class=\"alignnone size-full wp-image-275\" src=\"https:\/\/ecmicrophones.com\/wp-content\/uploads\/2024\/03\/standard-test-circuit_ecm-b6050ap40-069.png\" alt=\"Circuito de prueba est\u00e1ndar\" width=\"543\" height=\"237\" srcset=\"https:\/\/ecmicrophones.com\/wp-content\/uploads\/2024\/03\/standard-test-circuit_ecm-b6050ap40-069.png 543w, https:\/\/ecmicrophones.com\/wp-content\/uploads\/2024\/03\/standard-test-circuit_ecm-b6050ap40-069-300x131.png 300w, https:\/\/ecmicrophones.com\/wp-content\/uploads\/2024\/03\/standard-test-circuit_ecm-b6050ap40-069-18x8.png 18w\" sizes=\"auto, (max-width: 543px) 100vw, 543px\" \/> <\/p>\n<p>Condiciones de prueba: RL = 2,2k\u03a9, Vs = 2V, C = 1\u03bcF<\/p>\n<h3 class=\"pt-5 text-start\">Respuesta de frecuencia t\u00edpica<\/h3>\n<p> <img loading=\"lazy\" decoding=\"async\" class=\"alignnone size-full wp-image-276\" src=\"https:\/\/ecmicrophones.com\/wp-content\/uploads\/2024\/03\/typical-frequency-response_ecm-b6050ap40-069.png\" alt=\"Respuesta de frecuencia t\u00edpica\" width=\"397\" height=\"284\" srcset=\"https:\/\/ecmicrophones.com\/wp-content\/uploads\/2024\/03\/typical-frequency-response_ecm-b6050ap40-069.png 397w, https:\/\/ecmicrophones.com\/wp-content\/uploads\/2024\/03\/typical-frequency-response_ecm-b6050ap40-069-300x215.png 300w, https:\/\/ecmicrophones.com\/wp-content\/uploads\/2024\/03\/typical-frequency-response_ecm-b6050ap40-069-18x12.png 18w\" sizes=\"auto, (max-width: 397px) 100vw, 397px\" \/> <\/p>\n<p>La respuesta en frecuencia abarca de 50 Hz a 20 kHz. Permanece plana de 50 Hz a 3 kHz, luego aumenta entre 3 kHz y 6 kHz para mejorar la presencia vocal. A partir de 6 kHz, la respuesta empieza a disminuir de forma constante hacia frecuencias m\u00e1s altas.<\/p>\n<h3 class=\"pt-5 text-start\">Dimensiones (UNIDAD: mm)<\/h3>\n<p> <img loading=\"lazy\" decoding=\"async\" class=\"alignnone size-full wp-image-277\" src=\"https:\/\/ecmicrophones.com\/wp-content\/uploads\/2024\/03\/appearance-dimension_ecm-b6050ap40-069.png\" alt=\"Dimensi\u00f3n de apariencia\" width=\"238\" height=\"395\" srcset=\"https:\/\/ecmicrophones.com\/wp-content\/uploads\/2024\/03\/appearance-dimension_ecm-b6050ap40-069.png 238w, https:\/\/ecmicrophones.com\/wp-content\/uploads\/2024\/03\/appearance-dimension_ecm-b6050ap40-069-181x300.png 181w, https:\/\/ecmicrophones.com\/wp-content\/uploads\/2024\/03\/appearance-dimension_ecm-b6050ap40-069-7x12.png 7w\" sizes=\"auto, (max-width: 238px) 100vw, 238px\" \/> <\/p>\n<p>Dimensiones de la c\u00e1psula: 6,0 mm de di\u00e1metro \u00d7 5,0 mm de altura. La cara frontal presenta una malla antipolvo, mientras que la trasera est\u00e1 sellada sin puerto ac\u00fastico. Equipada con clavijas de 4,5 mm, con una separaci\u00f3n de 1,9 mm.<\/p>","protected":false},"excerpt":{"rendered":"<p>La ECM-B6050AP40-069 es una c\u00e1psula de micr\u00f3fono electret omnidireccional de 6 x 5 mm con 2 pines, sensibilidad de -40 dB \u00b1 2 y relaci\u00f3n se\u00f1al\/ruido de 60 dB. Ideal para captadores de instrumentos, medidores de ruido, walkie-talkies y grabaciones con micr\u00f3fonos de solapa.<\/p>","protected":false},"featured_media":2573,"comment_status":"open","ping_status":"closed","template":"","meta":[],"product_brand":[721],"product_cat":[16,20],"product_tag":[283,229,291],"class_list":{"0":"post-130","1":"product","2":"type-product","3":"status-publish","4":"has-post-thumbnail","6":"product_brand-ecmic","7":"product_cat-electret-microphones","8":"product_cat-omnidirectional-microphones","9":"product_tag-6mm","10":"product_tag-equipment","11":"product_tag-pin-type","13":"first","14":"instock","15":"shipping-taxable","16":"purchasable","17":"product-type-simple"},"_links":{"self":[{"href":"https:\/\/ecmicrophones.com\/es\/wp-json\/wp\/v2\/product\/130","targetHints":{"allow":["GET"]}}],"collection":[{"href":"https:\/\/ecmicrophones.com\/es\/wp-json\/wp\/v2\/product"}],"about":[{"href":"https:\/\/ecmicrophones.com\/es\/wp-json\/wp\/v2\/types\/product"}],"replies":[{"embeddable":true,"href":"https:\/\/ecmicrophones.com\/es\/wp-json\/wp\/v2\/comments?post=130"}],"wp:featuredmedia":[{"embeddable":true,"href":"https:\/\/ecmicrophones.com\/es\/wp-json\/wp\/v2\/media\/2573"}],"wp:attachment":[{"href":"https:\/\/ecmicrophones.com\/es\/wp-json\/wp\/v2\/media?parent=130"}],"wp:term":[{"taxonomy":"product_brand","embeddable":true,"href":"https:\/\/ecmicrophones.com\/es\/wp-json\/wp\/v2\/product_brand?post=130"},{"taxonomy":"product_cat","embeddable":true,"href":"https:\/\/ecmicrophones.com\/es\/wp-json\/wp\/v2\/product_cat?post=130"},{"taxonomy":"product_tag","embeddable":true,"href":"https:\/\/ecmicrophones.com\/es\/wp-json\/wp\/v2\/product_tag?post=130"}],"curies":[{"name":"wp","href":"https:\/\/api.w.org\/{rel}","templated":true}]}}