{"id":137,"date":"2024-03-27T11:31:34","date_gmt":"2024-03-27T11:31:34","guid":{"rendered":"https:\/\/ecmicrophones.com\/?post_type=product&#038;p=137"},"modified":"2026-03-19T15:41:21","modified_gmt":"2026-03-19T07:41:21","slug":"10mm-omnidirectional-electret-condenser-microphone-capsule-for-vocal-recording","status":"publish","type":"product","link":"https:\/\/ecmicrophones.com\/es\/10mm-omnidirectional-electret-condenser-microphone-capsule-for-vocal-recording\/","title":{"rendered":"C\u00e1psula de micr\u00f3fono de condensador electret omnidireccional de 10 mm para grabaci\u00f3n vocal"},"content":{"rendered":"<h2 class=\"text-start\">Especificaciones t\u00e9cnicas<\/h2>\n<p class=\"text-start\">Con una tasa de distorsi\u00f3n de \u22641% y una relaci\u00f3n se\u00f1al-ruido de 76dB, nuestro cabezal de micr\u00f3fono de estudio 1045 ofrece bajo nivel de ruido y alta fidelidad, lo que lo hace perfecto para grabaciones de estudio.<\/p>\n<h3 class=\"pt-5 text-start\">Circuito de prueba est\u00e1ndar<\/h3>\n<p><img loading=\"lazy\" decoding=\"async\" class=\"alignnone size-full wp-image-279\" src=\"https:\/\/ecmicrophones.com\/wp-content\/uploads\/2024\/03\/standard-test-circuit_ecm-b1045aml36-061.png\" alt=\"ECM-B1045AML36 Circuito de prueba: 15k\u03a9 de polarizaci\u00f3n, 2V de alimentaci\u00f3n, 1\u03bcF de salida.\" width=\"480\" height=\"211\" srcset=\"https:\/\/ecmicrophones.com\/wp-content\/uploads\/2024\/03\/standard-test-circuit_ecm-b1045aml36-061.png 480w, https:\/\/ecmicrophones.com\/wp-content\/uploads\/2024\/03\/standard-test-circuit_ecm-b1045aml36-061-300x132.png 300w, https:\/\/ecmicrophones.com\/wp-content\/uploads\/2024\/03\/standard-test-circuit_ecm-b1045aml36-061-18x8.png 18w\" sizes=\"auto, (max-width: 480px) 100vw, 480px\" \/><\/p>\n<p>Resistencia de polarizaci\u00f3n de 15k\u03a9, alimentaci\u00f3n de 2V CC, condensador de salida de 1\u03bcF. Configuraci\u00f3n de micr\u00f3fono de alta impedancia.<\/p>\n<h3 class=\"pt-5 text-start\">Respuesta de frecuencia t\u00edpica<\/h3>\n<p><img loading=\"lazy\" decoding=\"async\" class=\"alignnone size-full wp-image-280\" src=\"https:\/\/ecmicrophones.com\/wp-content\/uploads\/2024\/03\/typical-frequency-response_ecm-b1045aml36-061.png\" alt=\"ECM-B1045AML36 Respuesta en frecuencia\" width=\"397\" height=\"284\" srcset=\"https:\/\/ecmicrophones.com\/wp-content\/uploads\/2024\/03\/typical-frequency-response_ecm-b1045aml36-061.png 397w, https:\/\/ecmicrophones.com\/wp-content\/uploads\/2024\/03\/typical-frequency-response_ecm-b1045aml36-061-300x215.png 300w, https:\/\/ecmicrophones.com\/wp-content\/uploads\/2024\/03\/typical-frequency-response_ecm-b1045aml36-061-18x12.png 18w\" sizes=\"auto, (max-width: 397px) 100vw, 397px\" \/><\/p>\n<p>Ca\u00edda de medios (4-5 kHz) seguida de aumento de presencia (5-8 kHz) y ca\u00edda de agudos.<\/p>\n<h3 class=\"pt-5 text-start\">Dimensiones (Unidad: mm)<\/h3>\n<p><img loading=\"lazy\" decoding=\"async\" class=\"alignnone size-full wp-image-281\" src=\"https:\/\/ecmicrophones.com\/wp-content\/uploads\/2024\/03\/appearance-dimension_ecm-b1045aml36-061.png\" alt=\"ECM-B1045AML36 Dimensiones: \u03a610\u00d74,5mm dise\u00f1o sellado\" width=\"545\" height=\"368\" srcset=\"https:\/\/ecmicrophones.com\/wp-content\/uploads\/2024\/03\/appearance-dimension_ecm-b1045aml36-061.png 545w, https:\/\/ecmicrophones.com\/wp-content\/uploads\/2024\/03\/appearance-dimension_ecm-b1045aml36-061-300x203.png 300w, https:\/\/ecmicrophones.com\/wp-content\/uploads\/2024\/03\/appearance-dimension_ecm-b1045aml36-061-18x12.png 18w\" sizes=\"auto, (max-width: 545px) 100vw, 545px\" \/><\/p>\n<p>Carcasa compacta de \u03a610\u00d74,5 mm con malla antipolvo frontal (parte trasera sin puertos).<\/p>","protected":false},"excerpt":{"rendered":"<p>La ECM-B1045AML36-061 es una c\u00e1psula de micr\u00f3fono omnidireccional de 10 \u00d7 4,5 mm dise\u00f1ada para configuraciones de grabaci\u00f3n de estudio y entornos de grabaci\u00f3n de voz, con una sensibilidad de -36 dB \u00b1 2 y una relaci\u00f3n se\u00f1al\/ruido de 76 dB.<\/p>","protected":false},"featured_media":2517,"comment_status":"open","ping_status":"closed","template":"","meta":[],"product_brand":[721],"product_cat":[16,20],"product_tag":[281,288,116],"class_list":{"0":"post-137","1":"product","2":"type-product","3":"status-publish","4":"has-post-thumbnail","6":"product_brand-ecmic","7":"product_cat-electret-microphones","8":"product_cat-omnidirectional-microphones","9":"product_tag-10mm","10":"product_tag-solder-pads","11":"product_tag-vocal","13":"first","14":"instock","15":"shipping-taxable","16":"purchasable","17":"product-type-simple"},"_links":{"self":[{"href":"https:\/\/ecmicrophones.com\/es\/wp-json\/wp\/v2\/product\/137","targetHints":{"allow":["GET"]}}],"collection":[{"href":"https:\/\/ecmicrophones.com\/es\/wp-json\/wp\/v2\/product"}],"about":[{"href":"https:\/\/ecmicrophones.com\/es\/wp-json\/wp\/v2\/types\/product"}],"replies":[{"embeddable":true,"href":"https:\/\/ecmicrophones.com\/es\/wp-json\/wp\/v2\/comments?post=137"}],"wp:featuredmedia":[{"embeddable":true,"href":"https:\/\/ecmicrophones.com\/es\/wp-json\/wp\/v2\/media\/2517"}],"wp:attachment":[{"href":"https:\/\/ecmicrophones.com\/es\/wp-json\/wp\/v2\/media?parent=137"}],"wp:term":[{"taxonomy":"product_brand","embeddable":true,"href":"https:\/\/ecmicrophones.com\/es\/wp-json\/wp\/v2\/product_brand?post=137"},{"taxonomy":"product_cat","embeddable":true,"href":"https:\/\/ecmicrophones.com\/es\/wp-json\/wp\/v2\/product_cat?post=137"},{"taxonomy":"product_tag","embeddable":true,"href":"https:\/\/ecmicrophones.com\/es\/wp-json\/wp\/v2\/product_tag?post=137"}],"curies":[{"name":"wp","href":"https:\/\/api.w.org\/{rel}","templated":true}]}}