{"id":152,"date":"2024-03-27T11:41:05","date_gmt":"2024-03-27T11:41:05","guid":{"rendered":"https:\/\/ecmicrophones.com\/?post_type=product&#038;p=152"},"modified":"2026-03-19T15:41:40","modified_gmt":"2026-03-19T07:41:40","slug":"5-8mm-omnidirectional-electret-microphone-element-for-instruments","status":"publish","type":"product","link":"https:\/\/ecmicrophones.com\/es\/5-8mm-omnidirectional-electret-microphone-element-for-instruments\/","title":{"rendered":"Elemento de micr\u00f3fono electret omnidireccional de 5,8 mm para instrumentos"},"content":{"rendered":"<h2 class=\"text-start\">Especificaciones t\u00e9cnicas<\/h2>\n<p class=\"text-start\">Dise\u00f1ado espec\u00edficamente para la captaci\u00f3n de instrumentos, nuestro cabezal de micr\u00f3fono 5820 cuenta con una tasa de distorsi\u00f3n de 120dB THD\u22641% y una relaci\u00f3n se\u00f1al-ruido de 73dB, brindando un sonido Hi-Fi con un ruido m\u00ednimo.<\/p>\n<h3 class=\"pt-5 text-start\">Circuito de prueba est\u00e1ndar<\/h3>\n<p><img loading=\"lazy\" decoding=\"async\" class=\"alignnone size-full wp-image-289\" src=\"https:\/\/ecmicrophones.com\/wp-content\/uploads\/2024\/03\/standard-test-circuit_ecm-b5820aml40-522.png\" alt=\"ECM-B5820AML40-522 Circuito de prueba est\u00e1ndar: 15k\u03a9 de polarizaci\u00f3n, 2V de alimentaci\u00f3n, 1\u03bcF de salida.\" width=\"479\" height=\"230\" srcset=\"https:\/\/ecmicrophones.com\/wp-content\/uploads\/2024\/03\/standard-test-circuit_ecm-b5820aml40-522.png 479w, https:\/\/ecmicrophones.com\/wp-content\/uploads\/2024\/03\/standard-test-circuit_ecm-b5820aml40-522-300x144.png 300w, https:\/\/ecmicrophones.com\/wp-content\/uploads\/2024\/03\/standard-test-circuit_ecm-b5820aml40-522-18x9.png 18w\" sizes=\"auto, (max-width: 479px) 100vw, 479px\" \/><\/p>\n<p>Probado con una resistencia de polarizaci\u00f3n de 15k\u03a9, fuente de alimentaci\u00f3n de 2V CC y condensador de salida de 1\u03bcF.<\/p>\n<h3 class=\"pt-5 text-start\">Respuesta de frecuencia t\u00edpica<\/h3>\n<p><img loading=\"lazy\" decoding=\"async\" class=\"alignnone size-full wp-image-287\" src=\"https:\/\/ecmicrophones.com\/wp-content\/uploads\/2024\/03\/typical-frequency-response_ecm-b5820aml40-522.png\" alt=\"ECM-B5820AML40-522 Curva de respuesta en frecuencia\" width=\"397\" height=\"284\" srcset=\"https:\/\/ecmicrophones.com\/wp-content\/uploads\/2024\/03\/typical-frequency-response_ecm-b5820aml40-522.png 397w, https:\/\/ecmicrophones.com\/wp-content\/uploads\/2024\/03\/typical-frequency-response_ecm-b5820aml40-522-300x215.png 300w, https:\/\/ecmicrophones.com\/wp-content\/uploads\/2024\/03\/typical-frequency-response_ecm-b5820aml40-522-18x12.png 18w\" sizes=\"auto, (max-width: 397px) 100vw, 397px\" \/><\/p>\n<p>La respuesta en frecuencia va de 50 Hz a 20 kHz con una curva general suave y fluctuaciones m\u00ednimas.<\/p>\n<h3 class=\"pt-5 text-start\">Dimensiones (UNIDAD: mm)<\/h3>\n<p><img loading=\"lazy\" decoding=\"async\" class=\"alignnone size-full wp-image-288\" src=\"https:\/\/ecmicrophones.com\/wp-content\/uploads\/2024\/03\/appearance-dimension_ecm-b5820aml40-522.png\" alt=\"Dimensiones de ECM-B5820AML40-522: \u03a65.8\u00d72.0mm\" width=\"492\" height=\"377\" srcset=\"https:\/\/ecmicrophones.com\/wp-content\/uploads\/2024\/03\/appearance-dimension_ecm-b5820aml40-522.png 492w, https:\/\/ecmicrophones.com\/wp-content\/uploads\/2024\/03\/appearance-dimension_ecm-b5820aml40-522-300x230.png 300w, https:\/\/ecmicrophones.com\/wp-content\/uploads\/2024\/03\/appearance-dimension_ecm-b5820aml40-522-16x12.png 16w\" sizes=\"auto, (max-width: 492px) 100vw, 492px\" \/><\/p>\n<p>C\u00e1psula compacta con dimensiones \u03a65,8 \u00d7 2,0 mm y un dise\u00f1o trasero sellado sin aberturas traseras.<\/p>","protected":false},"excerpt":{"rendered":"<p>La ECM-B5820AML40-522 es una c\u00e1psula de micr\u00f3fono omnidireccional de 5,8 \u00d7 2 mm ideal para grabaciones ac\u00fasticas y aplicaciones de captaci\u00f3n de instrumentos. Presenta una sensibilidad de -40 dB \u00b1 2 y una relaci\u00f3n se\u00f1al\/ruido de 73 dB, lo que garantiza una captura de audio de alta calidad.<\/p>","protected":false},"featured_media":2553,"comment_status":"open","ping_status":"closed","template":"","meta":[],"product_brand":[721],"product_cat":[16,20],"product_tag":[286,111,288],"class_list":{"0":"post-152","1":"product","2":"type-product","3":"status-publish","4":"has-post-thumbnail","6":"product_brand-ecmic","7":"product_cat-electret-microphones","8":"product_cat-omnidirectional-microphones","9":"product_tag-5-8mm","10":"product_tag-instrument","11":"product_tag-solder-pads","13":"first","14":"instock","15":"shipping-taxable","16":"purchasable","17":"product-type-simple"},"_links":{"self":[{"href":"https:\/\/ecmicrophones.com\/es\/wp-json\/wp\/v2\/product\/152","targetHints":{"allow":["GET"]}}],"collection":[{"href":"https:\/\/ecmicrophones.com\/es\/wp-json\/wp\/v2\/product"}],"about":[{"href":"https:\/\/ecmicrophones.com\/es\/wp-json\/wp\/v2\/types\/product"}],"replies":[{"embeddable":true,"href":"https:\/\/ecmicrophones.com\/es\/wp-json\/wp\/v2\/comments?post=152"}],"wp:featuredmedia":[{"embeddable":true,"href":"https:\/\/ecmicrophones.com\/es\/wp-json\/wp\/v2\/media\/2553"}],"wp:attachment":[{"href":"https:\/\/ecmicrophones.com\/es\/wp-json\/wp\/v2\/media?parent=152"}],"wp:term":[{"taxonomy":"product_brand","embeddable":true,"href":"https:\/\/ecmicrophones.com\/es\/wp-json\/wp\/v2\/product_brand?post=152"},{"taxonomy":"product_cat","embeddable":true,"href":"https:\/\/ecmicrophones.com\/es\/wp-json\/wp\/v2\/product_cat?post=152"},{"taxonomy":"product_tag","embeddable":true,"href":"https:\/\/ecmicrophones.com\/es\/wp-json\/wp\/v2\/product_tag?post=152"}],"curies":[{"name":"wp","href":"https:\/\/api.w.org\/{rel}","templated":true}]}}